{"id":237362,"date":"2021-01-16T20:37:34","date_gmt":"2021-01-16T19:37:34","guid":{"rendered":"https:\/\/www.feuillerage.ch\/kontakt\/"},"modified":"2025-11-19T13:03:01","modified_gmt":"2025-11-19T12:03:01","slug":"kontakt","status":"publish","type":"page","link":"https:\/\/www.feuillerage.ch\/de\/kontakt\/","title":{"rendered":"Kontakt"},"content":{"rendered":"<p>[et_pb_section fb_built=&#8220;1&#8243; admin_label=&#8220;Contact Us&#8220; _builder_version=&#8220;4.16&#8243; background_color=&#8220;rgba(0,0,0,0.75)&#8220; background_image=&#8220;https:\/\/www.feuillerage.ch\/wp-content\/uploads\/2019\/01\/15042014-DSC_2155.jpg&#8220; background_blend=&#8220;color&#8220; custom_padding=&#8220;100px|0px|100px|0px&#8220; filter_saturate=&#8220;122%&#8220; filter_brightness=&#8220;119%&#8220; filter_opacity=&#8220;92%&#8220; locked=&#8220;off&#8220; collapsed=&#8220;off&#8220; global_colors_info=&#8220;{}&#8220;][et_pb_row _builder_version=&#8220;4.21.0&#8243; _module_preset=&#8220;default&#8220; global_colors_info=&#8220;{}&#8220;][et_pb_column type=&#8220;4_4&#8243; _builder_version=&#8220;4.21.0&#8243; _module_preset=&#8220;default&#8220; global_colors_info=&#8220;{}&#8220;][et_pb_text _builder_version=&#8220;4.21.0&#8243; _module_preset=&#8220;default&#8220; global_colors_info=&#8220;{}&#8220;]<\/p>\n<h1>Kontaktieren Sie uns<\/h1>\n<p>[\/et_pb_text][\/et_pb_column][\/et_pb_row][et_pb_row column_structure=&#8220;1_2,1_2&#8243; make_equal=&#8220;on&#8220; _builder_version=&#8220;4.16&#8243; background_size=&#8220;initial&#8220; background_position=&#8220;top_left&#8220; background_repeat=&#8220;repeat&#8220; max_width=&#8220;1280px&#8220; max_width_tablet=&#8220;2560%&#8220; max_width_phone=&#8220;&#8220; max_width_last_edited=&#8220;on|tablet&#8220; custom_margin=&#8220;|||&#8220; custom_padding=&#8220;|||&#8220; use_custom_width=&#8220;on&#8220; custom_width_px=&#8220;1280px&#8220; global_colors_info=&#8220;{}&#8220;][et_pb_column type=&#8220;1_2&#8243; _builder_version=&#8220;4.16&#8243; background_color=&#8220;#1f1f1f&#8220; custom_padding=&#8220;100px|5%|100px|5%&#8220; custom_padding_tablet=&#8220;&#8220; custom_padding_phone=&#8220;50px||||false|false&#8220; custom_padding_last_edited=&#8220;on|desktop&#8220; global_colors_info=&#8220;{}&#8220; custom_padding__hover=&#8220;|||&#8220;][et_pb_text _builder_version=&#8220;4.16&#8243; header_3_text_align=&#8220;center&#8220; header_3_font_size_tablet=&#8220;&#8220; header_3_font_size_phone=&#8220;50px&#8220; header_3_font_size_last_edited=&#8220;on|desktop&#8220; global_colors_info=&#8220;{}&#8220;]<\/p>\n<h3>\u00d6ffnungszeiten<\/h3>\n<p>[\/et_pb_text][et_pb_text _builder_version=&#8220;4.16&#8243; text_font=&#8220;Montserrat||||&#8220; text_text_color=&#8220;#ffffff&#8220; text_font_size=&#8220;15px&#8220; text_letter_spacing=&#8220;1px&#8220; text_line_height=&#8220;1.9em&#8220; background_size=&#8220;initial&#8220; background_position=&#8220;top_left&#8220; background_repeat=&#8220;repeat&#8220; text_orientation=&#8220;center&#8220; module_alignment=&#8220;center&#8220; custom_margin=&#8220;12px||12px|&#8220; animation_style=&#8220;zoom&#8220; animation_intensity_zoom=&#8220;20%&#8220; global_colors_info=&#8220;{}&#8220;]<\/p>\n<p><strong>Montag &#8211; Donnerstag<br \/><\/strong><span style=\"font-size: 15px\">17:00 \u2013 18:30<br \/><\/span><\/p>\n<p>[\/et_pb_text][et_pb_divider show_divider=&#8220;off&#8220; disabled_on=&#8220;on|on|off%22%22%22%22&#8243; _builder_version=&#8220;4.16&#8243; max_width=&#8220;400px&#8220; module_alignment=&#8220;center&#8220; height=&#8220;2px&#8220; custom_margin=&#8220;||0px|&#8220; custom_padding=&#8220;|||&#8220; animation_style=&#8220;zoom&#8220; animation_intensity_zoom=&#8220;20%&#8220; global_colors_info=&#8220;{}&#8220;]<\/p>\n<p>[\/et_pb_divider][et_pb_text _builder_version=&#8220;4.16&#8243; text_font=&#8220;Montserrat||||&#8220; text_text_color=&#8220;#ffffff&#8220; text_font_size=&#8220;15px&#8220; text_letter_spacing=&#8220;1px&#8220; text_line_height=&#8220;1.9em&#8220; background_size=&#8220;initial&#8220; background_position=&#8220;top_left&#8220; background_repeat=&#8220;repeat&#8220; text_orientation=&#8220;center&#8220; module_alignment=&#8220;center&#8220; custom_margin=&#8220;12px||12px|&#8220; animation_style=&#8220;zoom&#8220; animation_intensity_zoom=&#8220;20%&#8220; locked=&#8220;off&#8220; global_colors_info=&#8220;{}&#8220;]<\/p>\n<p><strong>Freitag<br \/><\/strong><span style=\"font-size: 15px\">17:00 \u2013 19:00<br \/><\/span><\/p>\n<p>[\/et_pb_text][et_pb_divider show_divider=&#8220;off&#8220; disabled_on=&#8220;on|on|off%22%22%22%22&#8243; _builder_version=&#8220;4.16&#8243; max_width=&#8220;400px&#8220; module_alignment=&#8220;center&#8220; height=&#8220;2px&#8220; custom_margin=&#8220;||0px|&#8220; custom_padding=&#8220;|||&#8220; animation_style=&#8220;zoom&#8220; animation_intensity_zoom=&#8220;20%&#8220; locked=&#8220;off&#8220; global_colors_info=&#8220;{}&#8220;]<\/p>\n<p>[\/et_pb_divider][et_pb_text _builder_version=&#8220;4.16&#8243; text_font=&#8220;Montserrat||||&#8220; text_text_color=&#8220;#ffffff&#8220; text_font_size=&#8220;15px&#8220; text_letter_spacing=&#8220;1px&#8220; text_line_height=&#8220;1.9em&#8220; background_size=&#8220;initial&#8220; background_position=&#8220;top_left&#8220; background_repeat=&#8220;repeat&#8220; text_orientation=&#8220;center&#8220; module_alignment=&#8220;center&#8220; custom_margin=&#8220;12px||12px|&#8220; animation_style=&#8220;zoom&#8220; animation_intensity_zoom=&#8220;20%&#8220; locked=&#8220;off&#8220; global_colors_info=&#8220;{}&#8220;]<\/p>\n<p><span style=\"font-size: 15px\"><b>Samestag<br \/><\/b><\/span><span style=\"font-size: 15px\">09:00 &#8211; 13:00<br \/><\/span><\/p>\n<p>[\/et_pb_text][et_pb_text _builder_version=&#8220;4.16&#8243; text_font=&#8220;||||||||&#8220; text_text_color=&#8220;#d6d6d6&#8243; global_colors_info=&#8220;{}&#8220;]<\/p>\n<p>Wir begr\u00fc\u00dfen Sie auch au\u00dferhalb dieser \u00d6ffnungszeiten. Mit dem untenstehenden Formular k\u00f6nnen Sie einen Besuchstermin anfragen. Wir werden Sie kontaktieren, um unsere Verf\u00fcgbarkeit zu best\u00e4tigen.<\/p>\n<p>[\/et_pb_text][et_pb_text _builder_version=&#8220;4.16&#8243; text_font=&#8220;|700|||||||&#8220; text_text_color=&#8220;#ffffff&#8220; header_2_font_size=&#8220;23px&#8220; global_colors_info=&#8220;{}&#8220;]<\/p>\n<h2>Termin anfragen<\/h2>\n<p>[\/et_pb_text][\/et_pb_column][et_pb_column type=&#8220;1_2&#8243; _builder_version=&#8220;4.16&#8243; background_color=&#8220;#1f1f1f&#8220; custom_padding=&#8220;100px|5%|100px|5%&#8220; custom_padding_tablet=&#8220;99px|4%|102px|4%|false|true&#8220; custom_padding_phone=&#8220;50px||||false|false&#8220; custom_padding_last_edited=&#8220;on|desktop&#8220; global_colors_info=&#8220;{}&#8220; custom_padding__hover=&#8220;|||&#8220;][et_pb_signup mailchimp_list=&#8220;winemaker|e9c091bc3d&#8220; first_name_field=&#8220;off&#8220; last_name_field=&#8220;off&#8220; use_custom_fields=&#8220;on&#8220; success_message=&#8220;Vielen Dank f\u00fcr Ihre Anmeldung.&#8220; title=&#8220;Unser Newsletter&#8220; button_text=&#8220;Anmeldung&#8220; description=&#8220;<\/p>\n<p>Lassen Sie uns in Kontakt bleiben. Abonnieren Sie unseren Newsletter, um Informationen \u00fcber unsere Veranstaltungen, Aktionen und Neuigkeiten zu erhalten.<\/p>\n<p>&#8220; first_name_fullwidth_tablet=&#8220;on&#8220; first_name_fullwidth_phone=&#8220;&#8220; first_name_fullwidth_last_edited=&#8220;on|tablet&#8220; disabled_on=&#8220;off|on|off&#8220; _builder_version=&#8220;4.16&#8243; form_field_background_color=&#8220;#111111&#8243; form_field_text_color=&#8220;#ffffff&#8220; form_field_focus_background_color=&#8220;#111111&#8243; form_field_focus_text_color=&#8220;#ffffff&#8220; header_level=&#8220;h3&#8243; header_text_color=&#8220;#d6a775&#8243; body_font=&#8220;Montserrat||||&#8220; body_text_color=&#8220;rgba(255,255,255,0.8)&#8220; body_line_height=&#8220;1.8em&#8220; use_background_color=&#8220;off&#8220; custom_button=&#8220;on&#8220; button_text_size=&#8220;15px&#8220; button_text_color=&#8220;#ffffff&#8220; button_bg_color=&#8220;#c39d63&#8243; button_border_width=&#8220;3px&#8220; button_border_color=&#8220;#c39d63&#8243; button_border_radius=&#8220;0px&#8220; button_letter_spacing=&#8220;2px&#8220; button_font=&#8220;Montserrat|||on|&#8220; button_use_icon=&#8220;off&#8220; text_orientation=&#8220;center&#8220; max_width_tablet=&#8220;100%&#8220; max_width_phone=&#8220;&#8220; max_width_last_edited=&#8220;on|desktop&#8220; custom_margin=&#8220;|||&#8220; custom_margin_tablet=&#8220;|0px||0px|false|true&#8220; custom_margin_phone=&#8220;&#8220; custom_margin_last_edited=&#8220;on|desktop&#8220; custom_padding=&#8220;|||&#8220; custom_padding_tablet=&#8220;|||0px|false|false&#8220; custom_padding_phone=&#8220;&#8220; custom_padding_last_edited=&#8220;on|desktop&#8220; result_message_font_size_tablet=&#8220;51&#8243; result_message_line_height_tablet=&#8220;2&#8243; border_radii_fields=&#8220;on||||&#8220; button_border_radius_hover=&#8220;0px&#8220; button_letter_spacing_hover=&#8220;2px&#8220; focus_background_color=&#8220;#111111&#8243; focus_text_color=&#8220;#ffffff&#8220; global_colors_info=&#8220;{}&#8220; button_text_size__hover_enabled=&#8220;off&#8220; button_one_text_size__hover_enabled=&#8220;off&#8220; button_two_text_size__hover_enabled=&#8220;off&#8220; button_text_color__hover_enabled=&#8220;off&#8220; button_one_text_color__hover_enabled=&#8220;off&#8220; button_two_text_color__hover_enabled=&#8220;off&#8220; button_border_width__hover_enabled=&#8220;off&#8220; button_one_border_width__hover_enabled=&#8220;off&#8220; button_two_border_width__hover_enabled=&#8220;off&#8220; button_border_color__hover_enabled=&#8220;off&#8220; button_one_border_color__hover_enabled=&#8220;off&#8220; button_two_border_color__hover_enabled=&#8220;off&#8220; button_border_radius__hover_enabled=&#8220;on&#8220; button_border_radius__hover=&#8220;0px&#8220; button_one_border_radius__hover_enabled=&#8220;off&#8220; button_two_border_radius__hover_enabled=&#8220;off&#8220; button_letter_spacing__hover_enabled=&#8220;on&#8220; button_letter_spacing__hover=&#8220;2px&#8220; button_one_letter_spacing__hover_enabled=&#8220;off&#8220; button_two_letter_spacing__hover_enabled=&#8220;off&#8220; button_bg_color__hover_enabled=&#8220;off&#8220; button_one_bg_color__hover_enabled=&#8220;off&#8220; button_two_bg_color__hover_enabled=&#8220;off&#8220;][et_pb_signup_custom_field field_id=&#8220;6&#8243; field_title=&#8220;Langue&#8220; field_type=&#8220;select&#8220; select_options=&#8220;%91{%22checked%22:0,%22value%22:%22Fran\u00e7ais%22,%22id%22:0},{%22checked%22:0,%22value%22:%22Allemand%22,%22id%22:1}%93&#8243; _builder_version=&#8220;4.16&#8243; _module_preset=&#8220;default&#8220; global_colors_info=&#8220;{}&#8220; predefined_field=&#8220;6&#8243;][\/et_pb_signup_custom_field][\/et_pb_signup][\/et_pb_column][\/et_pb_row][et_pb_row column_structure=&#8220;1_3,1_3,1_3&#8243; _builder_version=&#8220;4.16&#8243; background_color=&#8220;#1f1f1f&#8220; width=&#8220;100%&#8220; max_width=&#8220;1278px&#8220; custom_margin=&#8220;||||false|false&#8220; custom_padding=&#8220;|100px||100px|false|false&#8220; global_colors_info=&#8220;{}&#8220;][et_pb_column type=&#8220;1_3&#8243; _builder_version=&#8220;4.16&#8243; global_colors_info=&#8220;{}&#8220;][et_pb_text _builder_version=&#8220;4.16&#8243; text_font_size=&#8220;28px&#8220; text_line_height=&#8220;1.5em&#8220; global_colors_info=&#8220;{}&#8220;]<\/p>\n<h2>Adresse<\/h2>\n<p>Domaine du Feuillerage SA<br \/>Le Folli\u00e9rage 4<br \/>1166 Perroy<\/p>\n<p>[\/et_pb_text][\/et_pb_column][et_pb_column type=&#8220;1_3&#8243; _builder_version=&#8220;4.16&#8243; global_colors_info=&#8220;{}&#8220;][et_pb_text _builder_version=&#8220;4.16&#8243; global_colors_info=&#8220;{}&#8220;]<\/p>\n<h2>Kontakte<\/h2>\n<h3>Home<\/h3>\n<p>domaine@feuillerage.ch<br \/>021 825 12 63<\/p>\n<h3>Roland Gaillard<\/h3>\n<p>079 213 60 64<\/p>\n<h3>C\u00e9dric Gaillard<\/h3>\n<p>079 303 47 11<\/p>\n<p>[\/et_pb_text][\/et_pb_column][et_pb_column type=&#8220;1_3&#8243; _builder_version=&#8220;4.16&#8243; global_colors_info=&#8220;{}&#8220;][\/et_pb_column][\/et_pb_row][\/et_pb_section][et_pb_section fb_built=&#8220;1&#8243; fullwidth=&#8220;on&#8220; _builder_version=&#8220;4.16&#8243; global_colors_info=&#8220;{}&#8220;][et_pb_fullwidth_map google_api_key=&#8220;AIzaSyA6LSaghn9C3cWtRqNw3moIRH9ZLim2Tus&#8220; address=&#8220;Perroy, Suisse&#8220; zoom_level=&#8220;15&#8243; address_lat=&#8220;46.4681574&#8243; address_lng=&#8220;6.361877&#8243; _builder_version=&#8220;4.16&#8243; global_colors_info=&#8220;{}&#8220;][et_pb_map_pin title=&#8220;Domaine du Feuillerage&#8220; pin_address=&#8220;Perroy&#8220; pin_address_lat=&#8220;46.4644784&#8243; pin_address_lng=&#8220;6.3598724&#8243; _builder_version=&#8220;4.7.4&#8243; global_colors_info=&#8220;{}&#8220;][\/et_pb_map_pin][\/et_pb_fullwidth_map][\/et_pb_section]<\/p>\n","protected":false},"excerpt":{"rendered":"<p>Kontaktieren Sie uns\u00d6ffnungszeitenMontag &#8211; Donnerstag17:00 \u2013 18:30 Freitag17:00 \u2013 19:00 Samestag09:00 &#8211; 13:00 Wir begr\u00fc\u00dfen Sie auch au\u00dferhalb dieser \u00d6ffnungszeiten. Mit dem untenstehenden Formular k\u00f6nnen Sie einen Besuchstermin anfragen. Wir werden Sie kontaktieren, um unsere Verf\u00fcgbarkeit zu best\u00e4tigen.Termin anfragenAdresse Domaine du Feuillerage SALe Folli\u00e9rage 41166 PerroyKontakte Home domaine@feuillerage.ch021 825 12 63 Roland Gaillard 079 213 [&hellip;]<\/p>\n","protected":false},"author":2,"featured_media":0,"parent":0,"menu_order":0,"comment_status":"closed","ping_status":"closed","template":"","meta":{"_acf_changed":false,"_et_pb_use_builder":"on","_et_pb_old_content":"","_et_gb_content_width":"","footnotes":""},"class_list":["post-237362","page","type-page","status-publish","hentry"],"acf":[],"yoast_head":"<!-- This site is optimized with the Yoast SEO plugin v25.6 - https:\/\/yoast.com\/wordpress\/plugins\/seo\/ -->\n<title>Kontakt - Feuillerage Weingut<\/title>\n<meta name=\"description\" content=\"Domaine du Feuillerage - Roland Gaillard - C\u00e9dric Gaillard - Winzer - Keller - Schweizer Weine - Verkostung - Willkommen\" \/>\n<meta name=\"robots\" content=\"index, follow, max-snippet:-1, max-image-preview:large, max-video-preview:-1\" \/>\n<link rel=\"canonical\" href=\"https:\/\/www.feuillerage.ch\/de\/kontakt\/\" \/>\n<meta property=\"og:locale\" content=\"de_DE\" \/>\n<meta property=\"og:type\" content=\"article\" \/>\n<meta property=\"og:title\" content=\"Kontakt - Feuillerage Weingut\" \/>\n<meta property=\"og:description\" content=\"Domaine du Feuillerage - Roland Gaillard - C\u00e9dric Gaillard - Winzer - Keller - Schweizer Weine - Verkostung - Willkommen\" \/>\n<meta property=\"og:url\" content=\"https:\/\/www.feuillerage.ch\/de\/kontakt\/\" \/>\n<meta property=\"og:site_name\" content=\"Feuillerage Weingut\" \/>\n<meta property=\"article:publisher\" content=\"https:\/\/m.facebook.com\/feuillerage\/?ref=ts\" \/>\n<meta property=\"article:modified_time\" content=\"2025-11-19T12:03:01+00:00\" \/>\n<meta name=\"twitter:card\" content=\"summary_large_image\" \/>\n<meta name=\"twitter:label1\" content=\"Gesch\u00e4tzte Lesezeit\" \/>\n\t<meta name=\"twitter:data1\" content=\"6\u00a0Minuten\" \/>\n<script type=\"application\/ld+json\" class=\"yoast-schema-graph\">{\"@context\":\"https:\/\/schema.org\",\"@graph\":[{\"@type\":\"WebPage\",\"@id\":\"https:\/\/www.feuillerage.ch\/de\/kontakt\/\",\"url\":\"https:\/\/www.feuillerage.ch\/de\/kontakt\/\",\"name\":\"Kontakt - Feuillerage Weingut\",\"isPartOf\":{\"@id\":\"https:\/\/www.feuillerage.ch\/de\/#website\"},\"datePublished\":\"2021-01-16T19:37:34+00:00\",\"dateModified\":\"2025-11-19T12:03:01+00:00\",\"description\":\"Domaine du Feuillerage - Roland Gaillard - C\u00e9dric Gaillard - Winzer - Keller - Schweizer Weine - Verkostung - Willkommen\",\"breadcrumb\":{\"@id\":\"https:\/\/www.feuillerage.ch\/de\/kontakt\/#breadcrumb\"},\"inLanguage\":\"de\",\"potentialAction\":[{\"@type\":\"ReadAction\",\"target\":[\"https:\/\/www.feuillerage.ch\/de\/kontakt\/\"]}]},{\"@type\":\"BreadcrumbList\",\"@id\":\"https:\/\/www.feuillerage.ch\/de\/kontakt\/#breadcrumb\",\"itemListElement\":[{\"@type\":\"ListItem\",\"position\":1,\"name\":\"Accueil\",\"item\":\"https:\/\/www.feuillerage.ch\/de\/\"},{\"@type\":\"ListItem\",\"position\":2,\"name\":\"Kontakt\"}]},{\"@type\":\"WebSite\",\"@id\":\"https:\/\/www.feuillerage.ch\/de\/#website\",\"url\":\"https:\/\/www.feuillerage.ch\/de\/\",\"name\":\"Feuillerage Weingut\",\"description\":\"Vignerons sur la C\u00f4te vaudoise\",\"publisher\":{\"@id\":\"https:\/\/www.feuillerage.ch\/de\/#organization\"},\"potentialAction\":[{\"@type\":\"SearchAction\",\"target\":{\"@type\":\"EntryPoint\",\"urlTemplate\":\"https:\/\/www.feuillerage.ch\/de\/?s={search_term_string}\"},\"query-input\":{\"@type\":\"PropertyValueSpecification\",\"valueRequired\":true,\"valueName\":\"search_term_string\"}}],\"inLanguage\":\"de\"},{\"@type\":\"Organization\",\"@id\":\"https:\/\/www.feuillerage.ch\/de\/#organization\",\"name\":\"Domaine du Feuillerage\",\"url\":\"https:\/\/www.feuillerage.ch\/de\/\",\"logo\":{\"@type\":\"ImageObject\",\"inLanguage\":\"de\",\"@id\":\"https:\/\/www.feuillerage.ch\/de\/#\/schema\/logo\/image\/\",\"url\":\"https:\/\/www.feuillerage.ch\/wp-content\/uploads\/2019\/01\/Logo-encore-petit.png\",\"contentUrl\":\"https:\/\/www.feuillerage.ch\/wp-content\/uploads\/2019\/01\/Logo-encore-petit.png\",\"width\":2880,\"height\":1824,\"caption\":\"Domaine du Feuillerage\"},\"image\":{\"@id\":\"https:\/\/www.feuillerage.ch\/de\/#\/schema\/logo\/image\/\"},\"sameAs\":[\"https:\/\/m.facebook.com\/feuillerage\/?ref=ts\"]}]}<\/script>\n<!-- \/ Yoast SEO plugin. -->","yoast_head_json":{"title":"Kontakt - Feuillerage Weingut","description":"Domaine du Feuillerage - Roland Gaillard - C\u00e9dric Gaillard - Winzer - Keller - Schweizer Weine - Verkostung - Willkommen","robots":{"index":"index","follow":"follow","max-snippet":"max-snippet:-1","max-image-preview":"max-image-preview:large","max-video-preview":"max-video-preview:-1"},"canonical":"https:\/\/www.feuillerage.ch\/de\/kontakt\/","og_locale":"de_DE","og_type":"article","og_title":"Kontakt - Feuillerage Weingut","og_description":"Domaine du Feuillerage - Roland Gaillard - C\u00e9dric Gaillard - Winzer - Keller - Schweizer Weine - Verkostung - Willkommen","og_url":"https:\/\/www.feuillerage.ch\/de\/kontakt\/","og_site_name":"Feuillerage Weingut","article_publisher":"https:\/\/m.facebook.com\/feuillerage\/?ref=ts","article_modified_time":"2025-11-19T12:03:01+00:00","twitter_card":"summary_large_image","twitter_misc":{"Gesch\u00e4tzte Lesezeit":"6\u00a0Minuten"},"schema":{"@context":"https:\/\/schema.org","@graph":[{"@type":"WebPage","@id":"https:\/\/www.feuillerage.ch\/de\/kontakt\/","url":"https:\/\/www.feuillerage.ch\/de\/kontakt\/","name":"Kontakt - Feuillerage Weingut","isPartOf":{"@id":"https:\/\/www.feuillerage.ch\/de\/#website"},"datePublished":"2021-01-16T19:37:34+00:00","dateModified":"2025-11-19T12:03:01+00:00","description":"Domaine du Feuillerage - Roland Gaillard - C\u00e9dric Gaillard - Winzer - Keller - Schweizer Weine - Verkostung - Willkommen","breadcrumb":{"@id":"https:\/\/www.feuillerage.ch\/de\/kontakt\/#breadcrumb"},"inLanguage":"de","potentialAction":[{"@type":"ReadAction","target":["https:\/\/www.feuillerage.ch\/de\/kontakt\/"]}]},{"@type":"BreadcrumbList","@id":"https:\/\/www.feuillerage.ch\/de\/kontakt\/#breadcrumb","itemListElement":[{"@type":"ListItem","position":1,"name":"Accueil","item":"https:\/\/www.feuillerage.ch\/de\/"},{"@type":"ListItem","position":2,"name":"Kontakt"}]},{"@type":"WebSite","@id":"https:\/\/www.feuillerage.ch\/de\/#website","url":"https:\/\/www.feuillerage.ch\/de\/","name":"Feuillerage Weingut","description":"Vignerons sur la C\u00f4te vaudoise","publisher":{"@id":"https:\/\/www.feuillerage.ch\/de\/#organization"},"potentialAction":[{"@type":"SearchAction","target":{"@type":"EntryPoint","urlTemplate":"https:\/\/www.feuillerage.ch\/de\/?s={search_term_string}"},"query-input":{"@type":"PropertyValueSpecification","valueRequired":true,"valueName":"search_term_string"}}],"inLanguage":"de"},{"@type":"Organization","@id":"https:\/\/www.feuillerage.ch\/de\/#organization","name":"Domaine du Feuillerage","url":"https:\/\/www.feuillerage.ch\/de\/","logo":{"@type":"ImageObject","inLanguage":"de","@id":"https:\/\/www.feuillerage.ch\/de\/#\/schema\/logo\/image\/","url":"https:\/\/www.feuillerage.ch\/wp-content\/uploads\/2019\/01\/Logo-encore-petit.png","contentUrl":"https:\/\/www.feuillerage.ch\/wp-content\/uploads\/2019\/01\/Logo-encore-petit.png","width":2880,"height":1824,"caption":"Domaine du Feuillerage"},"image":{"@id":"https:\/\/www.feuillerage.ch\/de\/#\/schema\/logo\/image\/"},"sameAs":["https:\/\/m.facebook.com\/feuillerage\/?ref=ts"]}]}},"_links":{"self":[{"href":"https:\/\/www.feuillerage.ch\/de\/wp-json\/wp\/v2\/pages\/237362"}],"collection":[{"href":"https:\/\/www.feuillerage.ch\/de\/wp-json\/wp\/v2\/pages"}],"about":[{"href":"https:\/\/www.feuillerage.ch\/de\/wp-json\/wp\/v2\/types\/page"}],"author":[{"embeddable":true,"href":"https:\/\/www.feuillerage.ch\/de\/wp-json\/wp\/v2\/users\/2"}],"replies":[{"embeddable":true,"href":"https:\/\/www.feuillerage.ch\/de\/wp-json\/wp\/v2\/comments?post=237362"}],"version-history":[{"count":2,"href":"https:\/\/www.feuillerage.ch\/de\/wp-json\/wp\/v2\/pages\/237362\/revisions"}],"predecessor-version":[{"id":242458,"href":"https:\/\/www.feuillerage.ch\/de\/wp-json\/wp\/v2\/pages\/237362\/revisions\/242458"}],"wp:attachment":[{"href":"https:\/\/www.feuillerage.ch\/de\/wp-json\/wp\/v2\/media?parent=237362"}],"curies":[{"name":"wp","href":"https:\/\/api.w.org\/{rel}","templated":true}]}}