{"id":239186,"date":"2022-11-08T11:34:01","date_gmt":"2022-11-08T10:34:01","guid":{"rendered":"https:\/\/www.feuillerage.ch\/verkaufsbedingungen\/"},"modified":"2023-04-25T09:21:27","modified_gmt":"2023-04-25T07:21:27","slug":"verkaufsbedingungen","status":"publish","type":"page","link":"https:\/\/www.feuillerage.ch\/de\/verkaufsbedingungen\/","title":{"rendered":"Verkaufsbedingungen"},"content":{"rendered":"<p>[et_pb_section fb_built=&#8220;1&#8243; admin_label=&#8220;section&#8220; _builder_version=&#8220;4.16&#8243; global_colors_info=&#8220;{}&#8220;][et_pb_row admin_label=&#8220;row&#8220; _builder_version=&#8220;4.16&#8243; background_size=&#8220;initial&#8220; background_position=&#8220;top_left&#8220; background_repeat=&#8220;repeat&#8220; global_colors_info=&#8220;{}&#8220;][et_pb_column type=&#8220;4_4&#8243; _builder_version=&#8220;4.16&#8243; custom_padding=&#8220;|||&#8220; global_colors_info=&#8220;{}&#8220; custom_padding__hover=&#8220;|||&#8220;][et_pb_text _builder_version=&#8220;4.18.1&#8243; _module_preset=&#8220;default&#8220; header_2_line_height=&#8220;1.1em&#8220; header_font_size_tablet=&#8220;&#8220; header_font_size_phone=&#8220;37px&#8220; header_font_size_last_edited=&#8220;on|phone&#8220; header_2_font_size_tablet=&#8220;&#8220; header_2_font_size_phone=&#8220;31px&#8220; header_2_font_size_last_edited=&#8220;on|phone&#8220; global_colors_info=&#8220;{}&#8220;]<\/p>\n<h1>Verkaufsbedingungen<\/h1>\n<p>[\/et_pb_text][\/et_pb_column][\/et_pb_row][et_pb_row column_structure=&#8220;3_5,2_5&#8243; _builder_version=&#8220;4.17.6&#8243; _module_preset=&#8220;default&#8220; custom_padding=&#8220;0px|||||&#8220; global_colors_info=&#8220;{}&#8220;][et_pb_column type=&#8220;3_5&#8243; _builder_version=&#8220;4.17.6&#8243; _module_preset=&#8220;default&#8220; global_colors_info=&#8220;{}&#8220;][et_pb_text _builder_version=&#8220;4.18.1&#8243; _module_preset=&#8220;default&#8220; text_font_size=&#8220;17px&#8220; custom_margin_tablet=&#8220;&#8220; custom_margin_phone=&#8220;|0px||0px|false|false&#8220; custom_margin_last_edited=&#8220;on|phone&#8220; text_font_size_tablet=&#8220;17px&#8220; text_font_size_phone=&#8220;40px&#8220; text_font_size_last_edited=&#8220;on|phone&#8220; global_colors_info=&#8220;{}&#8220;]<\/p>\n<p><strong>Preis<\/strong><br \/>Die Preise in diesem Katalog sind in Schweizer Franken angegeben, Nettobetr\u00e4ge, inklusive Mehrwertsteuer und garantiert. Die zum Zeitpunkt der Bestellung angezeigten Preise gelten vorbehaltlich von \u00c4nderungen des Jahrgangssortiments, der Verf\u00fcgbarkeit von Artikeln sowie der Korrektur offensichtlicher Irrt\u00fcmer oder Tippfehler.<\/p>\n<p><strong>Verf\u00fcgbarkeit<\/strong><br \/>Sollte ein Produkt nicht verf\u00fcgbar sein, werden wir Sie so schnell wie m\u00f6glich informieren.<\/p>\n<p><strong>Zahlungsmodalit\u00e4ten<\/strong><br \/>Die zum Zeitpunkt der Bestellung angezeigten Preise gelten vorbehaltlich von \u00c4nderungen des Jahrgangssortiments, der Verf\u00fcgbarkeit von Artikeln sowie der Korrektur offensichtlicher Irrt\u00fcmer oder Tippfehler.<\/p>\n<p><strong>Lieferung und Transport<\/strong><br \/>Wenn die Option &#8222;Schnelle Lieferung&#8220; gew\u00e4hlt wird, erfolgt der Versand der verf\u00fcgbaren Artikel per Post oder durch einen externen Spediteur innerhalb <u>von etwa 5 bis 8 Tagen<\/u>. Eine Beteiligung Ihrerseits wird nur einmal pro Bestellung verlangt und die H\u00f6he der Beteiligung wird beim Abschluss der Bestellung angegeben.<br \/><strong>HINWEIS<\/strong>: Wir liefern keine Pakete in Postf\u00e4cher und keine Waren an minderj\u00e4hrige oder bevormundete Kunden, es sei denn, es liegt eine schriftliche Genehmigung der Eltern oder des Vormunds vor.<\/p>\n<p><strong>R\u00fcckgabe oder Umtausch von Waren<\/strong><br \/>Die Artikel m\u00fcssen innerhalb von 7 Tagen nach Erhalt Ihres Pakets unversehrt und vollst\u00e4ndig in ihrer Originalverpackung (mit den Etiketten, auf denen die Artikelnummern vermerkt sind) zusammen mit dem Lieferschein zur\u00fcckgeschickt werden. Die mit der R\u00fccksendung verbundenen Portokosten sind von Ihnen zu tragen. Im Falle einer Umtauschbestellung werden Ihnen die Versandkosten f\u00fcr Ihre neue Bestellung erlassen.<\/p>\n<p><strong>Gesetzliche Garantie<\/strong><br \/>\u00dcberpr\u00fcfen Sie den Zustand der gelieferten Waren unverz\u00fcglich, um offensichtliche Material- und Herstellungsfehler sowie Transportsch\u00e4den auszuschlie\u00dfen. Gem\u00e4\u00df dem Gesetz sind Sie verpflichtet, uns alle M\u00e4ngel oder Anomalien, die die gelieferten Waren betreffen, zu melden, damit wir sie beheben k\u00f6nnen.<\/p>\n<p><strong>Verkauf von alkoholischen Getr\u00e4nken an Minderj\u00e4hrige<\/strong><br \/>Die in der Schweiz geltenden gesetzlichen Vorschriften verbieten den Verkauf von Wein an Personen, die noch nicht 16 Jahre alt sind. Mit der Annahme dieser Allgemeinen Gesch\u00e4ftsbedingungen best\u00e4tigen Sie, dass Sie die gesetzlichen Bestimmungen einhalten.<\/p>\n<p><strong>Anwendbares Recht und Gerichtsstand<\/strong><br \/>Die vorliegenden Allgemeinen Gesch\u00e4ftsbedingungen unterliegen dem Schweizer Recht. F\u00fcr alle Streitigkeiten im Zusammenhang mit den im Rahmen der vorliegenden Allgemeinen Gesch\u00e4ftsbedingungen abgeschlossenen Verk\u00e4ufen sind <strong><u>ausschlie\u00dflich die Gerichte des Kantons Waadt zust\u00e4ndig<\/u><\/strong>, vorbehaltlich einer eventuellen Berufung an das Bundesgericht.<\/p>\n<p><strong>Schutz der Daten<\/strong><br \/>Alle personenbezogenen Daten werden vertraulich behandelt. Die f\u00fcr die Verwaltung der Bestellung erforderlichen Informationen werden elektronisch verarbeitet und k\u00f6nnen im Rahmen der Verwaltung der Bestellung an verbundene Unternehmen weitergegeben werden.<\/p>\n<p><strong>\u00c4nderungen und Erg\u00e4nzungen<\/strong><br \/>Die Domaine du Feuillerage beh\u00e4lt sich ausdr\u00fccklich das Recht vor, die vorliegenden Allgemeinen Gesch\u00e4ftsbedingungen jederzeit den Umst\u00e4nden anzupassen und sie sofort anzuwenden.<\/p>\n<p><strong>Sicherheit von Zahlungen<\/strong><br \/>Die Speicherung und \u00dcbermittlung Ihrer Kreditkartendaten erfolgt grunds\u00e4tzlich in verschl\u00fcsselter Form. Durch die Verwendung der 3-D Secure-Verschl\u00fcsselungstechnologie wird sichergestellt, dass Ihre Daten vor dem Zugriff von au\u00dfen gesch\u00fctzt sind. In der Domaine du Feuillerage werden keine Daten bez\u00fcglich Ihrer Karte verarbeitet oder gespeichert. Ihre Daten werden direkt \u00fcber unseren Partner f\u00fcr sichere elektronische Zahlungen verarbeitet.<\/p>\n<p><strong>Lieferbedingungen<\/strong><br \/>Versand f\u00fcr die ganze Schweiz, ab 6 Flaschen.<br \/>Lieferung :<\/p>\n<ul>\n<li>durch uns: 5 CHF pro Lieferung (Frist zu ber\u00fccksichtigen)<\/li>\n<li>per Post: Versandkosten werden nach der Anzahl der Flaschen berechnet, Betrag im Warenkorb angegeben, bevor die Bestellung best\u00e4tigt wird (schnelle Lieferung)<\/li>\n<\/ul>\n<p>Werbeangebote k\u00f6nnen von diesen Bedingungen abweichende Lieferkosten haben.<\/p>\n<p>[\/et_pb_text][\/et_pb_column][et_pb_column type=&#8220;2_5&#8243; _builder_version=&#8220;4.17.6&#8243; _module_preset=&#8220;default&#8220; global_colors_info=&#8220;{}&#8220;][\/et_pb_column][\/et_pb_row][\/et_pb_section]<\/p>\n","protected":false},"excerpt":{"rendered":"<p>VerkaufsbedingungenPreisDie Preise in diesem Katalog sind in Schweizer Franken angegeben, Nettobetr\u00e4ge, inklusive Mehrwertsteuer und garantiert. Die zum Zeitpunkt der Bestellung angezeigten Preise gelten vorbehaltlich von \u00c4nderungen des Jahrgangssortiments, der Verf\u00fcgbarkeit von Artikeln sowie der Korrektur offensichtlicher Irrt\u00fcmer oder Tippfehler. Verf\u00fcgbarkeitSollte ein Produkt nicht verf\u00fcgbar sein, werden wir Sie so schnell wie m\u00f6glich informieren. Zahlungsmodalit\u00e4tenDie zum [&hellip;]<\/p>\n","protected":false},"author":2,"featured_media":0,"parent":0,"menu_order":0,"comment_status":"closed","ping_status":"closed","template":"","meta":{"_acf_changed":false,"_et_pb_use_builder":"on","_et_pb_old_content":"","_et_gb_content_width":"","footnotes":""},"class_list":["post-239186","page","type-page","status-publish","hentry"],"acf":[],"yoast_head":"<!-- This site is optimized with the Yoast SEO plugin v25.6 - https:\/\/yoast.com\/wordpress\/plugins\/seo\/ -->\n<title>Verkaufsbedingungen - Feuillerage Weingut<\/title>\n<meta name=\"robots\" content=\"index, follow, max-snippet:-1, max-image-preview:large, max-video-preview:-1\" \/>\n<link rel=\"canonical\" href=\"https:\/\/www.feuillerage.ch\/de\/verkaufsbedingungen\/\" \/>\n<meta property=\"og:locale\" content=\"de_DE\" \/>\n<meta property=\"og:type\" content=\"article\" \/>\n<meta property=\"og:title\" content=\"Verkaufsbedingungen - Feuillerage Weingut\" \/>\n<meta property=\"og:description\" content=\"VerkaufsbedingungenPreisDie Preise in diesem Katalog sind in Schweizer Franken angegeben, Nettobetr\u00e4ge, inklusive Mehrwertsteuer und garantiert. Die zum Zeitpunkt der Bestellung angezeigten Preise gelten vorbehaltlich von \u00c4nderungen des Jahrgangssortiments, der Verf\u00fcgbarkeit von Artikeln sowie der Korrektur offensichtlicher Irrt\u00fcmer oder Tippfehler. Verf\u00fcgbarkeitSollte ein Produkt nicht verf\u00fcgbar sein, werden wir Sie so schnell wie m\u00f6glich informieren. Zahlungsmodalit\u00e4tenDie zum [&hellip;]\" \/>\n<meta property=\"og:url\" content=\"https:\/\/www.feuillerage.ch\/de\/verkaufsbedingungen\/\" \/>\n<meta property=\"og:site_name\" content=\"Feuillerage Weingut\" \/>\n<meta property=\"article:publisher\" content=\"https:\/\/m.facebook.com\/feuillerage\/?ref=ts\" \/>\n<meta property=\"article:modified_time\" content=\"2023-04-25T07:21:27+00:00\" \/>\n<meta name=\"twitter:card\" content=\"summary_large_image\" \/>\n<meta name=\"twitter:label1\" content=\"Gesch\u00e4tzte Lesezeit\" \/>\n\t<meta name=\"twitter:data1\" content=\"4\u00a0Minuten\" \/>\n<script type=\"application\/ld+json\" class=\"yoast-schema-graph\">{\"@context\":\"https:\/\/schema.org\",\"@graph\":[{\"@type\":\"WebPage\",\"@id\":\"https:\/\/www.feuillerage.ch\/de\/verkaufsbedingungen\/\",\"url\":\"https:\/\/www.feuillerage.ch\/de\/verkaufsbedingungen\/\",\"name\":\"Verkaufsbedingungen - Feuillerage Weingut\",\"isPartOf\":{\"@id\":\"https:\/\/www.feuillerage.ch\/de\/#website\"},\"datePublished\":\"2022-11-08T10:34:01+00:00\",\"dateModified\":\"2023-04-25T07:21:27+00:00\",\"breadcrumb\":{\"@id\":\"https:\/\/www.feuillerage.ch\/de\/verkaufsbedingungen\/#breadcrumb\"},\"inLanguage\":\"de\",\"potentialAction\":[{\"@type\":\"ReadAction\",\"target\":[\"https:\/\/www.feuillerage.ch\/de\/verkaufsbedingungen\/\"]}]},{\"@type\":\"BreadcrumbList\",\"@id\":\"https:\/\/www.feuillerage.ch\/de\/verkaufsbedingungen\/#breadcrumb\",\"itemListElement\":[{\"@type\":\"ListItem\",\"position\":1,\"name\":\"Accueil\",\"item\":\"https:\/\/www.feuillerage.ch\/de\/\"},{\"@type\":\"ListItem\",\"position\":2,\"name\":\"Verkaufsbedingungen\"}]},{\"@type\":\"WebSite\",\"@id\":\"https:\/\/www.feuillerage.ch\/de\/#website\",\"url\":\"https:\/\/www.feuillerage.ch\/de\/\",\"name\":\"Feuillerage Weingut\",\"description\":\"Vignerons sur la C\u00f4te vaudoise\",\"publisher\":{\"@id\":\"https:\/\/www.feuillerage.ch\/de\/#organization\"},\"potentialAction\":[{\"@type\":\"SearchAction\",\"target\":{\"@type\":\"EntryPoint\",\"urlTemplate\":\"https:\/\/www.feuillerage.ch\/de\/?s={search_term_string}\"},\"query-input\":{\"@type\":\"PropertyValueSpecification\",\"valueRequired\":true,\"valueName\":\"search_term_string\"}}],\"inLanguage\":\"de\"},{\"@type\":\"Organization\",\"@id\":\"https:\/\/www.feuillerage.ch\/de\/#organization\",\"name\":\"Domaine du Feuillerage\",\"url\":\"https:\/\/www.feuillerage.ch\/de\/\",\"logo\":{\"@type\":\"ImageObject\",\"inLanguage\":\"de\",\"@id\":\"https:\/\/www.feuillerage.ch\/de\/#\/schema\/logo\/image\/\",\"url\":\"https:\/\/www.feuillerage.ch\/wp-content\/uploads\/2019\/01\/Logo-encore-petit.png\",\"contentUrl\":\"https:\/\/www.feuillerage.ch\/wp-content\/uploads\/2019\/01\/Logo-encore-petit.png\",\"width\":2880,\"height\":1824,\"caption\":\"Domaine du Feuillerage\"},\"image\":{\"@id\":\"https:\/\/www.feuillerage.ch\/de\/#\/schema\/logo\/image\/\"},\"sameAs\":[\"https:\/\/m.facebook.com\/feuillerage\/?ref=ts\"]}]}<\/script>\n<!-- \/ Yoast SEO plugin. -->","yoast_head_json":{"title":"Verkaufsbedingungen - Feuillerage Weingut","robots":{"index":"index","follow":"follow","max-snippet":"max-snippet:-1","max-image-preview":"max-image-preview:large","max-video-preview":"max-video-preview:-1"},"canonical":"https:\/\/www.feuillerage.ch\/de\/verkaufsbedingungen\/","og_locale":"de_DE","og_type":"article","og_title":"Verkaufsbedingungen - Feuillerage Weingut","og_description":"VerkaufsbedingungenPreisDie Preise in diesem Katalog sind in Schweizer Franken angegeben, Nettobetr\u00e4ge, inklusive Mehrwertsteuer und garantiert. Die zum Zeitpunkt der Bestellung angezeigten Preise gelten vorbehaltlich von \u00c4nderungen des Jahrgangssortiments, der Verf\u00fcgbarkeit von Artikeln sowie der Korrektur offensichtlicher Irrt\u00fcmer oder Tippfehler. Verf\u00fcgbarkeitSollte ein Produkt nicht verf\u00fcgbar sein, werden wir Sie so schnell wie m\u00f6glich informieren. Zahlungsmodalit\u00e4tenDie zum [&hellip;]","og_url":"https:\/\/www.feuillerage.ch\/de\/verkaufsbedingungen\/","og_site_name":"Feuillerage Weingut","article_publisher":"https:\/\/m.facebook.com\/feuillerage\/?ref=ts","article_modified_time":"2023-04-25T07:21:27+00:00","twitter_card":"summary_large_image","twitter_misc":{"Gesch\u00e4tzte Lesezeit":"4\u00a0Minuten"},"schema":{"@context":"https:\/\/schema.org","@graph":[{"@type":"WebPage","@id":"https:\/\/www.feuillerage.ch\/de\/verkaufsbedingungen\/","url":"https:\/\/www.feuillerage.ch\/de\/verkaufsbedingungen\/","name":"Verkaufsbedingungen - Feuillerage Weingut","isPartOf":{"@id":"https:\/\/www.feuillerage.ch\/de\/#website"},"datePublished":"2022-11-08T10:34:01+00:00","dateModified":"2023-04-25T07:21:27+00:00","breadcrumb":{"@id":"https:\/\/www.feuillerage.ch\/de\/verkaufsbedingungen\/#breadcrumb"},"inLanguage":"de","potentialAction":[{"@type":"ReadAction","target":["https:\/\/www.feuillerage.ch\/de\/verkaufsbedingungen\/"]}]},{"@type":"BreadcrumbList","@id":"https:\/\/www.feuillerage.ch\/de\/verkaufsbedingungen\/#breadcrumb","itemListElement":[{"@type":"ListItem","position":1,"name":"Accueil","item":"https:\/\/www.feuillerage.ch\/de\/"},{"@type":"ListItem","position":2,"name":"Verkaufsbedingungen"}]},{"@type":"WebSite","@id":"https:\/\/www.feuillerage.ch\/de\/#website","url":"https:\/\/www.feuillerage.ch\/de\/","name":"Feuillerage Weingut","description":"Vignerons sur la C\u00f4te vaudoise","publisher":{"@id":"https:\/\/www.feuillerage.ch\/de\/#organization"},"potentialAction":[{"@type":"SearchAction","target":{"@type":"EntryPoint","urlTemplate":"https:\/\/www.feuillerage.ch\/de\/?s={search_term_string}"},"query-input":{"@type":"PropertyValueSpecification","valueRequired":true,"valueName":"search_term_string"}}],"inLanguage":"de"},{"@type":"Organization","@id":"https:\/\/www.feuillerage.ch\/de\/#organization","name":"Domaine du Feuillerage","url":"https:\/\/www.feuillerage.ch\/de\/","logo":{"@type":"ImageObject","inLanguage":"de","@id":"https:\/\/www.feuillerage.ch\/de\/#\/schema\/logo\/image\/","url":"https:\/\/www.feuillerage.ch\/wp-content\/uploads\/2019\/01\/Logo-encore-petit.png","contentUrl":"https:\/\/www.feuillerage.ch\/wp-content\/uploads\/2019\/01\/Logo-encore-petit.png","width":2880,"height":1824,"caption":"Domaine du Feuillerage"},"image":{"@id":"https:\/\/www.feuillerage.ch\/de\/#\/schema\/logo\/image\/"},"sameAs":["https:\/\/m.facebook.com\/feuillerage\/?ref=ts"]}]}},"_links":{"self":[{"href":"https:\/\/www.feuillerage.ch\/de\/wp-json\/wp\/v2\/pages\/239186"}],"collection":[{"href":"https:\/\/www.feuillerage.ch\/de\/wp-json\/wp\/v2\/pages"}],"about":[{"href":"https:\/\/www.feuillerage.ch\/de\/wp-json\/wp\/v2\/types\/page"}],"author":[{"embeddable":true,"href":"https:\/\/www.feuillerage.ch\/de\/wp-json\/wp\/v2\/users\/2"}],"replies":[{"embeddable":true,"href":"https:\/\/www.feuillerage.ch\/de\/wp-json\/wp\/v2\/comments?post=239186"}],"version-history":[{"count":0,"href":"https:\/\/www.feuillerage.ch\/de\/wp-json\/wp\/v2\/pages\/239186\/revisions"}],"wp:attachment":[{"href":"https:\/\/www.feuillerage.ch\/de\/wp-json\/wp\/v2\/media?parent=239186"}],"curies":[{"name":"wp","href":"https:\/\/api.w.org\/{rel}","templated":true}]}}