{"id":239344,"date":"2023-03-28T15:28:46","date_gmt":"2023-03-28T13:28:46","guid":{"rendered":"https:\/\/www.feuillerage.ch\/?page_id=239344"},"modified":"2025-04-08T13:34:53","modified_gmt":"2025-04-08T11:34:53","slug":"wein-und-speisen","status":"publish","type":"page","link":"https:\/\/www.feuillerage.ch\/de\/wein-und-speisen\/","title":{"rendered":"Wein und Speisen"},"content":{"rendered":"<p>[et_pb_section fb_built=&#8220;1&#8243; admin_label=&#8220;section&#8220; _builder_version=&#8220;4.16&#8243; global_colors_info=&#8220;{}&#8220;][et_pb_row admin_label=&#8220;row&#8220; _builder_version=&#8220;4.16&#8243; background_size=&#8220;initial&#8220; background_position=&#8220;top_left&#8220; background_repeat=&#8220;repeat&#8220; global_colors_info=&#8220;{}&#8220;][et_pb_column type=&#8220;4_4&#8243; _builder_version=&#8220;4.16&#8243; custom_padding=&#8220;|||&#8220; global_colors_info=&#8220;{}&#8220; custom_padding__hover=&#8220;|||&#8220;][et_pb_text _builder_version=&#8220;4.18.1&#8243; _module_preset=&#8220;default&#8220; header_2_line_height=&#8220;1.1em&#8220; header_font_size_tablet=&#8220;&#8220; header_font_size_phone=&#8220;37px&#8220; header_font_size_last_edited=&#8220;on|phone&#8220; header_2_font_size_tablet=&#8220;&#8220; header_2_font_size_phone=&#8220;31px&#8220; header_2_font_size_last_edited=&#8220;on|phone&#8220; global_colors_info=&#8220;{}&#8220;]<\/p>\n<h1>Wein und Speisen<\/h1>\n<h2>Unsere Methode, um die Weine von Feuillerage abzustimmen<\/h2>\n<p>[\/et_pb_text][\/et_pb_column][\/et_pb_row][et_pb_row _builder_version=&#8220;4.17.6&#8243; _module_preset=&#8220;default&#8220; custom_padding=&#8220;0px|||||&#8220; global_colors_info=&#8220;{}&#8220;][et_pb_column type=&#8220;4_4&#8243; _builder_version=&#8220;4.17.6&#8243; _module_preset=&#8220;default&#8220; global_colors_info=&#8220;{}&#8220;][et_pb_text _builder_version=&#8220;4.18.1&#8243; _module_preset=&#8220;default&#8220; custom_margin_tablet=&#8220;&#8220; custom_margin_phone=&#8220;|0px||0px|false|false&#8220; custom_margin_last_edited=&#8220;on|phone&#8220; text_font_size_tablet=&#8220;17px&#8220; text_font_size_phone=&#8220;40px&#8220; text_font_size_last_edited=&#8220;on|phone&#8220; global_colors_info=&#8220;{}&#8220;][\/et_pb_text][et_pb_text _builder_version=&#8220;4.18.1&#8243; _module_preset=&#8220;default&#8220; global_colors_info=&#8220;{}&#8220;]<\/p>\n<p>Einen guten Wein im Keller zu haben, ist eine gute Sache. Aber man muss auch die Flasche w\u00e4hlen, die das Gericht, das man servieren will, unterstreicht und alle Qualit\u00e4ten des Weins hervorhebt. Eine gelungene Wahl kann einen gro\u00dfen Unterschied machen. Aber muss man dazu einen Wei\u00dfwein servieren? Ein Rotwein? Und passt von den Rotweinen eher ein Cabernet Franc oder ein Gamaret Garanoir besser zu dem Rindersteak, das wir kochen wollen?<\/p>\n<p>Gl\u00fccklicherweise gibt es keine richtige und einzige Antwort&#8230; Jeder kann es nach seinem Geschmack, seiner Lust und seinen Erfahrungen ausprobieren. Aber wir k\u00f6nnen Ihnen einige Anregungen geben, wie Sie Ihre Speisen mit den Weinen der Domaine du Feuillerage erfolgreich kombinieren k\u00f6nnen. Wir haben uns n\u00e4mlich \u00fcberlegt, wie wir jeden unserer Weine aufeinander abstimmen w\u00fcrden. Die folgende Tabelle zeigt Ihnen, welcher Wein zu welchen Zutaten passt.<\/p>\n<h4><strong>Wie kann man diese Tabelle verwenden?<\/strong><\/h4>\n<p>Um herauszufinden, welcher Wein serviert werden soll, m\u00fcssen Sie zun\u00e4chst die Zutaten, aus denen Ihr Gericht besteht, sowie die Kochmethode analysieren. Ein farbiger Punkt zeigt an, dass es eine \u00dcbereinstimmung zwischen dem Wein und der Zutat gibt. Ein gro\u00dfer Farbpunkt bedeutet, dass der Akkord ausgezeichnet ist. Jetzt m\u00fcssen Sie nur noch den Wein finden, der zu m\u00f6glichst vielen Ihrer Zutaten passt.<strong><\/strong><strong><\/strong><\/p>\n<p>[\/et_pb_text][et_pb_image src=&#8220;https:\/\/www.feuillerage.ch\/wp-content\/uploads\/2023\/03\/Accords-mets-vins_planche.jpg&#8220; alt=&#8220;Methode zur Abstimmung von Speisen und Weinen&#8220; title_text=&#8220;Wein-Essens-Entsprechungen_Brett&#8220; show_in_lightbox=&#8220;on&#8220; _builder_version=&#8220;4.18.1&#8243; _module_preset=&#8220;default&#8220; global_colors_info=&#8220;{}&#8220;][\/et_pb_image][et_pb_button button_url=&#8220;https:\/\/www.feuillerage.ch\/wp-content\/uploads\/2025\/04\/Accords-mets-vins_v2.pdf&#8220; button_text=&#8220;pdf herunterladen&#8220; button_alignment=&#8220;center&#8220; _builder_version=&#8220;4.27.4&#8243; _module_preset=&#8220;default&#8220; global_colors_info=&#8220;{}&#8220;][\/et_pb_button][et_pb_text _builder_version=&#8220;4.18.1&#8243; _module_preset=&#8220;default&#8220; global_colors_info=&#8220;{}&#8220;]<\/p>\n<p>Eine andere M\u00f6glichkeit, das Thema anzugehen, besteht darin, sich mit der Struktur Ihres Gerichts zu besch\u00e4ftigen. Ist das Gericht sauer, fettig, w\u00fcrzig, salzig oder s\u00fc\u00df?<\/p>\n<p>[\/et_pb_text][et_pb_image src=&#8220;https:\/\/www.feuillerage.ch\/wp-content\/uploads\/2023\/03\/accords-mets_docsParticipants-1.jpg&#8220; alt=&#8220;wie man Wein und Speisen aufeinander abstimmt&#8220; title_text=&#8220;accords-mets_docsParticipants-1&#8243; show_in_lightbox=&#8220;on&#8220; _builder_version=&#8220;4.18.1&#8243; _module_preset=&#8220;default&#8220; global_colors_info=&#8220;{}&#8220;][\/et_pb_image][et_pb_button button_url=&#8220;https:\/\/www.feuillerage.ch\/wp-content\/uploads\/2023\/03\/accords-mets-vins-1.pdf&#8220; button_text=&#8220;pdf herunterladen&#8220; button_alignment=&#8220;center&#8220; _builder_version=&#8220;4.18.1&#8243; _module_preset=&#8220;default&#8220; global_colors_info=&#8220;{}&#8220;][\/et_pb_button][et_pb_text _builder_version=&#8220;4.18.1&#8243; _module_preset=&#8220;default&#8220; global_colors_info=&#8220;{}&#8220;]<\/p>\n<p>Wenn Sie sich f\u00fcr das Thema Wein und Speisen interessieren, bieten wir Ihnen die M\u00f6glichkeit, an unseren Abenden &#8222;Weingeschichten&#8220; teilzunehmen. Die erste fand zum Thema Chasselas statt. Sie waren nicht dabei? Wir lassen Sie unten ein unschlagbares Rezept entdecken, das Sie mit unserem Chasselas Clos de la Dame servieren k\u00f6nnen: Kalbstartar mit Salbei und Spitze.<span style=\"font-size: 16px;\"><\/span><\/p>\n<p>[\/et_pb_text][et_pb_text _builder_version=&#8220;4.18.1&#8243; _module_preset=&#8220;default&#8220; global_colors_info=&#8220;{}&#8220;]<\/p>\n<div class=\"page\" title=\"Seite 4\">\n<div class=\"layoutArea\">\n<div class=\"column\">\n<h3><span>Kalbstartar mit Salbei und Spitze <\/span><\/h3>\n<p><span>Rezept von Chefkoch Guy Ravet &#8211; Restaurant l&#8217;Ermitage in Vufflens-le-Ch\u00e2teau. <\/span><\/p>\n<\/div>\n<\/div>\n<div class=\"layoutArea\">\n<div class=\"column\">\n<p><strong>Zutaten<\/strong><\/p>\n<p>Die Mengenangaben beziehen sich auf 8 Personen in der Amuse-Bouche-Version.<\/p>\n<\/div>\n<\/div>\n<div class=\"layoutArea\">\n<div class=\"column\">\n<p><span style=\"text-decoration: underline;\">Tartar<\/span><\/p>\n<\/div>\n<\/div>\n<div class=\"layoutArea\">\n<div class=\"column\">\n<ul>\n<li><span>320g Kalbsnuss <\/span><\/li>\n<li><span>60g Mayonnaise <\/span><\/li>\n<li><span>4cl Sesam\u00f6l<\/span><\/li>\n<li><span>30g frischer Salbei<\/span><\/li>\n<li><span>15g Senf <\/span><\/li>\n<li><span>10g ger\u00f6stete Sesamsamen<\/span><\/li>\n<\/ul>\n<p><span style=\"text-decoration: underline;\">Garnitur<\/span><\/p>\n<\/div>\n<div class=\"column\">\n<ul>\n<li>100g Mesclun oder Salatsprossen<\/li>\n<li>3 cl Oliven\u00f6l<\/li>\n<li>2cl wei\u00dfer Balsamico-Essig<\/li>\n<li>Salz, Pfeffer<\/li>\n<\/ul>\n<\/div>\n<\/div>\n<div class=\"layoutArea\">\n<div class=\"column\">\n<p><span style=\"text-decoration: underline;\">Spitze <\/span><\/p>\n<\/div>\n<div class=\"column\">\n<ul>\n<li><span>20cl Wasser<\/span><\/li>\n<li><span>30g Mehl<\/span><\/li>\n<li><span>3cl Sonnenblumen\u00f6l <\/span><\/li>\n<li><span>3cl Sesam\u00f6l <\/span><\/li>\n<li><span>15g Tahini<\/span><span><\/span><\/li>\n<\/ul>\n<\/div>\n<\/div>\n<div class=\"layoutArea\">\n<div class=\"column\">\n<p><strong>Vorbereitung<\/strong><\/p>\n<p><span style=\"font-size: 16px; text-decoration-line: underline;\">TARTAR<\/span><\/p>\n<\/div>\n<\/div>\n<div class=\"layoutArea\">\n<div class=\"column\">\n<p><span>1. Kalbsnuss fein hacken. Einige h\u00fcbsche Salbeibl\u00e4tter f\u00fcr die Garnitur beiseite legen.Den Rest fein schneiden. <\/span><\/p>\n<p><span>2. In einer Sch\u00fcssel das Fleisch, Mayonnaise, Oliven\u00f6l, gehackten Salbei, Senf und Sesamk\u00f6rner mischen. Salzen und pfeffern. K\u00fchl aufbewahren. <\/span><\/p>\n<p><span style=\"text-decoration: underline;\">SPITZE <\/span><\/p>\n<p><span>1. Die Zutaten mit einem Schneebesen verr\u00fchren, damit keine Klumpen entstehen. <\/span><\/p>\n<p><span>2. Eine Pfanne erhitzen, etwas Oliven\u00f6l hinzugeben. Die Mischung einf\u00fcllen und kochen lassen, bis das Wasser verdampft ist. Mit einem Spatel vorsichtig abheben, auf K\u00fcchenpapier abtropfen lassen. <\/span><\/p>\n<p><span style=\"text-decoration: underline;\">FINITION <\/span><\/p>\n<p><span>1. Die Salatsprossen w\u00fcrzen. Das Tatar und den Salat anrichten. Mit einer knusprigen Spitze verzieren. <\/span><\/p>\n<\/div>\n<\/div>\n<\/div>\n<p>[\/et_pb_text][\/et_pb_column][\/et_pb_row][\/et_pb_section]<\/p>\n","protected":false},"excerpt":{"rendered":"<p>Wein und Speisen Unsere Methode, um die Weine von Feuillerage abzustimmenEinen guten Wein im Keller zu haben, ist eine gute Sache. Aber man muss auch die Flasche w\u00e4hlen, die das Gericht, das man servieren will, unterstreicht und alle Qualit\u00e4ten des Weins hervorhebt. Eine gelungene Wahl kann einen gro\u00dfen Unterschied machen. Aber muss man dazu einen [&hellip;]<\/p>\n","protected":false},"author":2,"featured_media":0,"parent":0,"menu_order":0,"comment_status":"closed","ping_status":"closed","template":"","meta":{"_acf_changed":false,"_et_pb_use_builder":"on","_et_pb_old_content":"","_et_gb_content_width":"","footnotes":""},"class_list":["post-239344","page","type-page","status-publish","hentry"],"acf":[],"yoast_head":"<!-- This site is optimized with the Yoast SEO plugin v25.6 - https:\/\/yoast.com\/wordpress\/plugins\/seo\/ -->\n<title>Wein und Speisen - Feuillerage Weingut<\/title>\n<meta name=\"robots\" content=\"index, follow, max-snippet:-1, max-image-preview:large, max-video-preview:-1\" \/>\n<link rel=\"canonical\" href=\"https:\/\/www.feuillerage.ch\/de\/wein-und-speisen\/\" \/>\n<meta property=\"og:locale\" content=\"de_DE\" \/>\n<meta property=\"og:type\" content=\"article\" \/>\n<meta property=\"og:title\" content=\"Wein und Speisen - Feuillerage Weingut\" \/>\n<meta property=\"og:description\" content=\"Wein und Speisen Unsere Methode, um die Weine von Feuillerage abzustimmenEinen guten Wein im Keller zu haben, ist eine gute Sache. Aber man muss auch die Flasche w\u00e4hlen, die das Gericht, das man servieren will, unterstreicht und alle Qualit\u00e4ten des Weins hervorhebt. Eine gelungene Wahl kann einen gro\u00dfen Unterschied machen. Aber muss man dazu einen [&hellip;]\" \/>\n<meta property=\"og:url\" content=\"https:\/\/www.feuillerage.ch\/de\/wein-und-speisen\/\" \/>\n<meta property=\"og:site_name\" content=\"Feuillerage Weingut\" \/>\n<meta property=\"article:publisher\" content=\"https:\/\/m.facebook.com\/feuillerage\/?ref=ts\" \/>\n<meta property=\"article:modified_time\" content=\"2025-04-08T11:34:53+00:00\" \/>\n<meta name=\"twitter:card\" content=\"summary_large_image\" \/>\n<meta name=\"twitter:label1\" content=\"Gesch\u00e4tzte Lesezeit\" \/>\n\t<meta name=\"twitter:data1\" content=\"4\u00a0Minuten\" \/>\n<script type=\"application\/ld+json\" class=\"yoast-schema-graph\">{\"@context\":\"https:\/\/schema.org\",\"@graph\":[{\"@type\":\"WebPage\",\"@id\":\"https:\/\/www.feuillerage.ch\/de\/wein-und-speisen\/\",\"url\":\"https:\/\/www.feuillerage.ch\/de\/wein-und-speisen\/\",\"name\":\"Wein und Speisen - Feuillerage Weingut\",\"isPartOf\":{\"@id\":\"https:\/\/www.feuillerage.ch\/de\/#website\"},\"datePublished\":\"2023-03-28T13:28:46+00:00\",\"dateModified\":\"2025-04-08T11:34:53+00:00\",\"breadcrumb\":{\"@id\":\"https:\/\/www.feuillerage.ch\/de\/wein-und-speisen\/#breadcrumb\"},\"inLanguage\":\"de\",\"potentialAction\":[{\"@type\":\"ReadAction\",\"target\":[\"https:\/\/www.feuillerage.ch\/de\/wein-und-speisen\/\"]}]},{\"@type\":\"BreadcrumbList\",\"@id\":\"https:\/\/www.feuillerage.ch\/de\/wein-und-speisen\/#breadcrumb\",\"itemListElement\":[{\"@type\":\"ListItem\",\"position\":1,\"name\":\"Accueil\",\"item\":\"https:\/\/www.feuillerage.ch\/de\/\"},{\"@type\":\"ListItem\",\"position\":2,\"name\":\"Wein und Speisen\"}]},{\"@type\":\"WebSite\",\"@id\":\"https:\/\/www.feuillerage.ch\/de\/#website\",\"url\":\"https:\/\/www.feuillerage.ch\/de\/\",\"name\":\"Feuillerage Weingut\",\"description\":\"Vignerons sur la C\u00f4te vaudoise\",\"publisher\":{\"@id\":\"https:\/\/www.feuillerage.ch\/de\/#organization\"},\"potentialAction\":[{\"@type\":\"SearchAction\",\"target\":{\"@type\":\"EntryPoint\",\"urlTemplate\":\"https:\/\/www.feuillerage.ch\/de\/?s={search_term_string}\"},\"query-input\":{\"@type\":\"PropertyValueSpecification\",\"valueRequired\":true,\"valueName\":\"search_term_string\"}}],\"inLanguage\":\"de\"},{\"@type\":\"Organization\",\"@id\":\"https:\/\/www.feuillerage.ch\/de\/#organization\",\"name\":\"Domaine du Feuillerage\",\"url\":\"https:\/\/www.feuillerage.ch\/de\/\",\"logo\":{\"@type\":\"ImageObject\",\"inLanguage\":\"de\",\"@id\":\"https:\/\/www.feuillerage.ch\/de\/#\/schema\/logo\/image\/\",\"url\":\"https:\/\/www.feuillerage.ch\/wp-content\/uploads\/2019\/01\/Logo-encore-petit.png\",\"contentUrl\":\"https:\/\/www.feuillerage.ch\/wp-content\/uploads\/2019\/01\/Logo-encore-petit.png\",\"width\":2880,\"height\":1824,\"caption\":\"Domaine du Feuillerage\"},\"image\":{\"@id\":\"https:\/\/www.feuillerage.ch\/de\/#\/schema\/logo\/image\/\"},\"sameAs\":[\"https:\/\/m.facebook.com\/feuillerage\/?ref=ts\"]}]}<\/script>\n<!-- \/ Yoast SEO plugin. -->","yoast_head_json":{"title":"Wein und Speisen - Feuillerage Weingut","robots":{"index":"index","follow":"follow","max-snippet":"max-snippet:-1","max-image-preview":"max-image-preview:large","max-video-preview":"max-video-preview:-1"},"canonical":"https:\/\/www.feuillerage.ch\/de\/wein-und-speisen\/","og_locale":"de_DE","og_type":"article","og_title":"Wein und Speisen - Feuillerage Weingut","og_description":"Wein und Speisen Unsere Methode, um die Weine von Feuillerage abzustimmenEinen guten Wein im Keller zu haben, ist eine gute Sache. Aber man muss auch die Flasche w\u00e4hlen, die das Gericht, das man servieren will, unterstreicht und alle Qualit\u00e4ten des Weins hervorhebt. Eine gelungene Wahl kann einen gro\u00dfen Unterschied machen. Aber muss man dazu einen [&hellip;]","og_url":"https:\/\/www.feuillerage.ch\/de\/wein-und-speisen\/","og_site_name":"Feuillerage Weingut","article_publisher":"https:\/\/m.facebook.com\/feuillerage\/?ref=ts","article_modified_time":"2025-04-08T11:34:53+00:00","twitter_card":"summary_large_image","twitter_misc":{"Gesch\u00e4tzte Lesezeit":"4\u00a0Minuten"},"schema":{"@context":"https:\/\/schema.org","@graph":[{"@type":"WebPage","@id":"https:\/\/www.feuillerage.ch\/de\/wein-und-speisen\/","url":"https:\/\/www.feuillerage.ch\/de\/wein-und-speisen\/","name":"Wein und Speisen - Feuillerage Weingut","isPartOf":{"@id":"https:\/\/www.feuillerage.ch\/de\/#website"},"datePublished":"2023-03-28T13:28:46+00:00","dateModified":"2025-04-08T11:34:53+00:00","breadcrumb":{"@id":"https:\/\/www.feuillerage.ch\/de\/wein-und-speisen\/#breadcrumb"},"inLanguage":"de","potentialAction":[{"@type":"ReadAction","target":["https:\/\/www.feuillerage.ch\/de\/wein-und-speisen\/"]}]},{"@type":"BreadcrumbList","@id":"https:\/\/www.feuillerage.ch\/de\/wein-und-speisen\/#breadcrumb","itemListElement":[{"@type":"ListItem","position":1,"name":"Accueil","item":"https:\/\/www.feuillerage.ch\/de\/"},{"@type":"ListItem","position":2,"name":"Wein und Speisen"}]},{"@type":"WebSite","@id":"https:\/\/www.feuillerage.ch\/de\/#website","url":"https:\/\/www.feuillerage.ch\/de\/","name":"Feuillerage Weingut","description":"Vignerons sur la C\u00f4te vaudoise","publisher":{"@id":"https:\/\/www.feuillerage.ch\/de\/#organization"},"potentialAction":[{"@type":"SearchAction","target":{"@type":"EntryPoint","urlTemplate":"https:\/\/www.feuillerage.ch\/de\/?s={search_term_string}"},"query-input":{"@type":"PropertyValueSpecification","valueRequired":true,"valueName":"search_term_string"}}],"inLanguage":"de"},{"@type":"Organization","@id":"https:\/\/www.feuillerage.ch\/de\/#organization","name":"Domaine du Feuillerage","url":"https:\/\/www.feuillerage.ch\/de\/","logo":{"@type":"ImageObject","inLanguage":"de","@id":"https:\/\/www.feuillerage.ch\/de\/#\/schema\/logo\/image\/","url":"https:\/\/www.feuillerage.ch\/wp-content\/uploads\/2019\/01\/Logo-encore-petit.png","contentUrl":"https:\/\/www.feuillerage.ch\/wp-content\/uploads\/2019\/01\/Logo-encore-petit.png","width":2880,"height":1824,"caption":"Domaine du Feuillerage"},"image":{"@id":"https:\/\/www.feuillerage.ch\/de\/#\/schema\/logo\/image\/"},"sameAs":["https:\/\/m.facebook.com\/feuillerage\/?ref=ts"]}]}},"_links":{"self":[{"href":"https:\/\/www.feuillerage.ch\/de\/wp-json\/wp\/v2\/pages\/239344"}],"collection":[{"href":"https:\/\/www.feuillerage.ch\/de\/wp-json\/wp\/v2\/pages"}],"about":[{"href":"https:\/\/www.feuillerage.ch\/de\/wp-json\/wp\/v2\/types\/page"}],"author":[{"embeddable":true,"href":"https:\/\/www.feuillerage.ch\/de\/wp-json\/wp\/v2\/users\/2"}],"replies":[{"embeddable":true,"href":"https:\/\/www.feuillerage.ch\/de\/wp-json\/wp\/v2\/comments?post=239344"}],"version-history":[{"count":3,"href":"https:\/\/www.feuillerage.ch\/de\/wp-json\/wp\/v2\/pages\/239344\/revisions"}],"predecessor-version":[{"id":241936,"href":"https:\/\/www.feuillerage.ch\/de\/wp-json\/wp\/v2\/pages\/239344\/revisions\/241936"}],"wp:attachment":[{"href":"https:\/\/www.feuillerage.ch\/de\/wp-json\/wp\/v2\/media?parent=239344"}],"curies":[{"name":"wp","href":"https:\/\/api.w.org\/{rel}","templated":true}]}}