{"id":240559,"date":"2023-06-27T09:20:13","date_gmt":"2023-06-27T07:20:13","guid":{"rendered":"https:\/\/www.feuillerage.ch\/die-domaene-chatelanat\/"},"modified":"2023-06-27T09:23:53","modified_gmt":"2023-06-27T07:23:53","slug":"die-domaene-chatelanat","status":"publish","type":"page","link":"https:\/\/www.feuillerage.ch\/de\/die-domaene-chatelanat\/","title":{"rendered":"Die Dom\u00e4ne Chatelanat"},"content":{"rendered":"<p>[et_pb_section fb_built=&#8220;1&#8243; _builder_version=&#8220;4.21.0&#8243; _module_preset=&#8220;default&#8220; global_colors_info=&#8220;{}&#8220;][et_pb_row _builder_version=&#8220;4.21.0&#8243; _module_preset=&#8220;default&#8220; global_colors_info=&#8220;{}&#8220;][et_pb_column type=&#8220;4_4&#8243; _builder_version=&#8220;4.21.0&#8243; _module_preset=&#8220;default&#8220; global_colors_info=&#8220;{}&#8220;][et_pb_text _builder_version=&#8220;4.21.0&#8243; _module_preset=&#8220;default&#8220; global_colors_info=&#8220;{}&#8220;]<\/p>\n<h1>Die Dom\u00e4ne Chatelanat<\/h1>\n<p>[\/et_pb_text][\/et_pb_column][\/et_pb_row][et_pb_row column_structure=&#8220;3_5,2_5&#8243; _builder_version=&#8220;4.21.0&#8243; _module_preset=&#8220;default&#8220; global_colors_info=&#8220;{}&#8220;][et_pb_column type=&#8220;3_5&#8243; _builder_version=&#8220;4.21.0&#8243; _module_preset=&#8220;default&#8220; global_colors_info=&#8220;{}&#8220;][et_pb_text _builder_version=&#8220;4.21.0&#8243; _module_preset=&#8220;default&#8220; global_colors_info=&#8220;{}&#8220;]<\/p>\n<div class=\"page\" title=\"Seite 2\">\n<div class=\"layoutArea\">\n<div class=\"column\">\n<p>Die Geschichte eines Weinguts endet nie. Zwar \u00e4ndern sich die Protagonisten wie Eigent\u00fcmer oder Betreiber, aber das Terroir und seine Weine sind zeitlos.<\/p>\n<p>Im Jahr 2017 \u00fcbernehmen wir die Domaine Chatelanat. F\u00fcnf Hektar kommen zu den Fl\u00e4chen hinzu, die wir bewirtschaften, und mit ihnen erweitern neue Weine <a href=\"https:\/\/www.feuillerage.ch\/wp-content\/uploads\/2023\/05\/carteVin_2023.pdf\">unsere Karte.<\/a> Hier finden Sie Weine, die den Ruf dieses Weinguts begr\u00fcndet haben, wie z. B. den Clos de la Dame, Laurier de Platine 2011.<\/p>\n<\/div>\n<\/div>\n<\/div>\n<p>[\/et_pb_text][\/et_pb_column][et_pb_column type=&#8220;2_5&#8243; _builder_version=&#8220;4.21.0&#8243; _module_preset=&#8220;default&#8220; global_colors_info=&#8220;{}&#8220;][et_pb_image src=&#8220;https:\/\/www.feuillerage.ch\/wp-content\/uploads\/2019\/09\/vignes-clos52-e1607076079389.jpg&#8220; alt=&#8220;Clos de la Dame&#8220; title_text=&#8220;Capite clos de la Dame&#8220; _builder_version=&#8220;4.21.0&#8243; _module_preset=&#8220;default&#8220; global_colors_info=&#8220;{}&#8220;][\/et_pb_image][\/et_pb_column][\/et_pb_row][et_pb_row _builder_version=&#8220;4.21.0&#8243; _module_preset=&#8220;default&#8220; custom_padding=&#8220;||0px|||&#8220; global_colors_info=&#8220;{}&#8220;][et_pb_column type=&#8220;4_4&#8243; _builder_version=&#8220;4.21.0&#8243; _module_preset=&#8220;default&#8220; global_colors_info=&#8220;{}&#8220;][et_pb_text _builder_version=&#8220;4.21.0&#8243; _module_preset=&#8220;default&#8220; global_colors_info=&#8220;{}&#8220;]<\/p>\n<h2>Die Weine der Chatelanat-Kollektion<\/h2>\n<p>[\/et_pb_text][et_pb_shop type=&#8220;product_category&#8220; include_categories=&#8220;112&#8243; _builder_version=&#8220;4.21.0&#8243; _module_preset=&#8220;default&#8220; price_font_size=&#8220;16px&#8220; price_letter_spacing=&#8220;2px&#8220; price_line_height=&#8220;2px&#8220; global_colors_info=&#8220;{}&#8220;][\/et_pb_shop][et_pb_text _builder_version=&#8220;4.21.0&#8243; _module_preset=&#8220;default&#8220; header_2_line_height=&#8220;1.2em&#8220; global_colors_info=&#8220;{}&#8220;]<\/p>\n<h2>Der Clos de la Dame, ein Chasselas, der nicht wie alle anderen ist<\/h2>\n<p>[\/et_pb_text][\/et_pb_column][\/et_pb_row][et_pb_row column_structure=&#8220;3_5,2_5&#8243; _builder_version=&#8220;4.21.0&#8243; _module_preset=&#8220;default&#8220; global_colors_info=&#8220;{}&#8220;][et_pb_column type=&#8220;3_5&#8243; _builder_version=&#8220;4.21.0&#8243; _module_preset=&#8220;default&#8220; global_colors_info=&#8220;{}&#8220;][et_pb_text _builder_version=&#8220;4.21.0&#8243; _module_preset=&#8220;default&#8220; global_colors_info=&#8220;{}&#8220;]<\/p>\n<p>Der Clos de la Dame wird auf einem besonderen Boden angebaut, da sich diese Parzelle auf einem ehemaligen fluvioglazialen Schuttkegel befindet. Das Ergebnis ist ein steiniger, flachgr\u00fcndiger Boden, der kaum Wasser speichern kann.<\/p>\n<p>[\/et_pb_text][et_pb_image src=&#8220;https:\/\/www.feuillerage.ch\/wp-content\/uploads\/2023\/06\/carte-hydro.jpg&#8220; alt=&#8220;hydrologische Karte der Chasselas von Feuillerage&#8220; show_in_lightbox=&#8220;on&#8220; _builder_version=&#8220;4.21.0&#8243; _module_preset=&#8220;default&#8220; global_colors_info=&#8220;{}&#8220;][\/et_pb_image][et_pb_text _builder_version=&#8220;4.21.0&#8243; _module_preset=&#8220;default&#8220; text_font=&#8220;||on||||||&#8220; text_font_size=&#8220;13px&#8220; global_colors_info=&#8220;{}&#8220;]<\/p>\n<p>Hydrologische Karte mit Erw\u00e4hnung der drei Chasselas der Domaine du Feuillerage.<\/p>\n<p>[\/et_pb_text][et_pb_text _builder_version=&#8220;4.21.0&#8243; _module_preset=&#8220;default&#8220; global_colors_info=&#8220;{}&#8220;]<\/p>\n<p>Dieser Wassermangel erzeugt Stress f\u00fcr die Reben und dieser Stress \u00e4u\u00dfert sich im Wein durch einen Karamellgeschmack und eine ausgepr\u00e4gte Mineralit\u00e4t.<\/p>\n<p>[\/et_pb_text][et_pb_image src=&#8220;https:\/\/www.feuillerage.ch\/wp-content\/uploads\/2023\/06\/clos-de-la-dame.png&#8220; alt=&#8220;Clos de la Dame&#8220; _builder_version=&#8220;4.21.0&#8243; _module_preset=&#8220;default&#8220; hover_enabled=&#8220;0&#8243; global_colors_info=&#8220;{}&#8220; title_text=&#8220;clos de la dame&#8220; sticky_enabled=&#8220;0&#8243;][\/et_pb_image][et_pb_button button_url=&#8220;@ET-DC@eyJkeW5hbWljIjp0cnVlLCJjb250ZW50IjoicG9zdF9saW5rX3VybF9wcm9kdWN0Iiwic2V0dGluZ3MiOnsicG9zdF9pZCI6IjIzNDk4NSJ9fQ==@&#8220; button_text=&#8220;Clos de la Dame bestellen&#8220; button_alignment=&#8220;center&#8220; _builder_version=&#8220;4.21.0&#8243; _dynamic_attributes=&#8220;button_url&#8220; _module_preset=&#8220;default&#8220; custom_button=&#8220;on&#8220; button_text_size=&#8220;21px&#8220; button_text_color=&#8220;#FFFFFF&#8220; button_bg_color=&#8220;#D6A775&#8243; button_border_width=&#8220;2px&#8220; button_border_radius=&#8220;34px&#8220; button_letter_spacing=&#8220;0px&#8220; button_font=&#8220;|||on|||||&#8220; button_use_icon=&#8220;off&#8220; global_colors_info=&#8220;{}&#8220;][\/et_pb_button][\/et_pb_column][et_pb_column type=&#8220;2_5&#8243; _builder_version=&#8220;4.21.0&#8243; _module_preset=&#8220;default&#8220; global_colors_info=&#8220;{}&#8220;][et_pb_text _builder_version=&#8220;4.21.0&#8243; _module_preset=&#8220;default&#8220; global_colors_info=&#8220;{}&#8220;]<\/p>\n<h3>Was Laurent Probst, Spezialist f\u00fcr Schweizer Weine, dazu sagt<\/h3>\n<p>[\/et_pb_text][et_pb_testimonial author=&#8220;Laurent Probst&#8220; job_title=&#8220;Kritiker und Journalist, der sich auf Schweizer Weine spezialisiert hat&#8220; company_name=&#8220;vinsconf\u00e9d\u00e9r\u00e9s.ch&#8220; url=&#8220;https:\/\/vinsconfederes.ch\/&#8220; portrait_url=&#8220;https:\/\/www.feuillerage.ch\/wp-content\/uploads\/2023\/06\/160921250_126708676124574_6295729185033644723_n.jpg&#8220; _builder_version=&#8220;4.21.0&#8243; _module_preset=&#8220;default&#8220; global_colors_info=&#8220;{}&#8220;]<\/p>\n<p><strong>Chasselas Clos de la Dame 2019, Collection Chatelanat.<\/strong><br \/>Ein Hektar Weinberg, mit wenig Boden (ein Meter Erde f\u00fcr die Wurzeln), mit viel Kies und Steinen.<br \/>Geruch mit Noten von Zitrusfr\u00fcchten haupts\u00e4chlich (Pomelos und gelbe Zitrone), er ist derzeit von mittlerer Intensit\u00e4t. Der Mund bietet schon im Auftakt ein Gef\u00fchl von Finesse, Frische und Ausgewogenheit. Die Materie ist reich, aber gem\u00e4\u00dfigt, was das Mundgef\u00fchl umso zarter macht. Dieser Clos de la Dame ist ein feiner und delikater Chasselas, der mit etwas Lagerung nur an Komplexit\u00e4t und Finesse gewinnen kann.<\/p>\n<p>[\/et_pb_testimonial][et_pb_button button_url=&#8220;https:\/\/vinsconfederes.ch\/degustation-de-fevrier-2020-au-domaine-du-feuillerage\/&#8220; button_text=&#8220;Alle Verkostungsnotizen von Laurent Probst lesen (franz\u00f6sisch)&#8220; _builder_version=&#8220;4.21.0&#8243; _module_preset=&#8220;default&#8220; custom_button=&#8220;on&#8220; button_text_size=&#8220;19px&#8220; button_text_color=&#8220;#FFFFFF&#8220; button_bg_color=&#8220;#D6A775&#8243; button_border_radius=&#8220;39px&#8220; button_font=&#8220;||||||||&#8220; button_use_icon=&#8220;off&#8220; global_colors_info=&#8220;{}&#8220;][\/et_pb_button][\/et_pb_column][\/et_pb_row][\/et_pb_section]<\/p>\n","protected":false},"excerpt":{"rendered":"<p>Die Dom\u00e4ne Chatelanat Die Geschichte eines Weinguts endet nie. Zwar \u00e4ndern sich die Protagonisten wie Eigent\u00fcmer oder Betreiber, aber das Terroir und seine Weine sind zeitlos. Im Jahr 2017 \u00fcbernehmen wir die Domaine Chatelanat. F\u00fcnf Hektar kommen zu den Fl\u00e4chen hinzu, die wir bewirtschaften, und mit ihnen erweitern neue Weine unsere Karte. Hier finden Sie [&hellip;]<\/p>\n","protected":false},"author":2,"featured_media":0,"parent":0,"menu_order":0,"comment_status":"closed","ping_status":"closed","template":"","meta":{"_acf_changed":false,"_et_pb_use_builder":"on","_et_pb_old_content":"","_et_gb_content_width":"","footnotes":""},"class_list":["post-240559","page","type-page","status-publish","hentry"],"acf":[],"yoast_head":"<!-- This site is optimized with the Yoast SEO plugin v25.6 - https:\/\/yoast.com\/wordpress\/plugins\/seo\/ -->\n<title>Die Dom\u00e4ne Chatelanat - Feuillerage Weingut<\/title>\n<meta name=\"description\" content=\"Die Domaine Chatelanat ist ein Weingut, das von der Familie Gaillard betrieben wird. Der Clos de la Dame est ist der Starwein.\" \/>\n<meta name=\"robots\" content=\"index, follow, max-snippet:-1, max-image-preview:large, max-video-preview:-1\" \/>\n<link rel=\"canonical\" href=\"https:\/\/www.feuillerage.ch\/de\/die-domaene-chatelanat\/\" \/>\n<meta property=\"og:locale\" content=\"de_DE\" \/>\n<meta property=\"og:type\" content=\"article\" \/>\n<meta property=\"og:title\" content=\"Die Dom\u00e4ne Chatelanat - Feuillerage Weingut\" \/>\n<meta property=\"og:description\" content=\"Die Domaine Chatelanat ist ein Weingut, das von der Familie Gaillard betrieben wird. Der Clos de la Dame est ist der Starwein.\" \/>\n<meta property=\"og:url\" content=\"https:\/\/www.feuillerage.ch\/de\/die-domaene-chatelanat\/\" \/>\n<meta property=\"og:site_name\" content=\"Feuillerage Weingut\" \/>\n<meta property=\"article:publisher\" content=\"https:\/\/m.facebook.com\/feuillerage\/?ref=ts\" \/>\n<meta property=\"article:modified_time\" content=\"2023-06-27T07:23:53+00:00\" \/>\n<meta name=\"twitter:card\" content=\"summary_large_image\" \/>\n<meta name=\"twitter:label1\" content=\"Gesch\u00e4tzte Lesezeit\" \/>\n\t<meta name=\"twitter:data1\" content=\"4\u00a0Minuten\" \/>\n<script type=\"application\/ld+json\" class=\"yoast-schema-graph\">{\"@context\":\"https:\/\/schema.org\",\"@graph\":[{\"@type\":\"WebPage\",\"@id\":\"https:\/\/www.feuillerage.ch\/de\/die-domaene-chatelanat\/\",\"url\":\"https:\/\/www.feuillerage.ch\/de\/die-domaene-chatelanat\/\",\"name\":\"Die Dom\u00e4ne Chatelanat - Feuillerage Weingut\",\"isPartOf\":{\"@id\":\"https:\/\/www.feuillerage.ch\/de\/#website\"},\"datePublished\":\"2023-06-27T07:20:13+00:00\",\"dateModified\":\"2023-06-27T07:23:53+00:00\",\"description\":\"Die Domaine Chatelanat ist ein Weingut, das von der Familie Gaillard betrieben wird. Der Clos de la Dame est ist der Starwein.\",\"breadcrumb\":{\"@id\":\"https:\/\/www.feuillerage.ch\/de\/die-domaene-chatelanat\/#breadcrumb\"},\"inLanguage\":\"de\",\"potentialAction\":[{\"@type\":\"ReadAction\",\"target\":[\"https:\/\/www.feuillerage.ch\/de\/die-domaene-chatelanat\/\"]}]},{\"@type\":\"BreadcrumbList\",\"@id\":\"https:\/\/www.feuillerage.ch\/de\/die-domaene-chatelanat\/#breadcrumb\",\"itemListElement\":[{\"@type\":\"ListItem\",\"position\":1,\"name\":\"Accueil\",\"item\":\"https:\/\/www.feuillerage.ch\/de\/\"},{\"@type\":\"ListItem\",\"position\":2,\"name\":\"Die Dom\u00e4ne Chatelanat\"}]},{\"@type\":\"WebSite\",\"@id\":\"https:\/\/www.feuillerage.ch\/de\/#website\",\"url\":\"https:\/\/www.feuillerage.ch\/de\/\",\"name\":\"Feuillerage Weingut\",\"description\":\"Vignerons sur la C\u00f4te vaudoise\",\"publisher\":{\"@id\":\"https:\/\/www.feuillerage.ch\/de\/#organization\"},\"potentialAction\":[{\"@type\":\"SearchAction\",\"target\":{\"@type\":\"EntryPoint\",\"urlTemplate\":\"https:\/\/www.feuillerage.ch\/de\/?s={search_term_string}\"},\"query-input\":{\"@type\":\"PropertyValueSpecification\",\"valueRequired\":true,\"valueName\":\"search_term_string\"}}],\"inLanguage\":\"de\"},{\"@type\":\"Organization\",\"@id\":\"https:\/\/www.feuillerage.ch\/de\/#organization\",\"name\":\"Domaine du Feuillerage\",\"url\":\"https:\/\/www.feuillerage.ch\/de\/\",\"logo\":{\"@type\":\"ImageObject\",\"inLanguage\":\"de\",\"@id\":\"https:\/\/www.feuillerage.ch\/de\/#\/schema\/logo\/image\/\",\"url\":\"https:\/\/www.feuillerage.ch\/wp-content\/uploads\/2019\/01\/Logo-encore-petit.png\",\"contentUrl\":\"https:\/\/www.feuillerage.ch\/wp-content\/uploads\/2019\/01\/Logo-encore-petit.png\",\"width\":2880,\"height\":1824,\"caption\":\"Domaine du Feuillerage\"},\"image\":{\"@id\":\"https:\/\/www.feuillerage.ch\/de\/#\/schema\/logo\/image\/\"},\"sameAs\":[\"https:\/\/m.facebook.com\/feuillerage\/?ref=ts\"]}]}<\/script>\n<!-- \/ Yoast SEO plugin. -->","yoast_head_json":{"title":"Die Dom\u00e4ne Chatelanat - Feuillerage Weingut","description":"Die Domaine Chatelanat ist ein Weingut, das von der Familie Gaillard betrieben wird. Der Clos de la Dame est ist der Starwein.","robots":{"index":"index","follow":"follow","max-snippet":"max-snippet:-1","max-image-preview":"max-image-preview:large","max-video-preview":"max-video-preview:-1"},"canonical":"https:\/\/www.feuillerage.ch\/de\/die-domaene-chatelanat\/","og_locale":"de_DE","og_type":"article","og_title":"Die Dom\u00e4ne Chatelanat - Feuillerage Weingut","og_description":"Die Domaine Chatelanat ist ein Weingut, das von der Familie Gaillard betrieben wird. Der Clos de la Dame est ist der Starwein.","og_url":"https:\/\/www.feuillerage.ch\/de\/die-domaene-chatelanat\/","og_site_name":"Feuillerage Weingut","article_publisher":"https:\/\/m.facebook.com\/feuillerage\/?ref=ts","article_modified_time":"2023-06-27T07:23:53+00:00","twitter_card":"summary_large_image","twitter_misc":{"Gesch\u00e4tzte Lesezeit":"4\u00a0Minuten"},"schema":{"@context":"https:\/\/schema.org","@graph":[{"@type":"WebPage","@id":"https:\/\/www.feuillerage.ch\/de\/die-domaene-chatelanat\/","url":"https:\/\/www.feuillerage.ch\/de\/die-domaene-chatelanat\/","name":"Die Dom\u00e4ne Chatelanat - Feuillerage Weingut","isPartOf":{"@id":"https:\/\/www.feuillerage.ch\/de\/#website"},"datePublished":"2023-06-27T07:20:13+00:00","dateModified":"2023-06-27T07:23:53+00:00","description":"Die Domaine Chatelanat ist ein Weingut, das von der Familie Gaillard betrieben wird. Der Clos de la Dame est ist der Starwein.","breadcrumb":{"@id":"https:\/\/www.feuillerage.ch\/de\/die-domaene-chatelanat\/#breadcrumb"},"inLanguage":"de","potentialAction":[{"@type":"ReadAction","target":["https:\/\/www.feuillerage.ch\/de\/die-domaene-chatelanat\/"]}]},{"@type":"BreadcrumbList","@id":"https:\/\/www.feuillerage.ch\/de\/die-domaene-chatelanat\/#breadcrumb","itemListElement":[{"@type":"ListItem","position":1,"name":"Accueil","item":"https:\/\/www.feuillerage.ch\/de\/"},{"@type":"ListItem","position":2,"name":"Die Dom\u00e4ne Chatelanat"}]},{"@type":"WebSite","@id":"https:\/\/www.feuillerage.ch\/de\/#website","url":"https:\/\/www.feuillerage.ch\/de\/","name":"Feuillerage Weingut","description":"Vignerons sur la C\u00f4te vaudoise","publisher":{"@id":"https:\/\/www.feuillerage.ch\/de\/#organization"},"potentialAction":[{"@type":"SearchAction","target":{"@type":"EntryPoint","urlTemplate":"https:\/\/www.feuillerage.ch\/de\/?s={search_term_string}"},"query-input":{"@type":"PropertyValueSpecification","valueRequired":true,"valueName":"search_term_string"}}],"inLanguage":"de"},{"@type":"Organization","@id":"https:\/\/www.feuillerage.ch\/de\/#organization","name":"Domaine du Feuillerage","url":"https:\/\/www.feuillerage.ch\/de\/","logo":{"@type":"ImageObject","inLanguage":"de","@id":"https:\/\/www.feuillerage.ch\/de\/#\/schema\/logo\/image\/","url":"https:\/\/www.feuillerage.ch\/wp-content\/uploads\/2019\/01\/Logo-encore-petit.png","contentUrl":"https:\/\/www.feuillerage.ch\/wp-content\/uploads\/2019\/01\/Logo-encore-petit.png","width":2880,"height":1824,"caption":"Domaine du Feuillerage"},"image":{"@id":"https:\/\/www.feuillerage.ch\/de\/#\/schema\/logo\/image\/"},"sameAs":["https:\/\/m.facebook.com\/feuillerage\/?ref=ts"]}]}},"_links":{"self":[{"href":"https:\/\/www.feuillerage.ch\/de\/wp-json\/wp\/v2\/pages\/240559"}],"collection":[{"href":"https:\/\/www.feuillerage.ch\/de\/wp-json\/wp\/v2\/pages"}],"about":[{"href":"https:\/\/www.feuillerage.ch\/de\/wp-json\/wp\/v2\/types\/page"}],"author":[{"embeddable":true,"href":"https:\/\/www.feuillerage.ch\/de\/wp-json\/wp\/v2\/users\/2"}],"replies":[{"embeddable":true,"href":"https:\/\/www.feuillerage.ch\/de\/wp-json\/wp\/v2\/comments?post=240559"}],"version-history":[{"count":3,"href":"https:\/\/www.feuillerage.ch\/de\/wp-json\/wp\/v2\/pages\/240559\/revisions"}],"predecessor-version":[{"id":240564,"href":"https:\/\/www.feuillerage.ch\/de\/wp-json\/wp\/v2\/pages\/240559\/revisions\/240564"}],"wp:attachment":[{"href":"https:\/\/www.feuillerage.ch\/de\/wp-json\/wp\/v2\/media?parent=240559"}],"curies":[{"name":"wp","href":"https:\/\/api.w.org\/{rel}","templated":true}]}}