{"id":240724,"date":"2023-07-04T11:04:00","date_gmt":"2023-07-04T09:04:00","guid":{"rendered":"https:\/\/www.feuillerage.ch\/kaufen-la-quoi\/"},"modified":"2023-07-04T11:04:03","modified_gmt":"2023-07-04T09:04:03","slug":"kaufen-la-quoi","status":"publish","type":"page","link":"https:\/\/www.feuillerage.ch\/de\/kaufen-la-quoi\/","title":{"rendered":"Kaufen La Quoi"},"content":{"rendered":"<p>[et_pb_section fb_built=&#8220;1&#8243; disabled_on=&#8220;on|on|off&#8220; _builder_version=&#8220;4.21.0&#8243; _module_preset=&#8220;default&#8220; background_image=&#8220;https:\/\/www.feuillerage.ch\/wp-content\/uploads\/2023\/07\/banderolle_site_1920_new-jpg.webp&#8220; min_height=&#8220;675px&#8220; global_colors_info=&#8220;{}&#8220;][\/et_pb_section][et_pb_section fb_built=&#8220;1&#8243; _builder_version=&#8220;4.21.0&#8243; _module_preset=&#8220;default&#8220; global_colors_info=&#8220;{}&#8220;][et_pb_row disabled_on=&#8220;off|off|on&#8220; _builder_version=&#8220;4.21.0&#8243; _module_preset=&#8220;default&#8220; global_colors_info=&#8220;{}&#8220;][et_pb_column type=&#8220;4_4&#8243; _builder_version=&#8220;4.21.0&#8243; _module_preset=&#8220;default&#8220; global_colors_info=&#8220;{}&#8220;][et_pb_image src=&#8220;https:\/\/www.feuillerage.ch\/wp-content\/uploads\/2023\/06\/banderolle-site-jpg.webp&#8220; alt=&#8220;banderolle quoi&#8220; disabled_on=&#8220;on|on|off&#8220; _builder_version=&#8220;4.21.0&#8243; _module_preset=&#8220;default&#8220; global_colors_info=&#8220;{}&#8220;][\/et_pb_image][\/et_pb_column][\/et_pb_row][et_pb_row _builder_version=&#8220;4.21.0&#8243; _module_preset=&#8220;default&#8220; custom_margin_tablet=&#8220;&#8220; custom_margin_phone=&#8220;||-46px||false|false&#8220; custom_margin_last_edited=&#8220;on|phone&#8220; global_colors_info=&#8220;{}&#8220;][et_pb_column type=&#8220;4_4&#8243; _builder_version=&#8220;4.21.0&#8243; _module_preset=&#8220;default&#8220; global_colors_info=&#8220;{}&#8220;][et_pb_text _builder_version=&#8220;4.21.0&#8243; _module_preset=&#8220;default&#8220; header_text_color=&#8220;#ff5701&#8243; header_line_height=&#8220;1.1em&#8220; header_font_size_tablet=&#8220;&#8220; header_font_size_phone=&#8220;43px&#8220; header_font_size_last_edited=&#8220;on|phone&#8220; global_colors_info=&#8220;{}&#8220;]<\/p>\n<h1>La Quoi, die gepflegte Panaschierung, die Ihren Sommer erfrischt!<\/h1>\n<p>[\/et_pb_text][\/et_pb_column][\/et_pb_row][et_pb_row column_structure=&#8220;1_2,1_2&#8243; _builder_version=&#8220;4.21.0&#8243; _module_preset=&#8220;default&#8220; global_colors_info=&#8220;{}&#8220;][et_pb_column type=&#8220;1_2&#8243; _builder_version=&#8220;4.21.0&#8243; _module_preset=&#8220;default&#8220; global_colors_info=&#8220;{}&#8220;][et_pb_text _builder_version=&#8220;4.21.0&#8243; _module_preset=&#8220;default&#8220; header_2_text_color=&#8220;#ff5701&#8243; header_2_font_size=&#8220;25px&#8220; header_2_line_height=&#8220;1.1em&#8220; custom_padding=&#8220;||0px|||&#8220; global_colors_info=&#8220;{}&#8220;]<\/p>\n<h2>La Quoi, was ist Was?<\/h2>\n<p>Das ist Bier von Doctor Gab&#8217;s, gemischt mit Traubensaft, der in den Weinbergen der Domaine du Feuillerage angebaut wird.<\/p>\n<p>[\/et_pb_text][et_pb_text _builder_version=&#8220;4.21.0&#8243; _module_preset=&#8220;default&#8220; header_2_text_color=&#8220;#ff5701&#8243; header_2_font_size=&#8220;25px&#8220; header_2_line_height=&#8220;1.1em&#8220; custom_padding=&#8220;||0px|||&#8220; global_colors_info=&#8220;{}&#8220;]<\/p>\n<h2>Und wie sieht es aus?<\/h2>\n<p>Ein erfrischender Durstl\u00f6scher mit geringem Alkoholgehalt (3%) und einem runden, fruchtigen Geschmack, der jedoch nicht s\u00fc\u00df ist.<\/p>\n<p>[\/et_pb_text][et_pb_text _builder_version=&#8220;4.21.0&#8243; _module_preset=&#8220;default&#8220; header_2_text_color=&#8220;#ff5701&#8243; header_2_font_size=&#8220;25px&#8220; header_2_line_height=&#8220;1.1em&#8220; custom_padding=&#8220;||0px|||&#8220; global_colors_info=&#8220;{}&#8220;]<\/p>\n<h2>Wer stellt sie her?<\/h2>\n<p><span>Der Was wird von C\u00e9dric Gaillard, \u00d6nologe in der Domaine du Feuillerage, hergestellt. W\u00e4hrend seiner Lehrzeit in der Deutschschweiz kam ihm die Idee, die Quoi herzustellen. Sein damaliger Chef war n\u00e4mlich der Sch\u00f6pfer des <em>Tr\u00f6pfel<\/em>, eines Stars in der Deutschschweiz Der Geschmack von <em>Tr\u00f6pfel<\/em> spricht hingegen wenig zu seinen Geschmacksnerven als Romand. Aber dieses Getr\u00e4nk l\u00e4sst in Cedrics Kopf die Idee eines <strong>neuen Geschmacks<\/strong> entstehen, den Geschmack von la Quoi! Und im Sommer 2021 wird die erste Version von Quoi ausgearbeitet. Einige Anpassungen sp\u00e4ter steht das Rezept fest und la Quoi hat seinen unvergleichlichen Geschmack.<\/span><\/p>\n<p>[\/et_pb_text][et_pb_image src=&#8220;https:\/\/www.feuillerage.ch\/wp-content\/uploads\/2023\/06\/59539398_597592860745136_8001354451304579072_n-jpg.webp&#8220; alt=&#8220;C\u00e9dric Gaillard&#8220; _builder_version=&#8220;4.21.0&#8243; _module_preset=&#8220;default&#8220; width=&#8220;53%&#8220; border_radii=&#8220;on|29px|29px|29px|29px&#8220; box_shadow_style=&#8220;preset1&#8243; global_colors_info=&#8220;{}&#8220;][\/et_pb_image][et_pb_text _builder_version=&#8220;4.21.0&#8243; _module_preset=&#8220;default&#8220; header_2_text_color=&#8220;#ff5701&#8243; header_2_font_size=&#8220;25px&#8220; header_2_line_height=&#8220;1.1em&#8220; custom_padding=&#8220;17px||0px|||&#8220; global_colors_info=&#8220;{}&#8220;]<\/p>\n<h2>Was sagen die, die ihn lieben?<\/h2>\n<p>&nbsp;<\/p>\n<p>[\/et_pb_text][et_pb_testimonial author=&#8220;Docteur Gab&#8217;s&#8220; job_title=&#8220;Ber\u00fchmter Brauer aus dem Waadtland&#8220; portrait_url=&#8220;https:\/\/www.feuillerage.ch\/wp-content\/uploads\/2023\/06\/creatives-docteur-gabs-rebranding-bouteilles-design-logo-jpg.webp&#8220; _builder_version=&#8220;4.21.0&#8243; _module_preset=&#8220;default&#8220; body_font=&#8220;||on||||||&#8220; body_font_size=&#8220;21px&#8220; body_line_height=&#8220;1.8em&#8220; author_text_align=&#8220;left&#8220; author_font_size=&#8220;18px&#8220; author_line_height=&#8220;1em&#8220; width=&#8220;83%&#8220; min_height=&#8220;199px&#8220; custom_margin=&#8220;0px||||false|false&#8220; custom_padding=&#8220;17px||17px||false|false&#8220; global_colors_info=&#8220;{}&#8220;]&#8220;Die Balance zwischen Bier und Traubensaft ist sehr gut gelungen. <\/p>\n<p>La Quoi gef\u00e4llt denjenigen, die vor Bitterkeit fliehen, keinen Zuckerzusatz wollen oder etwas mit geringem Alkoholgehalt suchen.&#8220;[\/et_pb_testimonial][et_pb_testimonial author=&#8220;Sarah&#8220; _builder_version=&#8220;4.21.0&#8243; _module_preset=&#8220;default&#8220; body_font=&#8220;||on||||||&#8220; body_font_size=&#8220;21px&#8220; body_line_height=&#8220;1.8em&#8220; author_text_align=&#8220;left&#8220; author_font_size=&#8220;18px&#8220; author_line_height=&#8220;1em&#8220; width=&#8220;83%&#8220; min_height=&#8220;199px&#8220; custom_margin=&#8220;0px||||false|false&#8220; custom_padding=&#8220;17px||17px||false|false&#8220; global_colors_info=&#8220;{}&#8220;]<\/p>\n<blockquote><\/blockquote>\n<p>&#8222;Normalerweise mag ich Bier nicht besonders, aber das hier ist wirklich sehr, sehr gut. Die Mischung mit den Trauben ist eine sehr gute Idee. Der Geschmack ist super!&#8220;<span style=\"color: #000000; font-family: Helvetica Neue; font-size: small;\"><\/span><\/p>\n<blockquote><\/blockquote>\n<p>[\/et_pb_testimonial][et_pb_testimonial author=&#8220;Antoine&#8220; _builder_version=&#8220;4.21.0&#8243; _module_preset=&#8220;default&#8220; body_font=&#8220;||on||||||&#8220; body_font_size=&#8220;21px&#8220; body_line_height=&#8220;1.8em&#8220; author_text_align=&#8220;left&#8220; author_font_size=&#8220;18px&#8220; author_line_height=&#8220;1em&#8220; width=&#8220;83%&#8220; min_height=&#8220;199px&#8220; custom_margin=&#8220;0px||||false|false&#8220; custom_padding=&#8220;17px||17px||false|false&#8220; global_colors_info=&#8220;{}&#8220;]<\/p>\n<blockquote><\/blockquote>\n<p>&#8222;Hyperfrisch, nicht zu s\u00fc\u00df und trotzdem ein guter Geschmack nach Binch&#8220;. <span style=\"color: #000000; font-family: Helvetica Neue; font-size: small;\"><\/span><\/p>\n<blockquote><\/blockquote>\n<p>[\/et_pb_testimonial][et_pb_testimonial author=&#8220;Anne&#8220; _builder_version=&#8220;4.21.0&#8243; _module_preset=&#8220;default&#8220; body_font=&#8220;||on||||||&#8220; body_font_size=&#8220;21px&#8220; body_line_height=&#8220;1.8em&#8220; author_text_align=&#8220;left&#8220; author_font_size=&#8220;18px&#8220; author_line_height=&#8220;1em&#8220; width=&#8220;83%&#8220; min_height=&#8220;199px&#8220; custom_margin=&#8220;0px||||false|false&#8220; custom_padding=&#8220;17px||17px||false|false&#8220; global_colors_info=&#8220;{}&#8220;]<\/p>\n<blockquote><\/blockquote>\n<p>&#8222;Ich liebe seine Frische und seinen sommerlichen Geschmack&#8230;k\u00f6stlich&#8220; <span style=\"color: #000000; font-family: Helvetica Neue; font-size: small;\"><\/span><\/p>\n<blockquote><\/blockquote>\n<p>[\/et_pb_testimonial][et_pb_text _builder_version=&#8220;4.21.0&#8243; _module_preset=&#8220;default&#8220; header_2_text_color=&#8220;#ff5701&#8243; header_2_font_size=&#8220;25px&#8220; header_2_line_height=&#8220;1.1em&#8220; custom_padding=&#8220;||0px|||&#8220; global_colors_info=&#8220;{}&#8220;]<\/p>\n<h2>Wo finde ich la Quoi?<\/h2>\n<p>Sie k\u00f6nnen Quoi nat\u00fcrlich in Le Feuillerage kaufen, aber auch in unseren <a href=\"https:\/\/www.boissonquoi.ch#text03\"><span style=\"color: #ff5701;\">Verkaufsstellen<\/span><\/a> (Liste auf boissonquoi.ch).<\/p>\n<div id=\"merciapp-alerts-panel-container\" data-unique-field-id=\"a39036c90ad880e1af7069501f76d361-1688111172870\"><\/div>\n<p>[\/et_pb_text][\/et_pb_column][et_pb_column type=&#8220;1_2&#8243; _builder_version=&#8220;4.21.0&#8243; _module_preset=&#8220;default&#8220; background_color=&#8220;rgba(188,188,188,0.4)&#8220; custom_padding=&#8220;44px|23px|44px|23px|true|true&#8220; border_radii=&#8220;on|14px|14px|14px|14px&#8220; global_colors_info=&#8220;{}&#8220;][et_pb_text _builder_version=&#8220;4.21.0&#8243; _module_preset=&#8220;default&#8220; header_2_font=&#8220;|700||on|||||&#8220; header_2_text_color=&#8220;#ff5701&#8243; header_2_font_size=&#8220;27px&#8220; header_2_line_height=&#8220;1.1em&#8220; global_colors_info=&#8220;{}&#8220;]<\/p>\n<h2>Kaufen La Quoi<\/h2>\n<p>[\/et_pb_text][et_pb_image src=&#8220;https:\/\/www.feuillerage.ch\/wp-content\/uploads\/2023\/06\/image_site-jpg.webp&#8220; alt=&#8220;Kaufen La Quoi&#8220; _builder_version=&#8220;4.21.0&#8243; _module_preset=&#8220;default&#8220; box_shadow_style=&#8220;preset1&#8243; box_shadow_blur=&#8220;9px&#8220; global_colors_info=&#8220;{}&#8220;][\/et_pb_image][et_pb_text _builder_version=&#8220;4.21.0&#8243; _module_preset=&#8220;default&#8220; header_2_text_color=&#8220;#ff5701&#8243; header_2_font_size=&#8220;25px&#8220; header_2_line_height=&#8220;1.1em&#8220; custom_padding=&#8220;||0px|||&#8220; global_colors_info=&#8220;{}&#8220;]<\/p>\n<h2>St\u00fcckweise, im 4er-Pack, im 6er-Pack?<\/h2>\n<p>Alles oder fast alles ist m\u00f6glich. Sie k\u00f6nnen la Quoi nehmen:<\/p>\n<ul>\n<li>pro Karton mit 4 Flaschen<\/li>\n<li>pro Karton mit 6 Flaschen<\/li>\n<li>pro Kiste mit 15 Flaschen<\/li>\n<li>&#8230; oder pro St\u00fcck<\/li>\n<\/ul>\n<p>[\/et_pb_text][et_pb_wc_price product=&#8220;238900&#8243; _builder_version=&#8220;4.21.0&#8243; _module_preset=&#8220;default&#8220; body_text_color=&#8220;#ff5701&#8243; global_colors_info=&#8220;{}&#8220;][\/et_pb_wc_price][et_pb_wc_add_to_cart product=&#8220;238900&#8243; show_stock=&#8220;off&#8220; _builder_version=&#8220;4.21.0&#8243; _module_preset=&#8220;default&#8220; fields_background_color=&#8220;#ffffff&#8220; fields_custom_margin=&#8220;4px||||false|false&#8220; field_label_text_align=&#8220;center&#8220; field_label_line_height=&#8220;1em&#8220; fields_font_size=&#8220;30px&#8220; custom_button=&#8220;on&#8220; button_text_size=&#8220;27px&#8220; button_text_color=&#8220;#ffffff&#8220; button_bg_color=&#8220;#ff5701&#8243; button_border_width=&#8220;0px&#8220; button_border_radius=&#8220;47px&#8220; button_letter_spacing=&#8220;1px&#8220; button_use_icon=&#8220;off&#8220; button_custom_margin=&#8220;26px||||false|false&#8220; custom_margin=&#8220;0px||0px||false|false&#8220; custom_padding=&#8220;0px||0px||false|false&#8220; fields_font_size_tablet=&#8220;30px&#8220; fields_font_size_phone=&#8220;17px&#8220; fields_font_size_last_edited=&#8220;on|phone&#8220; button_text_size_tablet=&#8220;27px&#8220; button_text_size_phone=&#8220;19px&#8220; button_text_size_last_edited=&#8220;on|phone&#8220; button_letter_spacing_tablet=&#8220;1px&#8220; button_letter_spacing_phone=&#8220;0px&#8220; button_letter_spacing_last_edited=&#8220;on|phone&#8220; border_radii_fields=&#8220;on|20px|20px|20px|20px&#8220; box_shadow_style_button=&#8220;preset2&#8243; box_shadow_horizontal_button=&#8220;8px&#8220; global_colors_info=&#8220;{}&#8220;][\/et_pb_wc_add_to_cart][et_pb_button button_url=&#8220;https:\/\/www.feuillerage.ch\/de\/warenkorb\/&#8220; button_text=&#8220;Zum Warenkorb gehen&#8220; button_alignment=&#8220;center&#8220; _builder_version=&#8220;4.21.0&#8243; _module_preset=&#8220;default&#8220; custom_button=&#8220;on&#8220; button_text_size=&#8220;21px&#8220; button_text_color=&#8220;#FFFFFF&#8220; button_bg_color=&#8220;#999999&#8243; button_border_width=&#8220;0px&#8220; button_border_radius=&#8220;10px&#8220; button_use_icon=&#8220;off&#8220; custom_margin=&#8220;50px|||3px|false|false&#8220; custom_padding=&#8220;|70px||70px|false|true&#8220; button_text_shadow_style=&#8220;preset3&#8243; global_colors_info=&#8220;{}&#8220;][\/et_pb_button][\/et_pb_column][\/et_pb_row][\/et_pb_section]<\/p>\n","protected":false},"excerpt":{"rendered":"<p>La Quoi, die gepflegte Panaschierung, die Ihren Sommer erfrischt!La Quoi, was ist Was? Das ist Bier von Doctor Gab&#8217;s, gemischt mit Traubensaft, der in den Weinbergen der Domaine du Feuillerage angebaut wird.Und wie sieht es aus? Ein erfrischender Durstl\u00f6scher mit geringem Alkoholgehalt (3%) und einem runden, fruchtigen Geschmack, der jedoch nicht s\u00fc\u00df ist.Wer stellt sie [&hellip;]<\/p>\n","protected":false},"author":2,"featured_media":0,"parent":0,"menu_order":0,"comment_status":"closed","ping_status":"closed","template":"","meta":{"_acf_changed":false,"_et_pb_use_builder":"on","_et_pb_old_content":"","_et_gb_content_width":"","footnotes":""},"class_list":["post-240724","page","type-page","status-publish","hentry"],"acf":[],"yoast_head":"<!-- This site is optimized with the Yoast SEO plugin v25.6 - https:\/\/yoast.com\/wordpress\/plugins\/seo\/ -->\n<title>Kaufen La Quoi<\/title>\n<meta name=\"description\" content=\"La Quoi, diese subtile Mischung aus dem Traubensaft von Le Feuillerage und dem Bier von Doctor Gab&#039;s. Kaufen Sie La Quoi auf der website\" \/>\n<meta name=\"robots\" content=\"index, follow, max-snippet:-1, max-image-preview:large, max-video-preview:-1\" \/>\n<link rel=\"canonical\" href=\"https:\/\/www.feuillerage.ch\/de\/kaufen-la-quoi\/\" \/>\n<meta property=\"og:locale\" content=\"de_DE\" \/>\n<meta property=\"og:type\" content=\"article\" \/>\n<meta property=\"og:title\" content=\"Kaufen La Quoi\" \/>\n<meta property=\"og:description\" content=\"La Quoi, diese subtile Mischung aus dem Traubensaft von Le Feuillerage und dem Bier von Doctor Gab&#039;s. Kaufen Sie La Quoi auf der website\" \/>\n<meta property=\"og:url\" content=\"https:\/\/www.feuillerage.ch\/de\/kaufen-la-quoi\/\" \/>\n<meta property=\"og:site_name\" content=\"Feuillerage Weingut\" \/>\n<meta property=\"article:publisher\" content=\"https:\/\/m.facebook.com\/feuillerage\/?ref=ts\" \/>\n<meta property=\"article:modified_time\" content=\"2023-07-04T09:04:03+00:00\" \/>\n<meta name=\"twitter:card\" content=\"summary_large_image\" \/>\n<meta name=\"twitter:label1\" content=\"Gesch\u00e4tzte Lesezeit\" \/>\n\t<meta name=\"twitter:data1\" content=\"7\u00a0Minuten\" \/>\n<script type=\"application\/ld+json\" class=\"yoast-schema-graph\">{\"@context\":\"https:\/\/schema.org\",\"@graph\":[{\"@type\":\"WebPage\",\"@id\":\"https:\/\/www.feuillerage.ch\/de\/kaufen-la-quoi\/\",\"url\":\"https:\/\/www.feuillerage.ch\/de\/kaufen-la-quoi\/\",\"name\":\"Kaufen La Quoi\",\"isPartOf\":{\"@id\":\"https:\/\/www.feuillerage.ch\/de\/#website\"},\"datePublished\":\"2023-07-04T09:04:00+00:00\",\"dateModified\":\"2023-07-04T09:04:03+00:00\",\"description\":\"La Quoi, diese subtile Mischung aus dem Traubensaft von Le Feuillerage und dem Bier von Doctor Gab's. Kaufen Sie La Quoi auf der website\",\"breadcrumb\":{\"@id\":\"https:\/\/www.feuillerage.ch\/de\/kaufen-la-quoi\/#breadcrumb\"},\"inLanguage\":\"de\",\"potentialAction\":[{\"@type\":\"ReadAction\",\"target\":[\"https:\/\/www.feuillerage.ch\/de\/kaufen-la-quoi\/\"]}]},{\"@type\":\"BreadcrumbList\",\"@id\":\"https:\/\/www.feuillerage.ch\/de\/kaufen-la-quoi\/#breadcrumb\",\"itemListElement\":[{\"@type\":\"ListItem\",\"position\":1,\"name\":\"Accueil\",\"item\":\"https:\/\/www.feuillerage.ch\/de\/\"},{\"@type\":\"ListItem\",\"position\":2,\"name\":\"Kaufen La Quoi\"}]},{\"@type\":\"WebSite\",\"@id\":\"https:\/\/www.feuillerage.ch\/de\/#website\",\"url\":\"https:\/\/www.feuillerage.ch\/de\/\",\"name\":\"Feuillerage Weingut\",\"description\":\"Vignerons sur la C\u00f4te vaudoise\",\"publisher\":{\"@id\":\"https:\/\/www.feuillerage.ch\/de\/#organization\"},\"potentialAction\":[{\"@type\":\"SearchAction\",\"target\":{\"@type\":\"EntryPoint\",\"urlTemplate\":\"https:\/\/www.feuillerage.ch\/de\/?s={search_term_string}\"},\"query-input\":{\"@type\":\"PropertyValueSpecification\",\"valueRequired\":true,\"valueName\":\"search_term_string\"}}],\"inLanguage\":\"de\"},{\"@type\":\"Organization\",\"@id\":\"https:\/\/www.feuillerage.ch\/de\/#organization\",\"name\":\"Domaine du Feuillerage\",\"url\":\"https:\/\/www.feuillerage.ch\/de\/\",\"logo\":{\"@type\":\"ImageObject\",\"inLanguage\":\"de\",\"@id\":\"https:\/\/www.feuillerage.ch\/de\/#\/schema\/logo\/image\/\",\"url\":\"https:\/\/www.feuillerage.ch\/wp-content\/uploads\/2019\/01\/Logo-encore-petit.png\",\"contentUrl\":\"https:\/\/www.feuillerage.ch\/wp-content\/uploads\/2019\/01\/Logo-encore-petit.png\",\"width\":2880,\"height\":1824,\"caption\":\"Domaine du Feuillerage\"},\"image\":{\"@id\":\"https:\/\/www.feuillerage.ch\/de\/#\/schema\/logo\/image\/\"},\"sameAs\":[\"https:\/\/m.facebook.com\/feuillerage\/?ref=ts\"]}]}<\/script>\n<!-- \/ Yoast SEO plugin. -->","yoast_head_json":{"title":"Kaufen La Quoi","description":"La Quoi, diese subtile Mischung aus dem Traubensaft von Le Feuillerage und dem Bier von Doctor Gab's. Kaufen Sie La Quoi auf der website","robots":{"index":"index","follow":"follow","max-snippet":"max-snippet:-1","max-image-preview":"max-image-preview:large","max-video-preview":"max-video-preview:-1"},"canonical":"https:\/\/www.feuillerage.ch\/de\/kaufen-la-quoi\/","og_locale":"de_DE","og_type":"article","og_title":"Kaufen La Quoi","og_description":"La Quoi, diese subtile Mischung aus dem Traubensaft von Le Feuillerage und dem Bier von Doctor Gab's. Kaufen Sie La Quoi auf der website","og_url":"https:\/\/www.feuillerage.ch\/de\/kaufen-la-quoi\/","og_site_name":"Feuillerage Weingut","article_publisher":"https:\/\/m.facebook.com\/feuillerage\/?ref=ts","article_modified_time":"2023-07-04T09:04:03+00:00","twitter_card":"summary_large_image","twitter_misc":{"Gesch\u00e4tzte Lesezeit":"7\u00a0Minuten"},"schema":{"@context":"https:\/\/schema.org","@graph":[{"@type":"WebPage","@id":"https:\/\/www.feuillerage.ch\/de\/kaufen-la-quoi\/","url":"https:\/\/www.feuillerage.ch\/de\/kaufen-la-quoi\/","name":"Kaufen La Quoi","isPartOf":{"@id":"https:\/\/www.feuillerage.ch\/de\/#website"},"datePublished":"2023-07-04T09:04:00+00:00","dateModified":"2023-07-04T09:04:03+00:00","description":"La Quoi, diese subtile Mischung aus dem Traubensaft von Le Feuillerage und dem Bier von Doctor Gab's. Kaufen Sie La Quoi auf der website","breadcrumb":{"@id":"https:\/\/www.feuillerage.ch\/de\/kaufen-la-quoi\/#breadcrumb"},"inLanguage":"de","potentialAction":[{"@type":"ReadAction","target":["https:\/\/www.feuillerage.ch\/de\/kaufen-la-quoi\/"]}]},{"@type":"BreadcrumbList","@id":"https:\/\/www.feuillerage.ch\/de\/kaufen-la-quoi\/#breadcrumb","itemListElement":[{"@type":"ListItem","position":1,"name":"Accueil","item":"https:\/\/www.feuillerage.ch\/de\/"},{"@type":"ListItem","position":2,"name":"Kaufen La Quoi"}]},{"@type":"WebSite","@id":"https:\/\/www.feuillerage.ch\/de\/#website","url":"https:\/\/www.feuillerage.ch\/de\/","name":"Feuillerage Weingut","description":"Vignerons sur la C\u00f4te vaudoise","publisher":{"@id":"https:\/\/www.feuillerage.ch\/de\/#organization"},"potentialAction":[{"@type":"SearchAction","target":{"@type":"EntryPoint","urlTemplate":"https:\/\/www.feuillerage.ch\/de\/?s={search_term_string}"},"query-input":{"@type":"PropertyValueSpecification","valueRequired":true,"valueName":"search_term_string"}}],"inLanguage":"de"},{"@type":"Organization","@id":"https:\/\/www.feuillerage.ch\/de\/#organization","name":"Domaine du Feuillerage","url":"https:\/\/www.feuillerage.ch\/de\/","logo":{"@type":"ImageObject","inLanguage":"de","@id":"https:\/\/www.feuillerage.ch\/de\/#\/schema\/logo\/image\/","url":"https:\/\/www.feuillerage.ch\/wp-content\/uploads\/2019\/01\/Logo-encore-petit.png","contentUrl":"https:\/\/www.feuillerage.ch\/wp-content\/uploads\/2019\/01\/Logo-encore-petit.png","width":2880,"height":1824,"caption":"Domaine du Feuillerage"},"image":{"@id":"https:\/\/www.feuillerage.ch\/de\/#\/schema\/logo\/image\/"},"sameAs":["https:\/\/m.facebook.com\/feuillerage\/?ref=ts"]}]}},"_links":{"self":[{"href":"https:\/\/www.feuillerage.ch\/de\/wp-json\/wp\/v2\/pages\/240724"}],"collection":[{"href":"https:\/\/www.feuillerage.ch\/de\/wp-json\/wp\/v2\/pages"}],"about":[{"href":"https:\/\/www.feuillerage.ch\/de\/wp-json\/wp\/v2\/types\/page"}],"author":[{"embeddable":true,"href":"https:\/\/www.feuillerage.ch\/de\/wp-json\/wp\/v2\/users\/2"}],"replies":[{"embeddable":true,"href":"https:\/\/www.feuillerage.ch\/de\/wp-json\/wp\/v2\/comments?post=240724"}],"version-history":[{"count":5,"href":"https:\/\/www.feuillerage.ch\/de\/wp-json\/wp\/v2\/pages\/240724\/revisions"}],"predecessor-version":[{"id":240729,"href":"https:\/\/www.feuillerage.ch\/de\/wp-json\/wp\/v2\/pages\/240724\/revisions\/240729"}],"wp:attachment":[{"href":"https:\/\/www.feuillerage.ch\/de\/wp-json\/wp\/v2\/media?parent=240724"}],"curies":[{"name":"wp","href":"https:\/\/api.w.org\/{rel}","templated":true}]}}