{"id":242133,"date":"2025-07-15T11:15:47","date_gmt":"2025-07-15T09:15:47","guid":{"rendered":"https:\/\/www.feuillerage.ch\/?page_id=242133"},"modified":"2025-10-21T09:31:54","modified_gmt":"2025-10-21T07:31:54","slug":"visite","status":"publish","type":"page","link":"https:\/\/www.feuillerage.ch\/de\/visite\/","title":{"rendered":"Visite"},"content":{"rendered":"<p>[et_pb_section fb_built=&#8220;1&#8243; _builder_version=&#8220;4.27.4&#8243; _module_preset=&#8220;default&#8220; global_colors_info=&#8220;{}&#8220;][et_pb_row _builder_version=&#8220;4.27.4&#8243; _module_preset=&#8220;default&#8220; global_colors_info=&#8220;{}&#8220;][et_pb_column type=&#8220;4_4&#8243; _builder_version=&#8220;4.27.4&#8243; _module_preset=&#8220;default&#8220; global_colors_info=&#8220;{}&#8220;][et_pb_text _builder_version=&#8220;4.27.4&#8243; _module_preset=&#8220;default&#8220; global_colors_info=&#8220;{}&#8220;]<\/p>\n<p style=\"text-align: center\">VISITES<\/p>\n<p>[\/et_pb_text][et_pb_text _builder_version=&#8220;4.27.4&#8243; _module_preset=&#8220;default&#8220; header_text_align=&#8220;center&#8220; header_font_size=&#8220;37px&#8220; global_colors_info=&#8220;{}&#8220;]<\/p>\n<h1><strong data-start=\"159\" data-end=\"185\">PARTAGEONS L\u2019ESSENTIEL<\/strong><\/h1>\n<p>[\/et_pb_text][et_pb_text _builder_version=&#8220;4.27.4&#8243; _module_preset=&#8220;default&#8220; global_colors_info=&#8220;{}&#8220;]<\/p>\n<p style=\"text-align: center\" data-start=\"86\" data-end=\"228\">Le Domaine du Feuillerage, c\u2019est bien plus que des vins. C\u2019est un lieu \u00e0 vivre et \u00e0 partager, o\u00f9 chaque instant devient un souvenir. D\u00e9couvrez nos activit\u00e9s et laissez-vous surprendre par des exp\u00e9riences authentiques et conviviales, au c\u0153ur de notre terroir.<\/p>\n<p>[\/et_pb_text][et_pb_text _builder_version=&#8220;4.27.4&#8243; _module_preset=&#8220;default&#8220; header_text_color=&#8220;#000000&#8243; header_2_text_color=&#8220;#000000&#8243; header_2_font_size=&#8220;21px&#8220; global_colors_info=&#8220;{}&#8220;]<\/p>\n<h2 style=\"text-align: center;\">Horaires de la cave<\/h2>\n<div class=\"et_pb_module et_pb_text et_pb_text_2 et_pb_text_align_center et_pb_bg_layout_light et_had_animation\">\n<div class=\"et_pb_text_inner\">\n<p><strong><\/strong><\/p>\n<p><strong>Lundi \u2013 Mardi<br \/><\/strong><span>09:00 \u2013 12:00<\/span><\/p>\n<p><span>13:30 \u2013 18:30<\/span><\/p>\n<\/div>\n<\/div>\n<div class=\"et_pb_module et_pb_text et_pb_text_3 et_pb_text_align_center et_pb_bg_layout_light et_had_animation\">\n<div class=\"et_pb_text_inner\">\n<div class=\"et_pb_module et_pb_text et_pb_text_2 et_pb_text_align_center et_pb_bg_layout_light et_had_animation\">\n<div class=\"et_pb_text_inner\">\n<p><strong>Mercredi\u00a0<br \/><\/strong><span>17:00 \u2013 18:30<\/span>\u00a0<\/p>\n<p><strong>Jeudi\u00a0<br \/><\/strong><span>13:30 \u2013 18:30<\/span>\u00a0<\/p>\n<\/div>\n<\/div>\n<p><strong>Vendredi<br \/><\/strong><span>17:00 \u2013 19:00<\/span><span style=\"font-size: 17px; text-align: left;\">\u00a0<\/span><\/p>\n<\/div>\n<\/div>\n<div class=\"et_pb_module et_pb_text et_pb_text_4 et_pb_text_align_center et_pb_bg_layout_light et_had_animation\">\n<div class=\"et_pb_text_inner\">\n<p><span><b>Samedi<br \/><\/b><\/span><span>09:00 \u2013 13:00<\/span><\/p>\n<p>ou sur rendez-vous : +41 21 825 12 63<span><\/span><\/p>\n<p><span><\/span><\/p>\n<\/div>\n<\/div>\n<p>[\/et_pb_text][\/et_pb_column][\/et_pb_row][et_pb_row column_structure=&#8220;1_3,1_3,1_3&#8243; _builder_version=&#8220;4.27.4&#8243; _module_preset=&#8220;default&#8220; custom_padding=&#8220;||0px|||&#8220; global_colors_info=&#8220;{}&#8220;][et_pb_column type=&#8220;1_3&#8243; _builder_version=&#8220;4.27.4&#8243; _module_preset=&#8220;default&#8220; global_colors_info=&#8220;{}&#8220;][et_pb_image src=&#8220;https:\/\/www.feuillerage.ch\/wp-content\/uploads\/2025\/09\/degustation-entreprise-jpg.avif&#8220; title_text=&#8220;de\u0301gustation entreprise&#8220; _builder_version=&#8220;4.27.4&#8243; _module_preset=&#8220;default&#8220; global_colors_info=&#8220;{}&#8220;][\/et_pb_image][et_pb_text _builder_version=&#8220;4.27.4&#8243; _module_preset=&#8220;default&#8220; header_2_font=&#8220;|||on|||||&#8220; header_2_text_color=&#8220;#000000&#8243; header_2_font_size=&#8220;19px&#8220; global_colors_info=&#8220;{}&#8220;]<\/p>\n<h2>Soir\u00e9e d&#8217;entreprise<\/h2>\n<p>[\/et_pb_text][et_pb_text _builder_version=&#8220;4.27.4&#8243; _module_preset=&#8220;default&#8220; global_colors_info=&#8220;{}&#8220;]<\/p>\n<p>Et si le domaine du Feuillerage \u00e9tait votre prochaine sortie de bo\u00eete?<\/p>\n<p>Nous vous proposons une soir\u00e9e autour des go\u00fbts, de la d\u00e9couverte et&#8230; de la gourmandise.<\/p>\n<ul>\n<li>Cours d&#8217;initiation \u00e0 la d\u00e9gustation<\/li>\n<li>Malakoffs dans notre chai \u00e0 barriques<\/li>\n<li>Max: 40 personnes<\/li>\n<\/ul>\n<p>&nbsp;<\/p>\n<p>[\/et_pb_text][et_pb_text disabled_on=&#8220;off|off|on&#8220; _builder_version=&#8220;4.27.4&#8243; _module_preset=&#8220;default&#8220; custom_margin=&#8220;-19px|||||&#8220; custom_padding=&#8220;||0px|||&#8220; hover_enabled=&#8220;0&#8243; global_colors_info=&#8220;{}&#8220; sticky_enabled=&#8220;0&#8243;]<\/p>\n<p>Tarif : d\u00e8s 125 CHF par personne<\/p>\n<p><a href=\"https:\/\/www.feuillerage.ch\/soiree-dentreprise\/\">Informations et r\u00e9servations<\/a><\/p>\n<p>[\/et_pb_text][\/et_pb_column][et_pb_column type=&#8220;1_3&#8243; _builder_version=&#8220;4.27.4&#8243; _module_preset=&#8220;default&#8220; global_colors_info=&#8220;{}&#8220;][et_pb_image src=&#8220;https:\/\/www.feuillerage.ch\/wp-content\/uploads\/2025\/07\/bouteilles_redim-jpg.avif&#8220; alt=&#8220;bouteilles feuillerage<br \/>\n&#8220; title_text=&#8220;bouteilles&#8220; _builder_version=&#8220;4.27.4&#8243; _module_preset=&#8220;default&#8220; max_width=&#8220;100%&#8220; custom_padding=&#8220;1px||0px|||&#8220; global_colors_info=&#8220;{}&#8220;][\/et_pb_image][et_pb_text _builder_version=&#8220;4.27.4&#8243; _module_preset=&#8220;default&#8220; header_2_font=&#8220;|||on|||||&#8220; header_2_text_color=&#8220;#000000&#8243; header_2_font_size=&#8220;19px&#8220; global_colors_info=&#8220;{}&#8220;]<\/p>\n<h2>D\u00e9gustation d\u00e9couverte<\/h2>\n<p>[\/et_pb_text][et_pb_text _builder_version=&#8220;4.27.4&#8243; _module_preset=&#8220;default&#8220; global_colors_info=&#8220;{}&#8220;]<\/p>\n<p>Empruntez notre parcours de d\u00e9gustation et d\u00e9couvrez l&#8217;univers de nos vins.<\/p>\n<ul>\n<li>D\u00e9gustation comment\u00e9e, 3 ou 5 vins<\/li>\n<li>Dur\u00e9e : 1 heure<\/li>\n<\/ul>\n<p>&nbsp;<\/p>\n<p>[\/et_pb_text][et_pb_text disabled_on=&#8220;off|off|on&#8220; _builder_version=&#8220;4.27.4&#8243; _module_preset=&#8220;default&#8220; custom_margin=&#8220;-19px|||||&#8220; custom_padding=&#8220;||0px|||&#8220; global_colors_info=&#8220;{}&#8220;]<\/p>\n<p>Tarif : d\u00e8s 13 CHF par personne<\/p>\n<p><a href=\"https:\/\/www.feuillerage.ch\/degustation-decouverte\/\">Informations et r\u00e9servations<\/a><\/p>\n<p>[\/et_pb_text][\/et_pb_column][et_pb_column type=&#8220;1_3&#8243; _builder_version=&#8220;4.27.4&#8243; _module_preset=&#8220;default&#8220; global_colors_info=&#8220;{}&#8220;][et_pb_image src=&#8220;https:\/\/www.feuillerage.ch\/wp-content\/uploads\/2025\/07\/tonneau-jpg.avif&#8220; alt=&#8220;Capite pour un pique-nique&#8220; title_text=&#8220;Tonneau&#8220; _builder_version=&#8220;4.27.4&#8243; _module_preset=&#8220;default&#8220; global_colors_info=&#8220;{}&#8220;][\/et_pb_image][et_pb_text _builder_version=&#8220;4.27.4&#8243; _module_preset=&#8220;default&#8220; header_2_font=&#8220;|||on|||||&#8220; header_2_text_color=&#8220;#000000&#8243; header_2_font_size=&#8220;19px&#8220; global_colors_info=&#8220;{}&#8220;]<\/p>\n<h2>Fondue dans le tonneau<\/h2>\n<p>[\/et_pb_text][et_pb_text _builder_version=&#8220;4.27.4&#8243; _module_preset=&#8220;default&#8220; global_colors_info=&#8220;{}&#8220;]<\/p>\n<p>Notre tonneau centenaire, lieu insolite et charg\u00e9 d\u2019histoire, vous accueille pour un moment hors du temps.<\/p>\n<p>&nbsp;<\/p>\n<ul>\n<li>Fondue moiti\u00e9-moiti\u00e9 de la Fromagerie Kaempf \u00e0 Cottens<\/li>\n<li>Dur\u00e9e : 2 heures<\/li>\n<\/ul>\n<p>[\/et_pb_text][et_pb_text disabled_on=&#8220;off|off|on&#8220; _builder_version=&#8220;4.27.4&#8243; _module_preset=&#8220;default&#8220; custom_margin=&#8220;-20px|||||&#8220; global_colors_info=&#8220;{}&#8220;]<\/p>\n<p>Tarif : 38 CHF par personne<\/p>\n<p><a href=\"https:\/\/www.feuillerage.ch\/fondue-dans-un-tonneau-centenaire\/\">Informations et r\u00e9servations<\/a><\/p>\n<p>[\/et_pb_text][\/et_pb_column][\/et_pb_row][et_pb_row column_structure=&#8220;1_3,1_3,1_3&#8243; disabled_on=&#8220;on|off|off&#8220; _builder_version=&#8220;4.27.4&#8243; _module_preset=&#8220;default&#8220; global_colors_info=&#8220;{}&#8220;][et_pb_column type=&#8220;1_3&#8243; _builder_version=&#8220;4.27.4&#8243; _module_preset=&#8220;default&#8220; global_colors_info=&#8220;{}&#8220;][et_pb_text _builder_version=&#8220;4.27.4&#8243; _module_preset=&#8220;default&#8220; custom_padding=&#8220;||0px|||&#8220; hover_enabled=&#8220;0&#8243; global_colors_info=&#8220;{}&#8220; sticky_enabled=&#8220;0&#8243;]<\/p>\n<p>Tarif : d\u00e8s 125 CHF par personne<\/p>\n<p><a href=\"https:\/\/www.feuillerage.ch\/soiree-dentreprise\/\">Informations et r\u00e9servations<\/a><\/p>\n<p>[\/et_pb_text][\/et_pb_column][et_pb_column type=&#8220;1_3&#8243; _builder_version=&#8220;4.27.4&#8243; _module_preset=&#8220;default&#8220; global_colors_info=&#8220;{}&#8220;][et_pb_text _builder_version=&#8220;4.27.4&#8243; _module_preset=&#8220;default&#8220; custom_padding=&#8220;||0px|||&#8220; global_colors_info=&#8220;{}&#8220;]<\/p>\n<p>Tarif : d\u00e8s 13 CHF par personne<\/p>\n<p><a href=\"https:\/\/www.feuillerage.ch\/degustation-decouverte\/\">Informations et r\u00e9servations<\/a><\/p>\n<p>[\/et_pb_text][\/et_pb_column][et_pb_column type=&#8220;1_3&#8243; _builder_version=&#8220;4.27.4&#8243; _module_preset=&#8220;default&#8220; global_colors_info=&#8220;{}&#8220;][et_pb_text _builder_version=&#8220;4.27.4&#8243; _module_preset=&#8220;default&#8220; global_colors_info=&#8220;{}&#8220;]<\/p>\n<p>Tarif : 38 CHF par personne<\/p>\n<p><a href=\"https:\/\/www.feuillerage.ch\/fondue-dans-un-tonneau-centenaire\/\">Informations et r\u00e9servations<\/a><\/p>\n<p>[\/et_pb_text][\/et_pb_column][\/et_pb_row][et_pb_row _builder_version=&#8220;4.27.4&#8243; _module_preset=&#8220;default&#8220; global_colors_info=&#8220;{}&#8220;][et_pb_column type=&#8220;4_4&#8243; _builder_version=&#8220;4.27.4&#8243; _module_preset=&#8220;default&#8220; global_colors_info=&#8220;{}&#8220;][et_pb_divider _builder_version=&#8220;4.27.4&#8243; _module_preset=&#8220;default&#8220; global_colors_info=&#8220;{}&#8220;][\/et_pb_divider][\/et_pb_column][\/et_pb_row][et_pb_row column_structure=&#8220;1_3,1_3,1_3&#8243; _builder_version=&#8220;4.27.4&#8243; _module_preset=&#8220;default&#8220; custom_padding=&#8220;||0px|||&#8220; global_colors_info=&#8220;{}&#8220;][et_pb_column type=&#8220;1_3&#8243; _builder_version=&#8220;4.27.4&#8243; _module_preset=&#8220;default&#8220; global_colors_info=&#8220;{}&#8220;][et_pb_image src=&#8220;https:\/\/www.feuillerage.ch\/wp-content\/uploads\/2025\/08\/pic-nic-chany-jpg.avif&#8220; alt=&#8220;capite \u00e0 Chany pour un pique-nique&#8220; title_text=&#8220;pic nic chany&#8220; _builder_version=&#8220;4.27.4&#8243; _module_preset=&#8220;default&#8220; global_colors_info=&#8220;{}&#8220;][\/et_pb_image][et_pb_text _builder_version=&#8220;4.27.4&#8243; _module_preset=&#8220;default&#8220; header_2_font=&#8220;|||on|||||&#8220; header_2_text_color=&#8220;#000000&#8243; header_2_font_size=&#8220;19px&#8220; global_colors_info=&#8220;{}&#8220;]<\/p>\n<h2>Pique-Nique dans les vignes<\/h2>\n<p>[\/et_pb_text][et_pb_text _builder_version=&#8220;4.27.4&#8243; _module_preset=&#8220;default&#8220; custom_margin=&#8220;||-1px|||&#8220; custom_padding=&#8220;||5px|||&#8220; global_colors_info=&#8220;{}&#8220;]<\/p>\n<p>Profitez de notre capite de vigne pour vous le temps d&#8217;un pique-nique.<\/p>\n<p>&nbsp;<\/p>\n<ul>\n<li>Un d\u00e9licieux pique-nique pr\u00e9par\u00e9 par notre traiteur Uluwatu \u00e0 Rolle<\/li>\n<li>Nos vins soigneusement s\u00e9le\u00e9ctionn\u00e9s pour accompagner votre pique-nique au coeur des vignes<\/li>\n<li>Dur\u00e9e : 2 heures<\/li>\n<\/ul>\n<p>[\/et_pb_text][et_pb_text disabled_on=&#8220;off|on|on&#8220; _builder_version=&#8220;4.27.4&#8243; _module_preset=&#8220;default&#8220; global_colors_info=&#8220;{}&#8220;]<\/p>\n<p>Tarif: 49 CHF par personne<\/p>\n<p><a href=\"https:\/\/www.feuillerage.ch\/2025\/05\/19\/pique-nique-dans-les-vignes\/\">Informations et r\u00e9servations<\/a><\/p>\n<p>[\/et_pb_text][\/et_pb_column][et_pb_column type=&#8220;1_3&#8243; _builder_version=&#8220;4.27.4&#8243; _module_preset=&#8220;default&#8220; global_colors_info=&#8220;{}&#8220;][et_pb_image src=&#8220;https:\/\/www.feuillerage.ch\/wp-content\/uploads\/2025\/07\/DSCF7069-jpg.avif&#8220; alt=&#8220;Cave&#8220; title_text=&#8220;DSCF7069&#8243; _builder_version=&#8220;4.27.4&#8243; _module_preset=&#8220;default&#8220; max_width=&#8220;100%&#8220; custom_padding=&#8220;1px||0px|||&#8220; global_colors_info=&#8220;{}&#8220;][\/et_pb_image][et_pb_text _builder_version=&#8220;4.27.4&#8243; _module_preset=&#8220;default&#8220; header_2_font=&#8220;|||on|||||&#8220; header_2_text_color=&#8220;#000000&#8243; header_2_font_size=&#8220;19px&#8220; global_colors_info=&#8220;{}&#8220;]<\/p>\n<h2>Location de nos locaux<\/h2>\n<p>[\/et_pb_text][et_pb_text _builder_version=&#8220;4.27.4&#8243; _module_preset=&#8220;default&#8220; global_colors_info=&#8220;{}&#8220;]<\/p>\n<p>R\u00e9servez nos locaux pour votre \u00e9v\u00e9nement<\/p>\n<p>&nbsp;<\/p>\n<ul>\n<li>40 personnes dans notre chai \u00e0 barriques<\/li>\n<\/ul>\n<p>[\/et_pb_text][et_pb_text disabled_on=&#8220;off|off|on&#8220; _builder_version=&#8220;4.27.4&#8243; _module_preset=&#8220;default&#8220; custom_margin=&#8220;-27px|||||&#8220; global_colors_info=&#8220;{}&#8220;]<\/p>\n<p><a href=\"https:\/\/www.feuillerage.ch\/location-de-nos-locaux\/\">Informations et r\u00e9servations<\/a><\/p>\n<p>[\/et_pb_text][\/et_pb_column][et_pb_column type=&#8220;1_3&#8243; _builder_version=&#8220;4.27.4&#8243; _module_preset=&#8220;default&#8220; global_colors_info=&#8220;{}&#8220;][et_pb_image src=&#8220;https:\/\/www.feuillerage.ch\/wp-content\/uploads\/2025\/07\/camping-cariste-jpg.avif&#8220; alt=&#8220;Halte pour camping cariste<br \/>\n&#8220; title_text=&#8220;camping cariste&#8220; _builder_version=&#8220;4.27.4&#8243; _module_preset=&#8220;default&#8220; global_colors_info=&#8220;{}&#8220;][\/et_pb_image][et_pb_text _builder_version=&#8220;4.27.4&#8243; _module_preset=&#8220;default&#8220; header_2_font=&#8220;|||on|||||&#8220; header_2_text_color=&#8220;#000000&#8243; header_2_font_size=&#8220;19px&#8220; global_colors_info=&#8220;{}&#8220;]<\/p>\n<h2 style=\"text-align: left;\">Halte pour camping-cariste<\/h2>\n<p>[\/et_pb_text][et_pb_text _builder_version=&#8220;4.27.4&#8243; _module_preset=&#8220;default&#8220; global_colors_info=&#8220;{}&#8220;]<\/p>\n<p>Chaque saison, une centaine de camping-cariste s&#8217;arr\u00eatent dans notre domaine. Bienvenue aux vacanciers.<\/p>\n<p>&nbsp;<\/p>\n<ul>\n<li>Un spot au coeur des vignes, calme et silencieux<\/li>\n<li>Dur\u00e9e : 1 nuit<\/li>\n<\/ul>\n<p>[\/et_pb_text][et_pb_text disabled_on=&#8220;off|off|on&#8220; _builder_version=&#8220;4.27.4&#8243; _module_preset=&#8220;default&#8220; custom_margin=&#8220;-19px|||||&#8220; global_colors_info=&#8220;{}&#8220;]<\/p>\n<p>+41 21 825 12 63 pour r\u00e9server<\/p>\n<p>[\/et_pb_text][\/et_pb_column][\/et_pb_row][et_pb_row column_structure=&#8220;1_3,1_3,1_3&#8243; disabled_on=&#8220;on|on|off&#8220; _builder_version=&#8220;4.27.4&#8243; _module_preset=&#8220;default&#8220; global_colors_info=&#8220;{}&#8220;][et_pb_column type=&#8220;1_3&#8243; _builder_version=&#8220;4.27.4&#8243; _module_preset=&#8220;default&#8220; global_colors_info=&#8220;{}&#8220;][et_pb_text disabled_on=&#8220;off|off|off&#8220; _builder_version=&#8220;4.27.4&#8243; _module_preset=&#8220;default&#8220; global_colors_info=&#8220;{}&#8220;]<\/p>\n<p><a href=\"https:\/\/www.feuillerage.ch\/2025\/05\/19\/pique-nique-dans-les-vignes\/\">Informations et r\u00e9servations<\/a><\/p>\n<p>[\/et_pb_text][\/et_pb_column][et_pb_column type=&#8220;1_3&#8243; _builder_version=&#8220;4.27.4&#8243; _module_preset=&#8220;default&#8220; global_colors_info=&#8220;{}&#8220;][et_pb_text _builder_version=&#8220;4.27.4&#8243; _module_preset=&#8220;default&#8220; global_colors_info=&#8220;{}&#8220;]<\/p>\n<p><a href=\"https:\/\/www.feuillerage.ch\/location-de-nos-locaux\/\">Informations et r\u00e9servations<\/a><\/p>\n<p>[\/et_pb_text][\/et_pb_column][et_pb_column type=&#8220;1_3&#8243; _builder_version=&#8220;4.27.4&#8243; _module_preset=&#8220;default&#8220; global_colors_info=&#8220;{}&#8220;][et_pb_text _builder_version=&#8220;4.27.4&#8243; _module_preset=&#8220;default&#8220; global_colors_info=&#8220;{}&#8220;]<\/p>\n<p>+41 21 825 12 63 pour r\u00e9server<\/p>\n<p>[\/et_pb_text][\/et_pb_column][\/et_pb_row][et_pb_row _builder_version=&#8220;4.27.4&#8243; _module_preset=&#8220;default&#8220; global_colors_info=&#8220;{}&#8220;][et_pb_column type=&#8220;4_4&#8243; _builder_version=&#8220;4.27.4&#8243; _module_preset=&#8220;default&#8220; global_colors_info=&#8220;{}&#8220;][et_pb_divider _builder_version=&#8220;4.27.4&#8243; _module_preset=&#8220;default&#8220; global_colors_info=&#8220;{}&#8220;][\/et_pb_divider][et_pb_text _builder_version=&#8220;4.27.4&#8243; _module_preset=&#8220;default&#8220; global_colors_info=&#8220;{}&#8220;]<\/p>\n<p style=\"text-align: center\">Vous ne savez pas que choisir?<\/p>\n<p style=\"text-align: center\">Nous avons des bons cadeaux \u00e0 faire valoir sur nos vins et toutes nos activit\u00e9s.<\/p>\n<p>[\/et_pb_text][et_pb_button button_url=&#8220;@ET-DC@eyJkeW5hbWljIjp0cnVlLCJjb250ZW50IjoicG9zdF9saW5rX3VybF9wb3N0Iiwic2V0dGluZ3MiOnsicG9zdF9pZCI6IjIzNjIxOCIsImVuYWJsZV9odG1sIjoib2ZmIn19@&#8220; button_text=&#8220;Offrir un bon cadeau &#8220; button_alignment=&#8220;center&#8220; _builder_version=&#8220;4.27.4&#8243; _dynamic_attributes=&#8220;button_url&#8220; _module_preset=&#8220;default&#8220; global_colors_info=&#8220;{}&#8220;][\/et_pb_button][\/et_pb_column][\/et_pb_row][\/et_pb_section]<\/p>\n","protected":false},"excerpt":{"rendered":"<p>VISITESPARTAGEONS L\u2019ESSENTIELLe Domaine du Feuillerage, c\u2019est bien plus que des vins. C\u2019est un lieu \u00e0 vivre et \u00e0 partager, o\u00f9 chaque instant devient un souvenir. D\u00e9couvrez nos activit\u00e9s et laissez-vous surprendre par des exp\u00e9riences authentiques et conviviales, au c\u0153ur de notre terroir.Horaires de la cave Lundi \u2013 Mardi09:00 \u2013 12:00 13:30 \u2013 18:30 Mercredi\u00a017:00 \u2013 [&hellip;]<\/p>\n","protected":false},"author":8,"featured_media":0,"parent":0,"menu_order":0,"comment_status":"closed","ping_status":"closed","template":"","meta":{"_acf_changed":false,"_et_pb_use_builder":"on","_et_pb_old_content":"","_et_gb_content_width":"","footnotes":""},"class_list":["post-242133","page","type-page","status-publish","hentry"],"acf":[],"yoast_head":"<!-- This site is optimized with the Yoast SEO plugin v25.6 - https:\/\/yoast.com\/wordpress\/plugins\/seo\/ -->\n<title>Visite - Feuillerage Weingut<\/title>\n<meta name=\"description\" content=\"Le Domaine du Feuillerage a beaucoup \u00e0 vous offrir. D\u00e9couvrez nos propositions pour visiter ce domaine et d\u00e9couvrir ces vins.\" \/>\n<meta name=\"robots\" content=\"index, follow, max-snippet:-1, max-image-preview:large, max-video-preview:-1\" \/>\n<link rel=\"canonical\" href=\"https:\/\/www.feuillerage.ch\/visite\/\" \/>\n<meta property=\"og:locale\" content=\"de_DE\" \/>\n<meta property=\"og:type\" content=\"article\" \/>\n<meta property=\"og:title\" content=\"Visite - Feuillerage Weingut\" \/>\n<meta property=\"og:description\" content=\"Le Domaine du Feuillerage a beaucoup \u00e0 vous offrir. D\u00e9couvrez nos propositions pour visiter ce domaine et d\u00e9couvrir ces vins.\" \/>\n<meta property=\"og:url\" content=\"https:\/\/www.feuillerage.ch\/visite\/\" \/>\n<meta property=\"og:site_name\" content=\"Feuillerage Weingut\" \/>\n<meta property=\"article:publisher\" content=\"https:\/\/m.facebook.com\/feuillerage\/?ref=ts\" \/>\n<meta property=\"article:modified_time\" content=\"2025-10-21T07:31:54+00:00\" \/>\n<meta name=\"twitter:card\" content=\"summary_large_image\" \/>\n<meta name=\"twitter:label1\" content=\"Gesch\u00e4tzte Lesezeit\" \/>\n\t<meta name=\"twitter:data1\" content=\"8\u00a0Minuten\" \/>\n<script type=\"application\/ld+json\" class=\"yoast-schema-graph\">{\"@context\":\"https:\/\/schema.org\",\"@graph\":[{\"@type\":\"WebPage\",\"@id\":\"https:\/\/www.feuillerage.ch\/visite\/\",\"url\":\"https:\/\/www.feuillerage.ch\/visite\/\",\"name\":\"Visite - Feuillerage Weingut\",\"isPartOf\":{\"@id\":\"https:\/\/www.feuillerage.ch\/de\/#website\"},\"datePublished\":\"2025-07-15T09:15:47+00:00\",\"dateModified\":\"2025-10-21T07:31:54+00:00\",\"description\":\"Le Domaine du Feuillerage a beaucoup \u00e0 vous offrir. D\u00e9couvrez nos propositions pour visiter ce domaine et d\u00e9couvrir ces vins.\",\"breadcrumb\":{\"@id\":\"https:\/\/www.feuillerage.ch\/visite\/#breadcrumb\"},\"inLanguage\":\"de\",\"potentialAction\":[{\"@type\":\"ReadAction\",\"target\":[\"https:\/\/www.feuillerage.ch\/visite\/\"]}]},{\"@type\":\"BreadcrumbList\",\"@id\":\"https:\/\/www.feuillerage.ch\/visite\/#breadcrumb\",\"itemListElement\":[{\"@type\":\"ListItem\",\"position\":1,\"name\":\"Accueil\",\"item\":\"https:\/\/www.feuillerage.ch\/de\/\"},{\"@type\":\"ListItem\",\"position\":2,\"name\":\"Visite\"}]},{\"@type\":\"WebSite\",\"@id\":\"https:\/\/www.feuillerage.ch\/de\/#website\",\"url\":\"https:\/\/www.feuillerage.ch\/de\/\",\"name\":\"Feuillerage Weingut\",\"description\":\"Vignerons sur la C\u00f4te vaudoise\",\"publisher\":{\"@id\":\"https:\/\/www.feuillerage.ch\/de\/#organization\"},\"potentialAction\":[{\"@type\":\"SearchAction\",\"target\":{\"@type\":\"EntryPoint\",\"urlTemplate\":\"https:\/\/www.feuillerage.ch\/de\/?s={search_term_string}\"},\"query-input\":{\"@type\":\"PropertyValueSpecification\",\"valueRequired\":true,\"valueName\":\"search_term_string\"}}],\"inLanguage\":\"de\"},{\"@type\":\"Organization\",\"@id\":\"https:\/\/www.feuillerage.ch\/de\/#organization\",\"name\":\"Domaine du Feuillerage\",\"url\":\"https:\/\/www.feuillerage.ch\/de\/\",\"logo\":{\"@type\":\"ImageObject\",\"inLanguage\":\"de\",\"@id\":\"https:\/\/www.feuillerage.ch\/de\/#\/schema\/logo\/image\/\",\"url\":\"https:\/\/www.feuillerage.ch\/wp-content\/uploads\/2019\/01\/Logo-encore-petit.png\",\"contentUrl\":\"https:\/\/www.feuillerage.ch\/wp-content\/uploads\/2019\/01\/Logo-encore-petit.png\",\"width\":2880,\"height\":1824,\"caption\":\"Domaine du Feuillerage\"},\"image\":{\"@id\":\"https:\/\/www.feuillerage.ch\/de\/#\/schema\/logo\/image\/\"},\"sameAs\":[\"https:\/\/m.facebook.com\/feuillerage\/?ref=ts\"]}]}<\/script>\n<!-- \/ Yoast SEO plugin. -->","yoast_head_json":{"title":"Visite - Feuillerage Weingut","description":"Le Domaine du Feuillerage a beaucoup \u00e0 vous offrir. D\u00e9couvrez nos propositions pour visiter ce domaine et d\u00e9couvrir ces vins.","robots":{"index":"index","follow":"follow","max-snippet":"max-snippet:-1","max-image-preview":"max-image-preview:large","max-video-preview":"max-video-preview:-1"},"canonical":"https:\/\/www.feuillerage.ch\/visite\/","og_locale":"de_DE","og_type":"article","og_title":"Visite - Feuillerage Weingut","og_description":"Le Domaine du Feuillerage a beaucoup \u00e0 vous offrir. D\u00e9couvrez nos propositions pour visiter ce domaine et d\u00e9couvrir ces vins.","og_url":"https:\/\/www.feuillerage.ch\/visite\/","og_site_name":"Feuillerage Weingut","article_publisher":"https:\/\/m.facebook.com\/feuillerage\/?ref=ts","article_modified_time":"2025-10-21T07:31:54+00:00","twitter_card":"summary_large_image","twitter_misc":{"Gesch\u00e4tzte Lesezeit":"8\u00a0Minuten"},"schema":{"@context":"https:\/\/schema.org","@graph":[{"@type":"WebPage","@id":"https:\/\/www.feuillerage.ch\/visite\/","url":"https:\/\/www.feuillerage.ch\/visite\/","name":"Visite - Feuillerage Weingut","isPartOf":{"@id":"https:\/\/www.feuillerage.ch\/de\/#website"},"datePublished":"2025-07-15T09:15:47+00:00","dateModified":"2025-10-21T07:31:54+00:00","description":"Le Domaine du Feuillerage a beaucoup \u00e0 vous offrir. D\u00e9couvrez nos propositions pour visiter ce domaine et d\u00e9couvrir ces vins.","breadcrumb":{"@id":"https:\/\/www.feuillerage.ch\/visite\/#breadcrumb"},"inLanguage":"de","potentialAction":[{"@type":"ReadAction","target":["https:\/\/www.feuillerage.ch\/visite\/"]}]},{"@type":"BreadcrumbList","@id":"https:\/\/www.feuillerage.ch\/visite\/#breadcrumb","itemListElement":[{"@type":"ListItem","position":1,"name":"Accueil","item":"https:\/\/www.feuillerage.ch\/de\/"},{"@type":"ListItem","position":2,"name":"Visite"}]},{"@type":"WebSite","@id":"https:\/\/www.feuillerage.ch\/de\/#website","url":"https:\/\/www.feuillerage.ch\/de\/","name":"Feuillerage Weingut","description":"Vignerons sur la C\u00f4te vaudoise","publisher":{"@id":"https:\/\/www.feuillerage.ch\/de\/#organization"},"potentialAction":[{"@type":"SearchAction","target":{"@type":"EntryPoint","urlTemplate":"https:\/\/www.feuillerage.ch\/de\/?s={search_term_string}"},"query-input":{"@type":"PropertyValueSpecification","valueRequired":true,"valueName":"search_term_string"}}],"inLanguage":"de"},{"@type":"Organization","@id":"https:\/\/www.feuillerage.ch\/de\/#organization","name":"Domaine du Feuillerage","url":"https:\/\/www.feuillerage.ch\/de\/","logo":{"@type":"ImageObject","inLanguage":"de","@id":"https:\/\/www.feuillerage.ch\/de\/#\/schema\/logo\/image\/","url":"https:\/\/www.feuillerage.ch\/wp-content\/uploads\/2019\/01\/Logo-encore-petit.png","contentUrl":"https:\/\/www.feuillerage.ch\/wp-content\/uploads\/2019\/01\/Logo-encore-petit.png","width":2880,"height":1824,"caption":"Domaine du Feuillerage"},"image":{"@id":"https:\/\/www.feuillerage.ch\/de\/#\/schema\/logo\/image\/"},"sameAs":["https:\/\/m.facebook.com\/feuillerage\/?ref=ts"]}]}},"_links":{"self":[{"href":"https:\/\/www.feuillerage.ch\/de\/wp-json\/wp\/v2\/pages\/242133"}],"collection":[{"href":"https:\/\/www.feuillerage.ch\/de\/wp-json\/wp\/v2\/pages"}],"about":[{"href":"https:\/\/www.feuillerage.ch\/de\/wp-json\/wp\/v2\/types\/page"}],"author":[{"embeddable":true,"href":"https:\/\/www.feuillerage.ch\/de\/wp-json\/wp\/v2\/users\/8"}],"replies":[{"embeddable":true,"href":"https:\/\/www.feuillerage.ch\/de\/wp-json\/wp\/v2\/comments?post=242133"}],"version-history":[{"count":43,"href":"https:\/\/www.feuillerage.ch\/de\/wp-json\/wp\/v2\/pages\/242133\/revisions"}],"predecessor-version":[{"id":242408,"href":"https:\/\/www.feuillerage.ch\/de\/wp-json\/wp\/v2\/pages\/242133\/revisions\/242408"}],"wp:attachment":[{"href":"https:\/\/www.feuillerage.ch\/de\/wp-json\/wp\/v2\/media?parent=242133"}],"curies":[{"name":"wp","href":"https:\/\/api.w.org\/{rel}","templated":true}]}}