{"id":242204,"date":"2025-07-15T14:44:35","date_gmt":"2025-07-15T12:44:35","guid":{"rendered":"https:\/\/www.feuillerage.ch\/?page_id=242204"},"modified":"2025-12-16T14:36:49","modified_gmt":"2025-12-16T13:36:49","slug":"fondue-dans-un-tonneau-centenaire","status":"publish","type":"page","link":"https:\/\/www.feuillerage.ch\/de\/fondue-dans-un-tonneau-centenaire\/","title":{"rendered":"Fondue dans un tonneau centenaire"},"content":{"rendered":"<p>[et_pb_section fb_built=&#8220;1&#8243; _builder_version=&#8220;4.27.4&#8243; _module_preset=&#8220;default&#8220; global_colors_info=&#8220;{}&#8220;][et_pb_row _builder_version=&#8220;4.27.4&#8243; _module_preset=&#8220;default&#8220; custom_padding=&#8220;||1px|||&#8220; global_colors_info=&#8220;{}&#8220;][et_pb_column type=&#8220;4_4&#8243; _builder_version=&#8220;4.27.4&#8243; _module_preset=&#8220;default&#8220; global_colors_info=&#8220;{}&#8220;][et_pb_image src=&#8220;https:\/\/www.feuillerage.ch\/wp-content\/uploads\/2025\/07\/tonneau-jpg.avif&#8220; title_text=&#8220;Tonneau&#8220; _builder_version=&#8220;4.27.4&#8243; _module_preset=&#8220;default&#8220; global_colors_info=&#8220;{}&#8220;][\/et_pb_image][et_pb_text _builder_version=&#8220;4.27.4&#8243; _module_preset=&#8220;default&#8220; header_font_size=&#8220;37px&#8220; global_colors_info=&#8220;{}&#8220;]<\/p>\n<h1>Une fondue dans notre tonneau<\/h1>\n<p>[\/et_pb_text][\/et_pb_column][\/et_pb_row][et_pb_row column_structure=&#8220;2_3,1_3&#8243; _builder_version=&#8220;4.27.4&#8243; _module_preset=&#8220;default&#8220; global_colors_info=&#8220;{}&#8220;][et_pb_column type=&#8220;2_3&#8243; _builder_version=&#8220;4.27.4&#8243; _module_preset=&#8220;default&#8220; global_colors_info=&#8220;{}&#8220;][et_pb_text _builder_version=&#8220;4.27.4&#8243; _module_preset=&#8220;default&#8220; custom_padding=&#8220;||0px|||&#8220; global_colors_info=&#8220;{}&#8220;]<\/p>\n<p data-start=\"99\" data-end=\"143\"><strong data-start=\"102\" data-end=\"141\">Un lieu insolite, charg\u00e9 d\u2019histoire<\/strong><\/p>\n<p data-start=\"145\" data-end=\"307\">Dans notre ancienne cave se cache une v\u00e9ritable curiosit\u00e9 qui surprend toujours les visiteurs la premi\u00e8re fois\u202f: un <strong data-start=\"261\" data-end=\"304\">tonneau centenaire pas comme les autres<\/strong>.<\/p>\n<p data-start=\"309\" data-end=\"575\">Ce tonneau exceptionnel a \u00e9t\u00e9 transform\u00e9 en un petit espace convivial o\u00f9 l\u2019on peut <strong data-start=\"392\" data-end=\"448\">entrer, s\u2019attabler \u00e0 l\u2019int\u00e9rieur m\u00eame de la barrique<\/strong>, et partager un moment hors du temps entre amis. Une exp\u00e9rience unique et m\u00e9morable.<\/p>\n<ul>\n<li data-start=\"309\" data-end=\"575\">Fondue moiti\u00e9-moiti\u00e9 provenant de la <a href=\"https:\/\/fromageriekampf.ch\/accueil\/\">fromagerie Kaempf \u00e0 Cottens<\/a><\/li>\n<li data-start=\"309\" data-end=\"575\">Bouteille de Chasselas<\/li>\n<li data-start=\"309\" data-end=\"575\">Eau gazeuse<\/li>\n<li data-start=\"309\" data-end=\"575\">Caf\u00e9<\/li>\n<\/ul>\n<p>38 CHF par personne<\/p>\n<p data-start=\"309\" data-end=\"575\">\n<p data-start=\"206\" data-end=\"394\">\n<p data-start=\"206\" data-end=\"394\">\n<p>[\/et_pb_text][\/et_pb_column][et_pb_column type=&#8220;1_3&#8243; _builder_version=&#8220;4.27.4&#8243; _module_preset=&#8220;default&#8220; global_colors_info=&#8220;{}&#8220;][et_pb_text _builder_version=&#8220;4.27.4&#8243; _module_preset=&#8220;default&#8220; global_colors_info=&#8220;{}&#8220;]<\/p>\n<h2>Formulaire de contact<\/h2>\n<p>Vous \u00eates int\u00e9ress\u00e9.e.s? Contactez-nous \ud83d\ude42<\/p>\n<p>[\/et_pb_text][et_pb_contact_form email=&#8220;feuillerage@gmail.com&#8220; custom_message=&#8220;Qqn est int\u00e9ress\u00e9 pour une fondue dans le tonneau. A recontacter||et_pb_line_break_holder||||et_pb_line_break_holder||||et_pb_line_break_holder||Nom : %%Name%%||et_pb_line_break_holder||Email : %%Email%%||et_pb_line_break_holder||Date souhait\u00e9e: %%Date%%||et_pb_line_break_holder||Nombre de personnes: %%Nombre%%||et_pb_line_break_holder||Message : %%message%%&#8220; submit_button_text=&#8220;Envoyer&#8220; _builder_version=&#8220;4.27.4&#8243; _module_preset=&#8220;default&#8220; _unique_id=&#8220;21d895ad-fdbd-43ff-be77-c92427690372&#8243; hover_enabled=&#8220;0&#8243; global_colors_info=&#8220;{}&#8220; sticky_enabled=&#8220;0&#8243;][et_pb_contact_field field_id=&#8220;Name&#8220; field_title=&#8220;Nom&#8220; _builder_version=&#8220;4.27.4&#8243; global_colors_info=&#8220;{}&#8220; button_text_size__hover_enabled=&#8220;off&#8220; button_one_text_size__hover_enabled=&#8220;off&#8220; button_two_text_size__hover_enabled=&#8220;off&#8220; button_text_color__hover_enabled=&#8220;off&#8220; button_one_text_color__hover_enabled=&#8220;off&#8220; button_two_text_color__hover_enabled=&#8220;off&#8220; button_border_width__hover_enabled=&#8220;off&#8220; button_one_border_width__hover_enabled=&#8220;off&#8220; button_two_border_width__hover_enabled=&#8220;off&#8220; button_border_color__hover_enabled=&#8220;off&#8220; button_one_border_color__hover_enabled=&#8220;off&#8220; button_two_border_color__hover_enabled=&#8220;off&#8220; button_border_radius__hover_enabled=&#8220;off&#8220; button_one_border_radius__hover_enabled=&#8220;off&#8220; button_two_border_radius__hover_enabled=&#8220;off&#8220; button_letter_spacing__hover_enabled=&#8220;off&#8220; button_one_letter_spacing__hover_enabled=&#8220;off&#8220; button_two_letter_spacing__hover_enabled=&#8220;off&#8220; button_bg_color__hover_enabled=&#8220;off&#8220; button_one_bg_color__hover_enabled=&#8220;off&#8220; button_two_bg_color__hover_enabled=&#8220;off&#8220;][\/et_pb_contact_field][et_pb_contact_field field_id=&#8220;Email&#8220; field_title=&#8220;Adresse e-mail&#8220; field_type=&#8220;email&#8220; _builder_version=&#8220;4.27.4&#8243; global_colors_info=&#8220;{}&#8220; button_text_size__hover_enabled=&#8220;off&#8220; button_one_text_size__hover_enabled=&#8220;off&#8220; button_two_text_size__hover_enabled=&#8220;off&#8220; button_text_color__hover_enabled=&#8220;off&#8220; button_one_text_color__hover_enabled=&#8220;off&#8220; button_two_text_color__hover_enabled=&#8220;off&#8220; button_border_width__hover_enabled=&#8220;off&#8220; button_one_border_width__hover_enabled=&#8220;off&#8220; button_two_border_width__hover_enabled=&#8220;off&#8220; button_border_color__hover_enabled=&#8220;off&#8220; button_one_border_color__hover_enabled=&#8220;off&#8220; button_two_border_color__hover_enabled=&#8220;off&#8220; button_border_radius__hover_enabled=&#8220;off&#8220; button_one_border_radius__hover_enabled=&#8220;off&#8220; button_two_border_radius__hover_enabled=&#8220;off&#8220; button_letter_spacing__hover_enabled=&#8220;off&#8220; button_one_letter_spacing__hover_enabled=&#8220;off&#8220; button_two_letter_spacing__hover_enabled=&#8220;off&#8220; button_bg_color__hover_enabled=&#8220;off&#8220; button_one_bg_color__hover_enabled=&#8220;off&#8220; button_two_bg_color__hover_enabled=&#8220;off&#8220;][\/et_pb_contact_field][et_pb_contact_field field_id=&#8220;Date&#8220; field_title=&#8220;Date souhait\u00e9e&#8220; fullwidth_field=&#8220;on&#8220; _builder_version=&#8220;4.27.4&#8243; _module_preset=&#8220;default&#8220; global_colors_info=&#8220;{}&#8220;][\/et_pb_contact_field][et_pb_contact_field field_id=&#8220;Nombre&#8220; field_title=&#8220;Nombre de personnes&#8220; allowed_symbols=&#8220;numbers&#8220; fullwidth_field=&#8220;on&#8220; _builder_version=&#8220;4.27.4&#8243; _module_preset=&#8220;default&#8220; global_colors_info=&#8220;{}&#8220;][\/et_pb_contact_field][et_pb_contact_field field_id=&#8220;Message&#8220; field_title=&#8220;Message&#8220; field_type=&#8220;text&#8220; fullwidth_field=&#8220;on&#8220; _builder_version=&#8220;4.27.4&#8243; hover_enabled=&#8220;0&#8243; global_colors_info=&#8220;{}&#8220; button_text_size__hover_enabled=&#8220;off&#8220; button_one_text_size__hover_enabled=&#8220;off&#8220; button_two_text_size__hover_enabled=&#8220;off&#8220; button_text_color__hover_enabled=&#8220;off&#8220; button_one_text_color__hover_enabled=&#8220;off&#8220; button_two_text_color__hover_enabled=&#8220;off&#8220; button_border_width__hover_enabled=&#8220;off&#8220; button_one_border_width__hover_enabled=&#8220;off&#8220; button_two_border_width__hover_enabled=&#8220;off&#8220; button_border_color__hover_enabled=&#8220;off&#8220; button_one_border_color__hover_enabled=&#8220;off&#8220; button_two_border_color__hover_enabled=&#8220;off&#8220; button_border_radius__hover_enabled=&#8220;off&#8220; button_one_border_radius__hover_enabled=&#8220;off&#8220; button_two_border_radius__hover_enabled=&#8220;off&#8220; button_letter_spacing__hover_enabled=&#8220;off&#8220; button_one_letter_spacing__hover_enabled=&#8220;off&#8220; button_two_letter_spacing__hover_enabled=&#8220;off&#8220; button_bg_color__hover_enabled=&#8220;off&#8220; button_one_bg_color__hover_enabled=&#8220;off&#8220; button_two_bg_color__hover_enabled=&#8220;off&#8220; sticky_enabled=&#8220;0&#8243;][\/et_pb_contact_field][\/et_pb_contact_form][\/et_pb_column][\/et_pb_row][\/et_pb_section]<\/p>\n","protected":false},"excerpt":{"rendered":"<p>Une fondue dans notre tonneauUn lieu insolite, charg\u00e9 d\u2019histoire Dans notre ancienne cave se cache une v\u00e9ritable curiosit\u00e9 qui surprend toujours les visiteurs la premi\u00e8re fois\u202f: un tonneau centenaire pas comme les autres. Ce tonneau exceptionnel a \u00e9t\u00e9 transform\u00e9 en un petit espace convivial o\u00f9 l\u2019on peut entrer, s\u2019attabler \u00e0 l\u2019int\u00e9rieur m\u00eame de la barrique, [&hellip;]<\/p>\n","protected":false},"author":8,"featured_media":0,"parent":0,"menu_order":0,"comment_status":"closed","ping_status":"closed","template":"","meta":{"_acf_changed":false,"_et_pb_use_builder":"on","_et_pb_old_content":"","_et_gb_content_width":"","footnotes":""},"class_list":["post-242204","page","type-page","status-publish","hentry"],"acf":[],"yoast_head":"<!-- This site is optimized with the Yoast SEO plugin v25.6 - https:\/\/yoast.com\/wordpress\/plugins\/seo\/ -->\n<title>Fondue dans un tonneau centenaire - Feuillerage Weingut<\/title>\n<meta name=\"robots\" content=\"index, follow, max-snippet:-1, max-image-preview:large, max-video-preview:-1\" \/>\n<link rel=\"canonical\" href=\"https:\/\/www.feuillerage.ch\/fondue-dans-un-tonneau-centenaire\/\" \/>\n<meta property=\"og:locale\" content=\"de_DE\" \/>\n<meta property=\"og:type\" content=\"article\" \/>\n<meta property=\"og:title\" content=\"Fondue dans un tonneau centenaire - Feuillerage Weingut\" \/>\n<meta property=\"og:description\" content=\"Une fondue dans notre tonneauUn lieu insolite, charg\u00e9 d\u2019histoire Dans notre ancienne cave se cache une v\u00e9ritable curiosit\u00e9 qui surprend toujours les visiteurs la premi\u00e8re fois\u202f: un tonneau centenaire pas comme les autres. Ce tonneau exceptionnel a \u00e9t\u00e9 transform\u00e9 en un petit espace convivial o\u00f9 l\u2019on peut entrer, s\u2019attabler \u00e0 l\u2019int\u00e9rieur m\u00eame de la barrique, [&hellip;]\" \/>\n<meta property=\"og:url\" content=\"https:\/\/www.feuillerage.ch\/fondue-dans-un-tonneau-centenaire\/\" \/>\n<meta property=\"og:site_name\" content=\"Feuillerage Weingut\" \/>\n<meta property=\"article:publisher\" content=\"https:\/\/m.facebook.com\/feuillerage\/?ref=ts\" \/>\n<meta property=\"article:modified_time\" content=\"2025-12-16T13:36:49+00:00\" \/>\n<meta name=\"twitter:card\" content=\"summary_large_image\" \/>\n<meta name=\"twitter:label1\" content=\"Gesch\u00e4tzte Lesezeit\" \/>\n\t<meta name=\"twitter:data1\" content=\"5\u00a0Minuten\" \/>\n<script type=\"application\/ld+json\" class=\"yoast-schema-graph\">{\"@context\":\"https:\/\/schema.org\",\"@graph\":[{\"@type\":\"WebPage\",\"@id\":\"https:\/\/www.feuillerage.ch\/fondue-dans-un-tonneau-centenaire\/\",\"url\":\"https:\/\/www.feuillerage.ch\/fondue-dans-un-tonneau-centenaire\/\",\"name\":\"Fondue dans un tonneau centenaire - Feuillerage Weingut\",\"isPartOf\":{\"@id\":\"https:\/\/www.feuillerage.ch\/de\/#website\"},\"datePublished\":\"2025-07-15T12:44:35+00:00\",\"dateModified\":\"2025-12-16T13:36:49+00:00\",\"breadcrumb\":{\"@id\":\"https:\/\/www.feuillerage.ch\/fondue-dans-un-tonneau-centenaire\/#breadcrumb\"},\"inLanguage\":\"de\",\"potentialAction\":[{\"@type\":\"ReadAction\",\"target\":[\"https:\/\/www.feuillerage.ch\/fondue-dans-un-tonneau-centenaire\/\"]}]},{\"@type\":\"BreadcrumbList\",\"@id\":\"https:\/\/www.feuillerage.ch\/fondue-dans-un-tonneau-centenaire\/#breadcrumb\",\"itemListElement\":[{\"@type\":\"ListItem\",\"position\":1,\"name\":\"Accueil\",\"item\":\"https:\/\/www.feuillerage.ch\/de\/\"},{\"@type\":\"ListItem\",\"position\":2,\"name\":\"Fondue dans un tonneau centenaire\"}]},{\"@type\":\"WebSite\",\"@id\":\"https:\/\/www.feuillerage.ch\/de\/#website\",\"url\":\"https:\/\/www.feuillerage.ch\/de\/\",\"name\":\"Feuillerage Weingut\",\"description\":\"Vignerons sur la C\u00f4te vaudoise\",\"publisher\":{\"@id\":\"https:\/\/www.feuillerage.ch\/de\/#organization\"},\"potentialAction\":[{\"@type\":\"SearchAction\",\"target\":{\"@type\":\"EntryPoint\",\"urlTemplate\":\"https:\/\/www.feuillerage.ch\/de\/?s={search_term_string}\"},\"query-input\":{\"@type\":\"PropertyValueSpecification\",\"valueRequired\":true,\"valueName\":\"search_term_string\"}}],\"inLanguage\":\"de\"},{\"@type\":\"Organization\",\"@id\":\"https:\/\/www.feuillerage.ch\/de\/#organization\",\"name\":\"Domaine du Feuillerage\",\"url\":\"https:\/\/www.feuillerage.ch\/de\/\",\"logo\":{\"@type\":\"ImageObject\",\"inLanguage\":\"de\",\"@id\":\"https:\/\/www.feuillerage.ch\/de\/#\/schema\/logo\/image\/\",\"url\":\"https:\/\/www.feuillerage.ch\/wp-content\/uploads\/2019\/01\/Logo-encore-petit.png\",\"contentUrl\":\"https:\/\/www.feuillerage.ch\/wp-content\/uploads\/2019\/01\/Logo-encore-petit.png\",\"width\":2880,\"height\":1824,\"caption\":\"Domaine du Feuillerage\"},\"image\":{\"@id\":\"https:\/\/www.feuillerage.ch\/de\/#\/schema\/logo\/image\/\"},\"sameAs\":[\"https:\/\/m.facebook.com\/feuillerage\/?ref=ts\"]}]}<\/script>\n<!-- \/ Yoast SEO plugin. -->","yoast_head_json":{"title":"Fondue dans un tonneau centenaire - Feuillerage Weingut","robots":{"index":"index","follow":"follow","max-snippet":"max-snippet:-1","max-image-preview":"max-image-preview:large","max-video-preview":"max-video-preview:-1"},"canonical":"https:\/\/www.feuillerage.ch\/fondue-dans-un-tonneau-centenaire\/","og_locale":"de_DE","og_type":"article","og_title":"Fondue dans un tonneau centenaire - Feuillerage Weingut","og_description":"Une fondue dans notre tonneauUn lieu insolite, charg\u00e9 d\u2019histoire Dans notre ancienne cave se cache une v\u00e9ritable curiosit\u00e9 qui surprend toujours les visiteurs la premi\u00e8re fois\u202f: un tonneau centenaire pas comme les autres. Ce tonneau exceptionnel a \u00e9t\u00e9 transform\u00e9 en un petit espace convivial o\u00f9 l\u2019on peut entrer, s\u2019attabler \u00e0 l\u2019int\u00e9rieur m\u00eame de la barrique, [&hellip;]","og_url":"https:\/\/www.feuillerage.ch\/fondue-dans-un-tonneau-centenaire\/","og_site_name":"Feuillerage Weingut","article_publisher":"https:\/\/m.facebook.com\/feuillerage\/?ref=ts","article_modified_time":"2025-12-16T13:36:49+00:00","twitter_card":"summary_large_image","twitter_misc":{"Gesch\u00e4tzte Lesezeit":"5\u00a0Minuten"},"schema":{"@context":"https:\/\/schema.org","@graph":[{"@type":"WebPage","@id":"https:\/\/www.feuillerage.ch\/fondue-dans-un-tonneau-centenaire\/","url":"https:\/\/www.feuillerage.ch\/fondue-dans-un-tonneau-centenaire\/","name":"Fondue dans un tonneau centenaire - Feuillerage Weingut","isPartOf":{"@id":"https:\/\/www.feuillerage.ch\/de\/#website"},"datePublished":"2025-07-15T12:44:35+00:00","dateModified":"2025-12-16T13:36:49+00:00","breadcrumb":{"@id":"https:\/\/www.feuillerage.ch\/fondue-dans-un-tonneau-centenaire\/#breadcrumb"},"inLanguage":"de","potentialAction":[{"@type":"ReadAction","target":["https:\/\/www.feuillerage.ch\/fondue-dans-un-tonneau-centenaire\/"]}]},{"@type":"BreadcrumbList","@id":"https:\/\/www.feuillerage.ch\/fondue-dans-un-tonneau-centenaire\/#breadcrumb","itemListElement":[{"@type":"ListItem","position":1,"name":"Accueil","item":"https:\/\/www.feuillerage.ch\/de\/"},{"@type":"ListItem","position":2,"name":"Fondue dans un tonneau centenaire"}]},{"@type":"WebSite","@id":"https:\/\/www.feuillerage.ch\/de\/#website","url":"https:\/\/www.feuillerage.ch\/de\/","name":"Feuillerage Weingut","description":"Vignerons sur la C\u00f4te vaudoise","publisher":{"@id":"https:\/\/www.feuillerage.ch\/de\/#organization"},"potentialAction":[{"@type":"SearchAction","target":{"@type":"EntryPoint","urlTemplate":"https:\/\/www.feuillerage.ch\/de\/?s={search_term_string}"},"query-input":{"@type":"PropertyValueSpecification","valueRequired":true,"valueName":"search_term_string"}}],"inLanguage":"de"},{"@type":"Organization","@id":"https:\/\/www.feuillerage.ch\/de\/#organization","name":"Domaine du Feuillerage","url":"https:\/\/www.feuillerage.ch\/de\/","logo":{"@type":"ImageObject","inLanguage":"de","@id":"https:\/\/www.feuillerage.ch\/de\/#\/schema\/logo\/image\/","url":"https:\/\/www.feuillerage.ch\/wp-content\/uploads\/2019\/01\/Logo-encore-petit.png","contentUrl":"https:\/\/www.feuillerage.ch\/wp-content\/uploads\/2019\/01\/Logo-encore-petit.png","width":2880,"height":1824,"caption":"Domaine du Feuillerage"},"image":{"@id":"https:\/\/www.feuillerage.ch\/de\/#\/schema\/logo\/image\/"},"sameAs":["https:\/\/m.facebook.com\/feuillerage\/?ref=ts"]}]}},"_links":{"self":[{"href":"https:\/\/www.feuillerage.ch\/de\/wp-json\/wp\/v2\/pages\/242204"}],"collection":[{"href":"https:\/\/www.feuillerage.ch\/de\/wp-json\/wp\/v2\/pages"}],"about":[{"href":"https:\/\/www.feuillerage.ch\/de\/wp-json\/wp\/v2\/types\/page"}],"author":[{"embeddable":true,"href":"https:\/\/www.feuillerage.ch\/de\/wp-json\/wp\/v2\/users\/8"}],"replies":[{"embeddable":true,"href":"https:\/\/www.feuillerage.ch\/de\/wp-json\/wp\/v2\/comments?post=242204"}],"version-history":[{"count":9,"href":"https:\/\/www.feuillerage.ch\/de\/wp-json\/wp\/v2\/pages\/242204\/revisions"}],"predecessor-version":[{"id":242520,"href":"https:\/\/www.feuillerage.ch\/de\/wp-json\/wp\/v2\/pages\/242204\/revisions\/242520"}],"wp:attachment":[{"href":"https:\/\/www.feuillerage.ch\/de\/wp-json\/wp\/v2\/media?parent=242204"}],"curies":[{"name":"wp","href":"https:\/\/api.w.org\/{rel}","templated":true}]}}