{"id":242402,"date":"2025-10-21T09:28:50","date_gmt":"2025-10-21T07:28:50","guid":{"rendered":"https:\/\/www.feuillerage.ch\/?page_id=242402"},"modified":"2025-12-16T14:36:16","modified_gmt":"2025-12-16T13:36:16","slug":"soiree-dentreprise","status":"publish","type":"page","link":"https:\/\/www.feuillerage.ch\/de\/soiree-dentreprise\/","title":{"rendered":"Soir\u00e9e d&#8217;entreprise"},"content":{"rendered":"<p>[et_pb_section fb_built=&#8220;1&#8243; _builder_version=&#8220;4.27.4&#8243; _module_preset=&#8220;default&#8220; global_colors_info=&#8220;{}&#8220;][et_pb_row _builder_version=&#8220;4.27.4&#8243; _module_preset=&#8220;default&#8220; global_colors_info=&#8220;{}&#8220;][et_pb_column type=&#8220;4_4&#8243; _builder_version=&#8220;4.27.4&#8243; _module_preset=&#8220;default&#8220; global_colors_info=&#8220;{}&#8220;][et_pb_text _builder_version=&#8220;4.27.4&#8243; _module_preset=&#8220;default&#8220; global_colors_info=&#8220;{}&#8220;]<\/p>\n<h1>Soir\u00e9e d&#8217;entreprise<\/h1>\n<p>[\/et_pb_text][\/et_pb_column][\/et_pb_row][et_pb_row column_structure=&#8220;2_3,1_3&#8243; _builder_version=&#8220;4.27.4&#8243; _module_preset=&#8220;default&#8220; global_colors_info=&#8220;{}&#8220;][et_pb_column type=&#8220;2_3&#8243; _builder_version=&#8220;4.27.4&#8243; _module_preset=&#8220;default&#8220; global_colors_info=&#8220;{}&#8220;][et_pb_image src=&#8220;https:\/\/www.feuillerage.ch\/wp-content\/uploads\/2025\/07\/DSCF7069-jpg.avif&#8220; alt=&#8220;Cave&#8220; title_text=&#8220;DSCF7069&#8243; _builder_version=&#8220;4.27.4&#8243; _module_preset=&#8220;default&#8220; global_colors_info=&#8220;{}&#8220;][\/et_pb_image][et_pb_text _builder_version=&#8220;4.27.4&#8243; _module_preset=&#8220;default&#8220; global_colors_info=&#8220;{}&#8220;]<\/p>\n<h3 data-start=\"169\" data-end=\"235\">Offrez \u00e0 votre \u00e9quipe une parenth\u00e8se gourmande et conviviale<\/h3>\n<p data-start=\"236\" data-end=\"301\"><strong data-start=\"236\" data-end=\"301\">Votre prochaine sortie d\u2019entreprise au Domaine du Feuillerage<\/strong><\/p>\n<p data-start=\"303\" data-end=\"513\">Invitez vos collaborateurs \u00e0 vivre un moment privil\u00e9gi\u00e9 dans le cadre authentique de notre chai \u00e0 barriques. Nous vous proposons une exp\u00e9rience originale qui allie d\u00e9couverte \u0153nologique et plaisirs de la table.<\/p>\n<p data-start=\"515\" data-end=\"851\"><strong data-start=\"515\" data-end=\"533\">Au programme :<\/strong><br data-start=\"533\" data-end=\"536\" \/><span data-start=\"539\" data-end=\"580\">&#8211; <\/span><strong data-start=\"539\" data-end=\"580\">Atelier d\u2019initiation \u00e0 la d\u00e9gustation<\/strong> \u2013 une activit\u00e9 ludique pour d\u00e9couvrir ou red\u00e9couvrir l\u2019art de go\u00fbter le vin, dans une ambiance d\u00e9tendue.<br data-start=\"685\" data-end=\"688\" \/><strong data-start=\"691\" data-end=\"719\">&#8211; Repas typique de La C\u00f4te<\/strong> \u2013 savourez les incontournables <em data-start=\"751\" data-end=\"762\">malakoffs<\/em>, beignets de fromage croustillants et fondants, servis dans la pure tradition r\u00e9gionale.<\/p>\n<p data-start=\"853\" data-end=\"956\">Notre chai peut accueillir des groupes jusqu\u2019\u00e0 <strong data-start=\"900\" data-end=\"916\">40 personnes.<\/strong><\/p>\n<p data-start=\"111\" data-end=\"252\">\n<p data-start=\"111\" data-end=\"252\">\n<p>&nbsp;<\/p>\n<p>[\/et_pb_text][\/et_pb_column][et_pb_column type=&#8220;1_3&#8243; _builder_version=&#8220;4.27.4&#8243; _module_preset=&#8220;default&#8220; global_colors_info=&#8220;{}&#8220;][et_pb_text _builder_version=&#8220;4.27.4&#8243; _module_preset=&#8220;default&#8220; global_colors_info=&#8220;{}&#8220;]<\/p>\n<h2>Formulaire de contact<\/h2>\n<p>Notre proposition vous int\u00e9resse? Contactez-nous \ud83d\ude42<\/p>\n<p>[\/et_pb_text][et_pb_contact_form email=&#8220;feuillerage@gmail.com&#8220; custom_message=&#8220;Qqn est int\u00e9ress\u00e9 pour une location de nos locaux. A recontacter||et_pb_line_break_holder||||et_pb_line_break_holder||||et_pb_line_break_holder||Nom : %%Name%%||et_pb_line_break_holder||Email : %%Email%%||et_pb_line_break_holder||Date souhait\u00e9e: %%Date%%||et_pb_line_break_holder||Nombre de personnes: %%Nombre%%||et_pb_line_break_holder||Message : %%message%%&#8220; submit_button_text=&#8220;Envoyer&#8220; _builder_version=&#8220;4.27.4&#8243; _module_preset=&#8220;default&#8220; _unique_id=&#8220;21d895ad-fdbd-43ff-be77-c92427690372&#8243; hover_enabled=&#8220;0&#8243; global_colors_info=&#8220;{}&#8220; sticky_enabled=&#8220;0&#8243;][et_pb_contact_field field_id=&#8220;Name&#8220; field_title=&#8220;Nom&#8220; _builder_version=&#8220;4.27.4&#8243; global_colors_info=&#8220;{}&#8220; button_text_size__hover_enabled=&#8220;off&#8220; button_one_text_size__hover_enabled=&#8220;off&#8220; button_two_text_size__hover_enabled=&#8220;off&#8220; button_text_color__hover_enabled=&#8220;off&#8220; button_one_text_color__hover_enabled=&#8220;off&#8220; button_two_text_color__hover_enabled=&#8220;off&#8220; button_border_width__hover_enabled=&#8220;off&#8220; button_one_border_width__hover_enabled=&#8220;off&#8220; button_two_border_width__hover_enabled=&#8220;off&#8220; button_border_color__hover_enabled=&#8220;off&#8220; button_one_border_color__hover_enabled=&#8220;off&#8220; button_two_border_color__hover_enabled=&#8220;off&#8220; button_border_radius__hover_enabled=&#8220;off&#8220; button_one_border_radius__hover_enabled=&#8220;off&#8220; button_two_border_radius__hover_enabled=&#8220;off&#8220; button_letter_spacing__hover_enabled=&#8220;off&#8220; button_one_letter_spacing__hover_enabled=&#8220;off&#8220; button_two_letter_spacing__hover_enabled=&#8220;off&#8220; button_bg_color__hover_enabled=&#8220;off&#8220; button_one_bg_color__hover_enabled=&#8220;off&#8220; button_two_bg_color__hover_enabled=&#8220;off&#8220;][\/et_pb_contact_field][et_pb_contact_field field_id=&#8220;Email&#8220; field_title=&#8220;Adresse e-mail&#8220; field_type=&#8220;email&#8220; _builder_version=&#8220;4.27.4&#8243; global_colors_info=&#8220;{}&#8220; button_text_size__hover_enabled=&#8220;off&#8220; button_one_text_size__hover_enabled=&#8220;off&#8220; button_two_text_size__hover_enabled=&#8220;off&#8220; button_text_color__hover_enabled=&#8220;off&#8220; button_one_text_color__hover_enabled=&#8220;off&#8220; button_two_text_color__hover_enabled=&#8220;off&#8220; button_border_width__hover_enabled=&#8220;off&#8220; button_one_border_width__hover_enabled=&#8220;off&#8220; button_two_border_width__hover_enabled=&#8220;off&#8220; button_border_color__hover_enabled=&#8220;off&#8220; button_one_border_color__hover_enabled=&#8220;off&#8220; button_two_border_color__hover_enabled=&#8220;off&#8220; button_border_radius__hover_enabled=&#8220;off&#8220; button_one_border_radius__hover_enabled=&#8220;off&#8220; button_two_border_radius__hover_enabled=&#8220;off&#8220; button_letter_spacing__hover_enabled=&#8220;off&#8220; button_one_letter_spacing__hover_enabled=&#8220;off&#8220; button_two_letter_spacing__hover_enabled=&#8220;off&#8220; button_bg_color__hover_enabled=&#8220;off&#8220; button_one_bg_color__hover_enabled=&#8220;off&#8220; button_two_bg_color__hover_enabled=&#8220;off&#8220;][\/et_pb_contact_field][et_pb_contact_field field_id=&#8220;Date&#8220; field_title=&#8220;Date souhait\u00e9e&#8220; fullwidth_field=&#8220;on&#8220; _builder_version=&#8220;4.27.4&#8243; _module_preset=&#8220;default&#8220; global_colors_info=&#8220;{}&#8220;][\/et_pb_contact_field][et_pb_contact_field field_id=&#8220;Nombre&#8220; field_title=&#8220;Nombre de personnes&#8220; allowed_symbols=&#8220;numbers&#8220; fullwidth_field=&#8220;on&#8220; _builder_version=&#8220;4.27.4&#8243; _module_preset=&#8220;default&#8220; global_colors_info=&#8220;{}&#8220;][\/et_pb_contact_field][et_pb_contact_field field_id=&#8220;Message&#8220; field_title=&#8220;Message&#8220; field_type=&#8220;text&#8220; fullwidth_field=&#8220;on&#8220; _builder_version=&#8220;4.16&#8243; global_colors_info=&#8220;{}&#8220; button_text_size__hover_enabled=&#8220;off&#8220; button_one_text_size__hover_enabled=&#8220;off&#8220; button_two_text_size__hover_enabled=&#8220;off&#8220; button_text_color__hover_enabled=&#8220;off&#8220; button_one_text_color__hover_enabled=&#8220;off&#8220; button_two_text_color__hover_enabled=&#8220;off&#8220; button_border_width__hover_enabled=&#8220;off&#8220; button_one_border_width__hover_enabled=&#8220;off&#8220; button_two_border_width__hover_enabled=&#8220;off&#8220; button_border_color__hover_enabled=&#8220;off&#8220; button_one_border_color__hover_enabled=&#8220;off&#8220; button_two_border_color__hover_enabled=&#8220;off&#8220; button_border_radius__hover_enabled=&#8220;off&#8220; button_one_border_radius__hover_enabled=&#8220;off&#8220; button_two_border_radius__hover_enabled=&#8220;off&#8220; button_letter_spacing__hover_enabled=&#8220;off&#8220; button_one_letter_spacing__hover_enabled=&#8220;off&#8220; button_two_letter_spacing__hover_enabled=&#8220;off&#8220; button_bg_color__hover_enabled=&#8220;off&#8220; button_one_bg_color__hover_enabled=&#8220;off&#8220; button_two_bg_color__hover_enabled=&#8220;off&#8220;][\/et_pb_contact_field][\/et_pb_contact_form][\/et_pb_column][\/et_pb_row][\/et_pb_section]<\/p>\n","protected":false},"excerpt":{"rendered":"<p>Soir\u00e9e d&#8217;entrepriseOffrez \u00e0 votre \u00e9quipe une parenth\u00e8se gourmande et conviviale Votre prochaine sortie d\u2019entreprise au Domaine du Feuillerage Invitez vos collaborateurs \u00e0 vivre un moment privil\u00e9gi\u00e9 dans le cadre authentique de notre chai \u00e0 barriques. Nous vous proposons une exp\u00e9rience originale qui allie d\u00e9couverte \u0153nologique et plaisirs de la table. Au programme :- Atelier d\u2019initiation [&hellip;]<\/p>\n","protected":false},"author":2,"featured_media":0,"parent":0,"menu_order":0,"comment_status":"closed","ping_status":"closed","template":"","meta":{"_acf_changed":false,"_et_pb_use_builder":"on","_et_pb_old_content":"","_et_gb_content_width":"","footnotes":""},"class_list":["post-242402","page","type-page","status-publish","hentry"],"acf":[],"yoast_head":"<!-- This site is optimized with the Yoast SEO plugin v25.6 - https:\/\/yoast.com\/wordpress\/plugins\/seo\/ -->\n<title>Soir\u00e9e d&#039;entreprise - Feuillerage Weingut<\/title>\n<meta name=\"robots\" content=\"index, follow, max-snippet:-1, max-image-preview:large, max-video-preview:-1\" \/>\n<link rel=\"canonical\" href=\"https:\/\/www.feuillerage.ch\/soiree-dentreprise\/\" \/>\n<meta property=\"og:locale\" content=\"de_DE\" \/>\n<meta property=\"og:type\" content=\"article\" \/>\n<meta property=\"og:title\" content=\"Soir\u00e9e d&#039;entreprise - Feuillerage Weingut\" \/>\n<meta property=\"og:description\" content=\"Soir\u00e9e d&#039;entrepriseOffrez \u00e0 votre \u00e9quipe une parenth\u00e8se gourmande et conviviale Votre prochaine sortie d\u2019entreprise au Domaine du Feuillerage Invitez vos collaborateurs \u00e0 vivre un moment privil\u00e9gi\u00e9 dans le cadre authentique de notre chai \u00e0 barriques. Nous vous proposons une exp\u00e9rience originale qui allie d\u00e9couverte \u0153nologique et plaisirs de la table. Au programme :- Atelier d\u2019initiation [&hellip;]\" \/>\n<meta property=\"og:url\" content=\"https:\/\/www.feuillerage.ch\/soiree-dentreprise\/\" \/>\n<meta property=\"og:site_name\" content=\"Feuillerage Weingut\" \/>\n<meta property=\"article:publisher\" content=\"https:\/\/m.facebook.com\/feuillerage\/?ref=ts\" \/>\n<meta property=\"article:modified_time\" content=\"2025-12-16T13:36:16+00:00\" \/>\n<meta name=\"twitter:card\" content=\"summary_large_image\" \/>\n<meta name=\"twitter:label1\" content=\"Gesch\u00e4tzte Lesezeit\" \/>\n\t<meta name=\"twitter:data1\" content=\"5\u00a0Minuten\" \/>\n<script type=\"application\/ld+json\" class=\"yoast-schema-graph\">{\"@context\":\"https:\/\/schema.org\",\"@graph\":[{\"@type\":\"WebPage\",\"@id\":\"https:\/\/www.feuillerage.ch\/soiree-dentreprise\/\",\"url\":\"https:\/\/www.feuillerage.ch\/soiree-dentreprise\/\",\"name\":\"Soir\u00e9e d'entreprise - Feuillerage Weingut\",\"isPartOf\":{\"@id\":\"https:\/\/www.feuillerage.ch\/de\/#website\"},\"datePublished\":\"2025-10-21T07:28:50+00:00\",\"dateModified\":\"2025-12-16T13:36:16+00:00\",\"breadcrumb\":{\"@id\":\"https:\/\/www.feuillerage.ch\/soiree-dentreprise\/#breadcrumb\"},\"inLanguage\":\"de\",\"potentialAction\":[{\"@type\":\"ReadAction\",\"target\":[\"https:\/\/www.feuillerage.ch\/soiree-dentreprise\/\"]}]},{\"@type\":\"BreadcrumbList\",\"@id\":\"https:\/\/www.feuillerage.ch\/soiree-dentreprise\/#breadcrumb\",\"itemListElement\":[{\"@type\":\"ListItem\",\"position\":1,\"name\":\"Accueil\",\"item\":\"https:\/\/www.feuillerage.ch\/de\/\"},{\"@type\":\"ListItem\",\"position\":2,\"name\":\"Soir\u00e9e d&rsquo;entreprise\"}]},{\"@type\":\"WebSite\",\"@id\":\"https:\/\/www.feuillerage.ch\/de\/#website\",\"url\":\"https:\/\/www.feuillerage.ch\/de\/\",\"name\":\"Feuillerage Weingut\",\"description\":\"Vignerons sur la C\u00f4te vaudoise\",\"publisher\":{\"@id\":\"https:\/\/www.feuillerage.ch\/de\/#organization\"},\"potentialAction\":[{\"@type\":\"SearchAction\",\"target\":{\"@type\":\"EntryPoint\",\"urlTemplate\":\"https:\/\/www.feuillerage.ch\/de\/?s={search_term_string}\"},\"query-input\":{\"@type\":\"PropertyValueSpecification\",\"valueRequired\":true,\"valueName\":\"search_term_string\"}}],\"inLanguage\":\"de\"},{\"@type\":\"Organization\",\"@id\":\"https:\/\/www.feuillerage.ch\/de\/#organization\",\"name\":\"Domaine du Feuillerage\",\"url\":\"https:\/\/www.feuillerage.ch\/de\/\",\"logo\":{\"@type\":\"ImageObject\",\"inLanguage\":\"de\",\"@id\":\"https:\/\/www.feuillerage.ch\/de\/#\/schema\/logo\/image\/\",\"url\":\"https:\/\/www.feuillerage.ch\/wp-content\/uploads\/2019\/01\/Logo-encore-petit.png\",\"contentUrl\":\"https:\/\/www.feuillerage.ch\/wp-content\/uploads\/2019\/01\/Logo-encore-petit.png\",\"width\":2880,\"height\":1824,\"caption\":\"Domaine du Feuillerage\"},\"image\":{\"@id\":\"https:\/\/www.feuillerage.ch\/de\/#\/schema\/logo\/image\/\"},\"sameAs\":[\"https:\/\/m.facebook.com\/feuillerage\/?ref=ts\"]}]}<\/script>\n<!-- \/ Yoast SEO plugin. -->","yoast_head_json":{"title":"Soir\u00e9e d'entreprise - Feuillerage Weingut","robots":{"index":"index","follow":"follow","max-snippet":"max-snippet:-1","max-image-preview":"max-image-preview:large","max-video-preview":"max-video-preview:-1"},"canonical":"https:\/\/www.feuillerage.ch\/soiree-dentreprise\/","og_locale":"de_DE","og_type":"article","og_title":"Soir\u00e9e d'entreprise - Feuillerage Weingut","og_description":"Soir\u00e9e d'entrepriseOffrez \u00e0 votre \u00e9quipe une parenth\u00e8se gourmande et conviviale Votre prochaine sortie d\u2019entreprise au Domaine du Feuillerage Invitez vos collaborateurs \u00e0 vivre un moment privil\u00e9gi\u00e9 dans le cadre authentique de notre chai \u00e0 barriques. Nous vous proposons une exp\u00e9rience originale qui allie d\u00e9couverte \u0153nologique et plaisirs de la table. Au programme :- Atelier d\u2019initiation [&hellip;]","og_url":"https:\/\/www.feuillerage.ch\/soiree-dentreprise\/","og_site_name":"Feuillerage Weingut","article_publisher":"https:\/\/m.facebook.com\/feuillerage\/?ref=ts","article_modified_time":"2025-12-16T13:36:16+00:00","twitter_card":"summary_large_image","twitter_misc":{"Gesch\u00e4tzte Lesezeit":"5\u00a0Minuten"},"schema":{"@context":"https:\/\/schema.org","@graph":[{"@type":"WebPage","@id":"https:\/\/www.feuillerage.ch\/soiree-dentreprise\/","url":"https:\/\/www.feuillerage.ch\/soiree-dentreprise\/","name":"Soir\u00e9e d'entreprise - Feuillerage Weingut","isPartOf":{"@id":"https:\/\/www.feuillerage.ch\/de\/#website"},"datePublished":"2025-10-21T07:28:50+00:00","dateModified":"2025-12-16T13:36:16+00:00","breadcrumb":{"@id":"https:\/\/www.feuillerage.ch\/soiree-dentreprise\/#breadcrumb"},"inLanguage":"de","potentialAction":[{"@type":"ReadAction","target":["https:\/\/www.feuillerage.ch\/soiree-dentreprise\/"]}]},{"@type":"BreadcrumbList","@id":"https:\/\/www.feuillerage.ch\/soiree-dentreprise\/#breadcrumb","itemListElement":[{"@type":"ListItem","position":1,"name":"Accueil","item":"https:\/\/www.feuillerage.ch\/de\/"},{"@type":"ListItem","position":2,"name":"Soir\u00e9e d&rsquo;entreprise"}]},{"@type":"WebSite","@id":"https:\/\/www.feuillerage.ch\/de\/#website","url":"https:\/\/www.feuillerage.ch\/de\/","name":"Feuillerage Weingut","description":"Vignerons sur la C\u00f4te vaudoise","publisher":{"@id":"https:\/\/www.feuillerage.ch\/de\/#organization"},"potentialAction":[{"@type":"SearchAction","target":{"@type":"EntryPoint","urlTemplate":"https:\/\/www.feuillerage.ch\/de\/?s={search_term_string}"},"query-input":{"@type":"PropertyValueSpecification","valueRequired":true,"valueName":"search_term_string"}}],"inLanguage":"de"},{"@type":"Organization","@id":"https:\/\/www.feuillerage.ch\/de\/#organization","name":"Domaine du Feuillerage","url":"https:\/\/www.feuillerage.ch\/de\/","logo":{"@type":"ImageObject","inLanguage":"de","@id":"https:\/\/www.feuillerage.ch\/de\/#\/schema\/logo\/image\/","url":"https:\/\/www.feuillerage.ch\/wp-content\/uploads\/2019\/01\/Logo-encore-petit.png","contentUrl":"https:\/\/www.feuillerage.ch\/wp-content\/uploads\/2019\/01\/Logo-encore-petit.png","width":2880,"height":1824,"caption":"Domaine du Feuillerage"},"image":{"@id":"https:\/\/www.feuillerage.ch\/de\/#\/schema\/logo\/image\/"},"sameAs":["https:\/\/m.facebook.com\/feuillerage\/?ref=ts"]}]}},"_links":{"self":[{"href":"https:\/\/www.feuillerage.ch\/de\/wp-json\/wp\/v2\/pages\/242402"}],"collection":[{"href":"https:\/\/www.feuillerage.ch\/de\/wp-json\/wp\/v2\/pages"}],"about":[{"href":"https:\/\/www.feuillerage.ch\/de\/wp-json\/wp\/v2\/types\/page"}],"author":[{"embeddable":true,"href":"https:\/\/www.feuillerage.ch\/de\/wp-json\/wp\/v2\/users\/2"}],"replies":[{"embeddable":true,"href":"https:\/\/www.feuillerage.ch\/de\/wp-json\/wp\/v2\/comments?post=242402"}],"version-history":[{"count":5,"href":"https:\/\/www.feuillerage.ch\/de\/wp-json\/wp\/v2\/pages\/242402\/revisions"}],"predecessor-version":[{"id":242518,"href":"https:\/\/www.feuillerage.ch\/de\/wp-json\/wp\/v2\/pages\/242402\/revisions\/242518"}],"wp:attachment":[{"href":"https:\/\/www.feuillerage.ch\/de\/wp-json\/wp\/v2\/media?parent=242402"}],"curies":[{"name":"wp","href":"https:\/\/api.w.org\/{rel}","templated":true}]}}