{"id":242658,"date":"2026-04-14T10:48:20","date_gmt":"2026-04-14T08:48:20","guid":{"rendered":"https:\/\/www.feuillerage.ch\/die-nachrichten-des-weinguts\/"},"modified":"2026-04-14T10:48:21","modified_gmt":"2026-04-14T08:48:21","slug":"die-nachrichten-des-weinguts","status":"publish","type":"page","link":"https:\/\/www.feuillerage.ch\/de\/die-nachrichten-des-weinguts\/","title":{"rendered":"Die Nachrichten des Weinguts"},"content":{"rendered":"<p>[et_pb_section fb_built=&#8220;1&#8243; _builder_version=&#8220;4.27.4&#8243; _module_preset=&#8220;default&#8220; global_colors_info=&#8220;{}&#8220;][et_pb_row _builder_version=&#8220;4.27.4&#8243; _module_preset=&#8220;default&#8220; global_colors_info=&#8220;{}&#8220;][et_pb_column type=&#8220;4_4&#8243; _builder_version=&#8220;4.27.4&#8243; _module_preset=&#8220;default&#8220; global_colors_info=&#8220;{}&#8220;][et_pb_text _builder_version=&#8220;4.27.4&#8243; _module_preset=&#8220;default&#8220; global_colors_info=&#8220;{}&#8220;]<\/p>\n<h1>Die Nachrichten des Weinguts<\/h1>\n<p>[\/et_pb_text][et_pb_text _builder_version=&#8220;4.27.4&#8243; _module_preset=&#8220;default&#8220; global_colors_info=&#8220;{}&#8220;]<\/p>\n<p>Jedes Jahr ver\u00f6ffentlicht die Domaine du Feuillerage ihre Zeitschrift. Kein Katalog, keine Brosch\u00fcre \u2013 eine echte Weingutzeitschrift, die davon erz\u00e4hlt, was in den Weinbergen, im Weinkeller und im Leben von Roland und C\u00e9dric passiert ist. <\/p>\n<p>In dieser dritten Ausgabe geht es um eine Krise, die alles ver\u00e4ndert, um neue Weine, die f\u00fcr Aufsehen sorgen, um einen unterhaltsamen Spaziergang durch die Weinberge, um eine erste Auszubildende auf dem Weingut und um ein Abenteuer im Regen im Vully. <\/p>\n<p>Darin geht es auch darum, was wir einstellen \u2013 La Quoi, unser Sonderling zwischen Bier und Wein \u2013 und was wir neu beginnen: die Mandelb\u00e4ume, die Ann\u00e4herung an unsere Winzer-Nachbarn und den <a href=\"http:\/\/sommelier.feuillerage.ch\">Sommelier du Feuillerage<\/a>, unseren digitales Tool zur Wein- und Speisenempfehlung. <\/p>\n<p>So bleiben wir mit Ihnen in Kontakt \u2013 \u00fcber das Weingut und die Veranstaltungen hinaus. Wir laden Sie ein, einen Blick hinter die Kulissen eines Weinguts zu werfen, das arbeitet, zweifelt, sich anpasst \u2013 und seit f\u00fcnf Generationen mit Leidenschaft Wein herstellt <\/p>\n<p>[\/et_pb_text][et_pb_button button_url=&#8220;http:\/\/journal.feuillerage.ch&#8220; button_text=&#8220;Die Zeitung von 2026 lesen&#8220; _builder_version=&#8220;4.27.4&#8243; _module_preset=&#8220;default&#8220; global_colors_info=&#8220;{}&#8220; custom_margin=&#8220;||3px|||&#8220;][\/et_pb_button][et_pb_image src=&#8220;https:\/\/www.feuillerage.ch\/wp-content\/uploads\/2026\/04\/CleanShot-2026-04-14-at-08.39.59@2x-png.avif&#8220; alt=&#8220;Le journal du Feuillerage&#8220; title_text=&#8220;Die Nachrichten des Weinguts&#8220; url=&#8220;http:\/\/journal.feuillerage.ch&#8220; _builder_version=&#8220;4.27.4&#8243; _module_preset=&#8220;default&#8220; global_colors_info=&#8220;{}&#8220; custom_padding=&#8220;0px|||||&#8220;][\/et_pb_image][\/et_pb_column][\/et_pb_row][\/et_pb_section]<\/p>\n","protected":false},"excerpt":{"rendered":"<p>Die Nachrichten des WeingutsJedes Jahr ver\u00f6ffentlicht die Domaine du Feuillerage ihre Zeitschrift. Kein Katalog, keine Brosch\u00fcre \u2013 eine echte Weingutzeitschrift, die davon erz\u00e4hlt, was in den Weinbergen, im Weinkeller und im Leben von Roland und C\u00e9dric passiert ist. In dieser dritten Ausgabe geht es um eine Krise, die alles ver\u00e4ndert, um neue Weine, die f\u00fcr [&hellip;]<\/p>\n","protected":false},"author":2,"featured_media":0,"parent":0,"menu_order":0,"comment_status":"closed","ping_status":"closed","template":"","meta":{"_acf_changed":false,"_et_pb_use_builder":"on","_et_pb_old_content":"","_et_gb_content_width":"","footnotes":""},"class_list":["post-242658","page","type-page","status-publish","hentry"],"acf":[],"yoast_head":"<!-- This site is optimized with the Yoast SEO plugin v25.6 - https:\/\/yoast.com\/wordpress\/plugins\/seo\/ -->\n<title>Die Nachrichten des Weinguts - Feuillerage Weingut<\/title>\n<meta name=\"description\" content=\"Das \u201eJournal du Feuillerage\u201c: neue Weine, Marktkrise und das Leben auf dem Weingut. Lesen Sie die Neuigkeiten von Roland und C\u00e9dric Gaillard aus Perroy.\" \/>\n<meta name=\"robots\" content=\"index, follow, max-snippet:-1, max-image-preview:large, max-video-preview:-1\" \/>\n<link rel=\"canonical\" href=\"https:\/\/www.feuillerage.ch\/de\/die-nachrichten-des-weinguts\/\" \/>\n<meta property=\"og:locale\" content=\"de_DE\" \/>\n<meta property=\"og:type\" content=\"article\" \/>\n<meta property=\"og:title\" content=\"Die Nachrichten des Weinguts - Feuillerage Weingut\" \/>\n<meta property=\"og:description\" content=\"Das \u201eJournal du Feuillerage\u201c: neue Weine, Marktkrise und das Leben auf dem Weingut. Lesen Sie die Neuigkeiten von Roland und C\u00e9dric Gaillard aus Perroy.\" \/>\n<meta property=\"og:url\" content=\"https:\/\/www.feuillerage.ch\/de\/die-nachrichten-des-weinguts\/\" \/>\n<meta property=\"og:site_name\" content=\"Feuillerage Weingut\" \/>\n<meta property=\"article:publisher\" content=\"https:\/\/m.facebook.com\/feuillerage\/?ref=ts\" \/>\n<meta property=\"article:modified_time\" content=\"2026-04-14T08:48:21+00:00\" \/>\n<meta name=\"twitter:card\" content=\"summary_large_image\" \/>\n<meta name=\"twitter:label1\" content=\"Gesch\u00e4tzte Lesezeit\" \/>\n\t<meta name=\"twitter:data1\" content=\"2\u00a0Minuten\" \/>\n<script type=\"application\/ld+json\" class=\"yoast-schema-graph\">{\"@context\":\"https:\/\/schema.org\",\"@graph\":[{\"@type\":\"WebPage\",\"@id\":\"https:\/\/www.feuillerage.ch\/de\/die-nachrichten-des-weinguts\/\",\"url\":\"https:\/\/www.feuillerage.ch\/de\/die-nachrichten-des-weinguts\/\",\"name\":\"Die Nachrichten des Weinguts - Feuillerage Weingut\",\"isPartOf\":{\"@id\":\"https:\/\/www.feuillerage.ch\/de\/#website\"},\"datePublished\":\"2026-04-14T08:48:20+00:00\",\"dateModified\":\"2026-04-14T08:48:21+00:00\",\"description\":\"Das \u201eJournal du Feuillerage\u201c: neue Weine, Marktkrise und das Leben auf dem Weingut. Lesen Sie die Neuigkeiten von Roland und C\u00e9dric Gaillard aus Perroy.\",\"breadcrumb\":{\"@id\":\"https:\/\/www.feuillerage.ch\/de\/die-nachrichten-des-weinguts\/#breadcrumb\"},\"inLanguage\":\"de\",\"potentialAction\":[{\"@type\":\"ReadAction\",\"target\":[\"https:\/\/www.feuillerage.ch\/de\/die-nachrichten-des-weinguts\/\"]}]},{\"@type\":\"BreadcrumbList\",\"@id\":\"https:\/\/www.feuillerage.ch\/de\/die-nachrichten-des-weinguts\/#breadcrumb\",\"itemListElement\":[{\"@type\":\"ListItem\",\"position\":1,\"name\":\"Accueil\",\"item\":\"https:\/\/www.feuillerage.ch\/de\/\"},{\"@type\":\"ListItem\",\"position\":2,\"name\":\"Die Nachrichten des Weinguts\"}]},{\"@type\":\"WebSite\",\"@id\":\"https:\/\/www.feuillerage.ch\/de\/#website\",\"url\":\"https:\/\/www.feuillerage.ch\/de\/\",\"name\":\"Feuillerage Weingut\",\"description\":\"Vignerons sur la C\u00f4te vaudoise\",\"publisher\":{\"@id\":\"https:\/\/www.feuillerage.ch\/de\/#organization\"},\"potentialAction\":[{\"@type\":\"SearchAction\",\"target\":{\"@type\":\"EntryPoint\",\"urlTemplate\":\"https:\/\/www.feuillerage.ch\/de\/?s={search_term_string}\"},\"query-input\":{\"@type\":\"PropertyValueSpecification\",\"valueRequired\":true,\"valueName\":\"search_term_string\"}}],\"inLanguage\":\"de\"},{\"@type\":\"Organization\",\"@id\":\"https:\/\/www.feuillerage.ch\/de\/#organization\",\"name\":\"Domaine du Feuillerage\",\"url\":\"https:\/\/www.feuillerage.ch\/de\/\",\"logo\":{\"@type\":\"ImageObject\",\"inLanguage\":\"de\",\"@id\":\"https:\/\/www.feuillerage.ch\/de\/#\/schema\/logo\/image\/\",\"url\":\"https:\/\/www.feuillerage.ch\/wp-content\/uploads\/2019\/01\/Logo-encore-petit.png\",\"contentUrl\":\"https:\/\/www.feuillerage.ch\/wp-content\/uploads\/2019\/01\/Logo-encore-petit.png\",\"width\":2880,\"height\":1824,\"caption\":\"Domaine du Feuillerage\"},\"image\":{\"@id\":\"https:\/\/www.feuillerage.ch\/de\/#\/schema\/logo\/image\/\"},\"sameAs\":[\"https:\/\/m.facebook.com\/feuillerage\/?ref=ts\"]}]}<\/script>\n<!-- \/ Yoast SEO plugin. -->","yoast_head_json":{"title":"Die Nachrichten des Weinguts - Feuillerage Weingut","description":"Das \u201eJournal du Feuillerage\u201c: neue Weine, Marktkrise und das Leben auf dem Weingut. Lesen Sie die Neuigkeiten von Roland und C\u00e9dric Gaillard aus Perroy.","robots":{"index":"index","follow":"follow","max-snippet":"max-snippet:-1","max-image-preview":"max-image-preview:large","max-video-preview":"max-video-preview:-1"},"canonical":"https:\/\/www.feuillerage.ch\/de\/die-nachrichten-des-weinguts\/","og_locale":"de_DE","og_type":"article","og_title":"Die Nachrichten des Weinguts - Feuillerage Weingut","og_description":"Das \u201eJournal du Feuillerage\u201c: neue Weine, Marktkrise und das Leben auf dem Weingut. Lesen Sie die Neuigkeiten von Roland und C\u00e9dric Gaillard aus Perroy.","og_url":"https:\/\/www.feuillerage.ch\/de\/die-nachrichten-des-weinguts\/","og_site_name":"Feuillerage Weingut","article_publisher":"https:\/\/m.facebook.com\/feuillerage\/?ref=ts","article_modified_time":"2026-04-14T08:48:21+00:00","twitter_card":"summary_large_image","twitter_misc":{"Gesch\u00e4tzte Lesezeit":"2\u00a0Minuten"},"schema":{"@context":"https:\/\/schema.org","@graph":[{"@type":"WebPage","@id":"https:\/\/www.feuillerage.ch\/de\/die-nachrichten-des-weinguts\/","url":"https:\/\/www.feuillerage.ch\/de\/die-nachrichten-des-weinguts\/","name":"Die Nachrichten des Weinguts - Feuillerage Weingut","isPartOf":{"@id":"https:\/\/www.feuillerage.ch\/de\/#website"},"datePublished":"2026-04-14T08:48:20+00:00","dateModified":"2026-04-14T08:48:21+00:00","description":"Das \u201eJournal du Feuillerage\u201c: neue Weine, Marktkrise und das Leben auf dem Weingut. Lesen Sie die Neuigkeiten von Roland und C\u00e9dric Gaillard aus Perroy.","breadcrumb":{"@id":"https:\/\/www.feuillerage.ch\/de\/die-nachrichten-des-weinguts\/#breadcrumb"},"inLanguage":"de","potentialAction":[{"@type":"ReadAction","target":["https:\/\/www.feuillerage.ch\/de\/die-nachrichten-des-weinguts\/"]}]},{"@type":"BreadcrumbList","@id":"https:\/\/www.feuillerage.ch\/de\/die-nachrichten-des-weinguts\/#breadcrumb","itemListElement":[{"@type":"ListItem","position":1,"name":"Accueil","item":"https:\/\/www.feuillerage.ch\/de\/"},{"@type":"ListItem","position":2,"name":"Die Nachrichten des Weinguts"}]},{"@type":"WebSite","@id":"https:\/\/www.feuillerage.ch\/de\/#website","url":"https:\/\/www.feuillerage.ch\/de\/","name":"Feuillerage Weingut","description":"Vignerons sur la C\u00f4te vaudoise","publisher":{"@id":"https:\/\/www.feuillerage.ch\/de\/#organization"},"potentialAction":[{"@type":"SearchAction","target":{"@type":"EntryPoint","urlTemplate":"https:\/\/www.feuillerage.ch\/de\/?s={search_term_string}"},"query-input":{"@type":"PropertyValueSpecification","valueRequired":true,"valueName":"search_term_string"}}],"inLanguage":"de"},{"@type":"Organization","@id":"https:\/\/www.feuillerage.ch\/de\/#organization","name":"Domaine du Feuillerage","url":"https:\/\/www.feuillerage.ch\/de\/","logo":{"@type":"ImageObject","inLanguage":"de","@id":"https:\/\/www.feuillerage.ch\/de\/#\/schema\/logo\/image\/","url":"https:\/\/www.feuillerage.ch\/wp-content\/uploads\/2019\/01\/Logo-encore-petit.png","contentUrl":"https:\/\/www.feuillerage.ch\/wp-content\/uploads\/2019\/01\/Logo-encore-petit.png","width":2880,"height":1824,"caption":"Domaine du Feuillerage"},"image":{"@id":"https:\/\/www.feuillerage.ch\/de\/#\/schema\/logo\/image\/"},"sameAs":["https:\/\/m.facebook.com\/feuillerage\/?ref=ts"]}]}},"_links":{"self":[{"href":"https:\/\/www.feuillerage.ch\/de\/wp-json\/wp\/v2\/pages\/242658"}],"collection":[{"href":"https:\/\/www.feuillerage.ch\/de\/wp-json\/wp\/v2\/pages"}],"about":[{"href":"https:\/\/www.feuillerage.ch\/de\/wp-json\/wp\/v2\/types\/page"}],"author":[{"embeddable":true,"href":"https:\/\/www.feuillerage.ch\/de\/wp-json\/wp\/v2\/users\/2"}],"replies":[{"embeddable":true,"href":"https:\/\/www.feuillerage.ch\/de\/wp-json\/wp\/v2\/comments?post=242658"}],"version-history":[{"count":2,"href":"https:\/\/www.feuillerage.ch\/de\/wp-json\/wp\/v2\/pages\/242658\/revisions"}],"predecessor-version":[{"id":242660,"href":"https:\/\/www.feuillerage.ch\/de\/wp-json\/wp\/v2\/pages\/242658\/revisions\/242660"}],"wp:attachment":[{"href":"https:\/\/www.feuillerage.ch\/de\/wp-json\/wp\/v2\/media?parent=242658"}],"curies":[{"name":"wp","href":"https:\/\/api.w.org\/{rel}","templated":true}]}}