{"id":237484,"date":"2019-02-25T18:30:38","date_gmt":"2021-01-20T12:29:18","guid":{"rendered":"https:\/\/www.feuillerage.ch\/produit\/fechy\/"},"modified":"2021-03-23T11:43:40","modified_gmt":"2021-03-23T10:43:40","slug":"fechy-2","status":"publish","type":"product","link":"https:\/\/www.feuillerage.ch\/de\/produit\/fechy-2\/","title":{"rendered":"F\u00e9chy"},"content":{"rendered":"<p>Der zweite Chasselas unseres Weinguts stammt aus dem Hang von Malessert in der Gemeinde F\u00e9chy. Der kalkhaltige Boden, der ihn tr\u00e4gt, verleiht ihm die f\u00fcr die Rebsorte typischen mineralischen und blumigen Noten. Seine F\u00fclle am Gaumen und seine imposantere Struktur als die Feuillerage machen ihn zu einem ganz anderen Wein.<\/p>\n","protected":false},"excerpt":{"rendered":"<p>Der zweite Chasselas unseres Weinguts stammt aus dem Hang von Malessert in der Gemeinde F\u00e9chy. Der kalkhaltige Boden, der ihn tr\u00e4gt, verleiht ihm die f\u00fcr die Rebsorte typischen mineralischen und blumigen Noten. Seine F\u00fclle am Gaumen und seine imposantere Struktur als die Feuillerage machen ihn zu einem ganz anderen Wein.<\/p>\n","protected":false},"featured_media":236986,"template":"","meta":{"_acf_changed":false,"_et_pb_use_builder":"on","_et_pb_old_content":"Der zweite Chasselas unseres Weinguts stammt aus dem Hang von Malessert in der Gemeinde F\u00e9chy. Der kalkhaltige Boden, der ihn tr\u00e4gt, verleiht ihm die f\u00fcr die Rebsorte typischen mineralischen und blumigen Noten. Seine F\u00fclle am Gaumen und seine imposantere Struktur als die Feuillerage machen ihn zu einem ganz anderen Wein.","_et_gb_content_width":""},"product_brand":[],"product_cat":[175,116],"product_tag":[],"class_list":{"0":"post-237484","1":"product","2":"type-product","3":"status-publish","4":"has-post-thumbnail","6":"product_cat-herz-der-domane","7":"product_cat-weissweine","8":"product_shipping_class-bt","10":"first","11":"instock","12":"shipping-taxable","13":"product-type-simple"},"acf":[],"yoast_head":"<!-- This site is optimized with the Yoast SEO plugin v25.6 - https:\/\/yoast.com\/wordpress\/plugins\/seo\/ -->\n<title>F\u00e9chy - Feuillerage Weingut<\/title>\n<meta name=\"robots\" content=\"index, follow, max-snippet:-1, max-image-preview:large, max-video-preview:-1\" \/>\n<link rel=\"canonical\" href=\"https:\/\/www.feuillerage.ch\/de\/produit\/fechy-2\/\" \/>\n<meta property=\"og:locale\" content=\"de_DE\" \/>\n<meta property=\"og:type\" content=\"article\" \/>\n<meta property=\"og:title\" content=\"F\u00e9chy - Feuillerage Weingut\" \/>\n<meta property=\"og:description\" content=\"Der zweite Chasselas unseres Weinguts stammt aus dem Hang von Malessert in der Gemeinde F\u00e9chy. Der kalkhaltige Boden, der ihn tr\u00e4gt, verleiht ihm die f\u00fcr die Rebsorte typischen mineralischen und blumigen Noten. Seine F\u00fclle am Gaumen und seine imposantere Struktur als die Feuillerage machen ihn zu einem ganz anderen Wein.\" \/>\n<meta property=\"og:url\" content=\"https:\/\/www.feuillerage.ch\/de\/produit\/fechy-2\/\" \/>\n<meta property=\"og:site_name\" content=\"Feuillerage Weingut\" \/>\n<meta property=\"article:publisher\" content=\"https:\/\/m.facebook.com\/feuillerage\/?ref=ts\" \/>\n<meta property=\"article:modified_time\" content=\"2021-03-23T10:43:40+00:00\" \/>\n<meta property=\"og:image\" content=\"https:\/\/www.feuillerage.ch\/wp-content\/uploads\/2019\/02\/Chasselas_Fe\u0301chy.jpg\" \/>\n\t<meta property=\"og:image:width\" content=\"720\" \/>\n\t<meta property=\"og:image:height\" content=\"1080\" \/>\n\t<meta property=\"og:image:type\" content=\"image\/jpeg\" \/>\n<meta name=\"twitter:card\" content=\"summary_large_image\" \/>\n<script type=\"application\/ld+json\" class=\"yoast-schema-graph\">{\"@context\":\"https:\/\/schema.org\",\"@graph\":[{\"@type\":\"WebPage\",\"@id\":\"https:\/\/www.feuillerage.ch\/de\/produit\/fechy-2\/\",\"url\":\"https:\/\/www.feuillerage.ch\/de\/produit\/fechy-2\/\",\"name\":\"F\u00e9chy - Feuillerage Weingut\",\"isPartOf\":{\"@id\":\"https:\/\/www.feuillerage.ch\/de\/#website\"},\"primaryImageOfPage\":{\"@id\":\"https:\/\/www.feuillerage.ch\/de\/produit\/fechy-2\/#primaryimage\"},\"image\":{\"@id\":\"https:\/\/www.feuillerage.ch\/de\/produit\/fechy-2\/#primaryimage\"},\"thumbnailUrl\":\"https:\/\/www.feuillerage.ch\/wp-content\/uploads\/2019\/02\/Chasselas_Fe\u0301chy.jpg\",\"datePublished\":\"2021-01-20T12:29:18+00:00\",\"dateModified\":\"2021-03-23T10:43:40+00:00\",\"breadcrumb\":{\"@id\":\"https:\/\/www.feuillerage.ch\/de\/produit\/fechy-2\/#breadcrumb\"},\"inLanguage\":\"de\",\"potentialAction\":[{\"@type\":\"ReadAction\",\"target\":[\"https:\/\/www.feuillerage.ch\/de\/produit\/fechy-2\/\"]}]},{\"@type\":\"ImageObject\",\"inLanguage\":\"de\",\"@id\":\"https:\/\/www.feuillerage.ch\/de\/produit\/fechy-2\/#primaryimage\",\"url\":\"https:\/\/www.feuillerage.ch\/wp-content\/uploads\/2019\/02\/Chasselas_Fe\u0301chy.jpg\",\"contentUrl\":\"https:\/\/www.feuillerage.ch\/wp-content\/uploads\/2019\/02\/Chasselas_Fe\u0301chy.jpg\",\"width\":720,\"height\":1080,\"caption\":\"Chasselas F\u00e9chy\"},{\"@type\":\"BreadcrumbList\",\"@id\":\"https:\/\/www.feuillerage.ch\/de\/produit\/fechy-2\/#breadcrumb\",\"itemListElement\":[{\"@type\":\"ListItem\",\"position\":1,\"name\":\"Accueil\",\"item\":\"https:\/\/www.feuillerage.ch\/de\/\"},{\"@type\":\"ListItem\",\"position\":2,\"name\":\"Unsere Weine\",\"item\":\"https:\/\/www.feuillerage.ch\/de\/unsere-weine\/\"},{\"@type\":\"ListItem\",\"position\":3,\"name\":\"F\u00e9chy\"}]},{\"@type\":\"WebSite\",\"@id\":\"https:\/\/www.feuillerage.ch\/de\/#website\",\"url\":\"https:\/\/www.feuillerage.ch\/de\/\",\"name\":\"Feuillerage Weingut\",\"description\":\"Vignerons sur la C\u00f4te vaudoise\",\"publisher\":{\"@id\":\"https:\/\/www.feuillerage.ch\/de\/#organization\"},\"potentialAction\":[{\"@type\":\"SearchAction\",\"target\":{\"@type\":\"EntryPoint\",\"urlTemplate\":\"https:\/\/www.feuillerage.ch\/de\/?s={search_term_string}\"},\"query-input\":{\"@type\":\"PropertyValueSpecification\",\"valueRequired\":true,\"valueName\":\"search_term_string\"}}],\"inLanguage\":\"de\"},{\"@type\":\"Organization\",\"@id\":\"https:\/\/www.feuillerage.ch\/de\/#organization\",\"name\":\"Domaine du Feuillerage\",\"url\":\"https:\/\/www.feuillerage.ch\/de\/\",\"logo\":{\"@type\":\"ImageObject\",\"inLanguage\":\"de\",\"@id\":\"https:\/\/www.feuillerage.ch\/de\/#\/schema\/logo\/image\/\",\"url\":\"https:\/\/www.feuillerage.ch\/wp-content\/uploads\/2019\/01\/Logo-encore-petit.png\",\"contentUrl\":\"https:\/\/www.feuillerage.ch\/wp-content\/uploads\/2019\/01\/Logo-encore-petit.png\",\"width\":2880,\"height\":1824,\"caption\":\"Domaine du Feuillerage\"},\"image\":{\"@id\":\"https:\/\/www.feuillerage.ch\/de\/#\/schema\/logo\/image\/\"},\"sameAs\":[\"https:\/\/m.facebook.com\/feuillerage\/?ref=ts\"]}]}<\/script>\n<!-- \/ Yoast SEO plugin. -->","yoast_head_json":{"title":"F\u00e9chy - Feuillerage Weingut","robots":{"index":"index","follow":"follow","max-snippet":"max-snippet:-1","max-image-preview":"max-image-preview:large","max-video-preview":"max-video-preview:-1"},"canonical":"https:\/\/www.feuillerage.ch\/de\/produit\/fechy-2\/","og_locale":"de_DE","og_type":"article","og_title":"F\u00e9chy - Feuillerage Weingut","og_description":"Der zweite Chasselas unseres Weinguts stammt aus dem Hang von Malessert in der Gemeinde F\u00e9chy. Der kalkhaltige Boden, der ihn tr\u00e4gt, verleiht ihm die f\u00fcr die Rebsorte typischen mineralischen und blumigen Noten. Seine F\u00fclle am Gaumen und seine imposantere Struktur als die Feuillerage machen ihn zu einem ganz anderen Wein.","og_url":"https:\/\/www.feuillerage.ch\/de\/produit\/fechy-2\/","og_site_name":"Feuillerage Weingut","article_publisher":"https:\/\/m.facebook.com\/feuillerage\/?ref=ts","article_modified_time":"2021-03-23T10:43:40+00:00","og_image":[{"width":720,"height":1080,"url":"https:\/\/www.feuillerage.ch\/wp-content\/uploads\/2019\/02\/Chasselas_Fe\u0301chy.jpg","type":"image\/jpeg"}],"twitter_card":"summary_large_image","schema":{"@context":"https:\/\/schema.org","@graph":[{"@type":"WebPage","@id":"https:\/\/www.feuillerage.ch\/de\/produit\/fechy-2\/","url":"https:\/\/www.feuillerage.ch\/de\/produit\/fechy-2\/","name":"F\u00e9chy - Feuillerage Weingut","isPartOf":{"@id":"https:\/\/www.feuillerage.ch\/de\/#website"},"primaryImageOfPage":{"@id":"https:\/\/www.feuillerage.ch\/de\/produit\/fechy-2\/#primaryimage"},"image":{"@id":"https:\/\/www.feuillerage.ch\/de\/produit\/fechy-2\/#primaryimage"},"thumbnailUrl":"https:\/\/www.feuillerage.ch\/wp-content\/uploads\/2019\/02\/Chasselas_Fe\u0301chy.jpg","datePublished":"2021-01-20T12:29:18+00:00","dateModified":"2021-03-23T10:43:40+00:00","breadcrumb":{"@id":"https:\/\/www.feuillerage.ch\/de\/produit\/fechy-2\/#breadcrumb"},"inLanguage":"de","potentialAction":[{"@type":"ReadAction","target":["https:\/\/www.feuillerage.ch\/de\/produit\/fechy-2\/"]}]},{"@type":"ImageObject","inLanguage":"de","@id":"https:\/\/www.feuillerage.ch\/de\/produit\/fechy-2\/#primaryimage","url":"https:\/\/www.feuillerage.ch\/wp-content\/uploads\/2019\/02\/Chasselas_Fe\u0301chy.jpg","contentUrl":"https:\/\/www.feuillerage.ch\/wp-content\/uploads\/2019\/02\/Chasselas_Fe\u0301chy.jpg","width":720,"height":1080,"caption":"Chasselas F\u00e9chy"},{"@type":"BreadcrumbList","@id":"https:\/\/www.feuillerage.ch\/de\/produit\/fechy-2\/#breadcrumb","itemListElement":[{"@type":"ListItem","position":1,"name":"Accueil","item":"https:\/\/www.feuillerage.ch\/de\/"},{"@type":"ListItem","position":2,"name":"Unsere Weine","item":"https:\/\/www.feuillerage.ch\/de\/unsere-weine\/"},{"@type":"ListItem","position":3,"name":"F\u00e9chy"}]},{"@type":"WebSite","@id":"https:\/\/www.feuillerage.ch\/de\/#website","url":"https:\/\/www.feuillerage.ch\/de\/","name":"Feuillerage Weingut","description":"Vignerons sur la C\u00f4te vaudoise","publisher":{"@id":"https:\/\/www.feuillerage.ch\/de\/#organization"},"potentialAction":[{"@type":"SearchAction","target":{"@type":"EntryPoint","urlTemplate":"https:\/\/www.feuillerage.ch\/de\/?s={search_term_string}"},"query-input":{"@type":"PropertyValueSpecification","valueRequired":true,"valueName":"search_term_string"}}],"inLanguage":"de"},{"@type":"Organization","@id":"https:\/\/www.feuillerage.ch\/de\/#organization","name":"Domaine du Feuillerage","url":"https:\/\/www.feuillerage.ch\/de\/","logo":{"@type":"ImageObject","inLanguage":"de","@id":"https:\/\/www.feuillerage.ch\/de\/#\/schema\/logo\/image\/","url":"https:\/\/www.feuillerage.ch\/wp-content\/uploads\/2019\/01\/Logo-encore-petit.png","contentUrl":"https:\/\/www.feuillerage.ch\/wp-content\/uploads\/2019\/01\/Logo-encore-petit.png","width":2880,"height":1824,"caption":"Domaine du Feuillerage"},"image":{"@id":"https:\/\/www.feuillerage.ch\/de\/#\/schema\/logo\/image\/"},"sameAs":["https:\/\/m.facebook.com\/feuillerage\/?ref=ts"]}]}},"_links":{"self":[{"href":"https:\/\/www.feuillerage.ch\/de\/wp-json\/wp\/v2\/product\/237484"}],"collection":[{"href":"https:\/\/www.feuillerage.ch\/de\/wp-json\/wp\/v2\/product"}],"about":[{"href":"https:\/\/www.feuillerage.ch\/de\/wp-json\/wp\/v2\/types\/product"}],"wp:featuredmedia":[{"embeddable":true,"href":"https:\/\/www.feuillerage.ch\/de\/wp-json\/wp\/v2\/media\/236986"}],"wp:attachment":[{"href":"https:\/\/www.feuillerage.ch\/de\/wp-json\/wp\/v2\/media?parent=237484"}],"wp:term":[{"taxonomy":"product_brand","embeddable":true,"href":"https:\/\/www.feuillerage.ch\/de\/wp-json\/wp\/v2\/product_brand?post=237484"},{"taxonomy":"product_cat","embeddable":true,"href":"https:\/\/www.feuillerage.ch\/de\/wp-json\/wp\/v2\/product_cat?post=237484"},{"taxonomy":"product_tag","embeddable":true,"href":"https:\/\/www.feuillerage.ch\/de\/wp-json\/wp\/v2\/product_tag?post=237484"}],"curies":[{"name":"wp","href":"https:\/\/api.w.org\/{rel}","templated":true}]}}