{"id":237489,"date":"2019-08-10T19:04:12","date_gmt":"2021-01-20T12:31:03","guid":{"rendered":"https:\/\/www.feuillerage.ch\/produit\/gamay\/"},"modified":"2021-01-20T13:31:04","modified_gmt":"2021-01-20T12:31:04","slug":"gamay","status":"publish","type":"product","link":"https:\/\/www.feuillerage.ch\/de\/produit\/gamay\/","title":{"rendered":"Gamay"},"content":{"rendered":"<p>Dieser leichte Rotwein ist buchst\u00e4blich ein Fruchtkorb, der Erdbeere und Himbeere mit einer leichten Pfeffernote mischt. Lange als mittelm\u00e4\u00dfiger Wein verschrien, hat der Gamay heute seinen Platz in den Kellern der besten Restaurants. <a href=\"https:\/\/vinsconfederes.ch\/quand-le-gamay-sest-reveille\/\" target=\"_blank\" rel=\"noopener noreferrer\">Vins Conf\u00e9d\u00e9r\u00e9s<\/a> erz\u00e4hlt uns mehr \u00fcber diese \u00fcberraschende Rebsorte.<\/p>\n","protected":false},"excerpt":{"rendered":"<p>Dieser leichte Rotwein ist buchst\u00e4blich ein Fruchtkorb, der Erdbeere und Himbeere mit einer leichten Pfeffernote mischt. Lange als mittelm\u00e4\u00dfiger Wein verschrien, hat der Gamay heute seinen Platz in den Kellern der besten Restaurants. Vins Conf\u00e9d\u00e9r\u00e9s erz\u00e4hlt uns mehr \u00fcber diese \u00fcberraschende Rebsorte.<\/p>\n","protected":false},"featured_media":237090,"template":"","meta":{"_acf_changed":false,"_et_pb_use_builder":"","_et_pb_old_content":"","_et_gb_content_width":""},"product_brand":[],"product_cat":[175,119],"product_tag":[],"class_list":{"0":"post-237489","1":"product","2":"type-product","3":"status-publish","4":"has-post-thumbnail","6":"product_cat-herz-der-domane","7":"product_cat-rotweine","8":"product_shipping_class-bt","10":"first","11":"instock","12":"shipping-taxable","13":"purchasable","14":"product-type-variable"},"acf":[],"yoast_head":"<!-- This site is optimized with the Yoast SEO plugin v25.6 - https:\/\/yoast.com\/wordpress\/plugins\/seo\/ -->\n<title>Gamay - Rotweine - C\u00e9dric Gaillard - Feuillerage Weingut<\/title>\n<meta name=\"description\" content=\"Der Gamay unseres Weinguts vereint Aromen von Erdbeeren und Himbeeren mit einer leichten Pfeffernote. Besuchen Sie unseren Keller, um diesen \u00fcberraschenden Wein zu entdecken.\" \/>\n<meta name=\"robots\" content=\"index, follow, max-snippet:-1, max-image-preview:large, max-video-preview:-1\" \/>\n<link rel=\"canonical\" href=\"https:\/\/www.feuillerage.ch\/de\/produit\/gamay\/\" \/>\n<meta property=\"og:locale\" content=\"de_DE\" \/>\n<meta property=\"og:type\" content=\"article\" \/>\n<meta property=\"og:title\" content=\"Gamay - Rotweine - C\u00e9dric Gaillard - Feuillerage Weingut\" \/>\n<meta property=\"og:description\" content=\"Der Gamay unseres Weinguts vereint Aromen von Erdbeeren und Himbeeren mit einer leichten Pfeffernote. Besuchen Sie unseren Keller, um diesen \u00fcberraschenden Wein zu entdecken.\" \/>\n<meta property=\"og:url\" content=\"https:\/\/www.feuillerage.ch\/de\/produit\/gamay\/\" \/>\n<meta property=\"og:site_name\" content=\"Feuillerage Weingut\" \/>\n<meta property=\"article:publisher\" content=\"https:\/\/m.facebook.com\/feuillerage\/?ref=ts\" \/>\n<meta property=\"article:modified_time\" content=\"2021-01-20T12:31:04+00:00\" \/>\n<meta property=\"og:image\" content=\"https:\/\/www.feuillerage.ch\/wp-content\/uploads\/2019\/08\/Gamay-scaled.jpg\" \/>\n\t<meta property=\"og:image:width\" content=\"1707\" \/>\n\t<meta property=\"og:image:height\" content=\"2560\" \/>\n\t<meta property=\"og:image:type\" content=\"image\/jpeg\" \/>\n<meta name=\"twitter:card\" content=\"summary_large_image\" \/>\n<script type=\"application\/ld+json\" class=\"yoast-schema-graph\">{\"@context\":\"https:\/\/schema.org\",\"@graph\":[{\"@type\":\"WebPage\",\"@id\":\"https:\/\/www.feuillerage.ch\/de\/produit\/gamay\/\",\"url\":\"https:\/\/www.feuillerage.ch\/de\/produit\/gamay\/\",\"name\":\"Gamay - Rotweine - C\u00e9dric Gaillard - Feuillerage Weingut\",\"isPartOf\":{\"@id\":\"https:\/\/www.feuillerage.ch\/de\/#website\"},\"primaryImageOfPage\":{\"@id\":\"https:\/\/www.feuillerage.ch\/de\/produit\/gamay\/#primaryimage\"},\"image\":{\"@id\":\"https:\/\/www.feuillerage.ch\/de\/produit\/gamay\/#primaryimage\"},\"thumbnailUrl\":\"https:\/\/www.feuillerage.ch\/wp-content\/uploads\/2019\/08\/Gamay-scaled.jpg\",\"datePublished\":\"2021-01-20T12:31:03+00:00\",\"dateModified\":\"2021-01-20T12:31:04+00:00\",\"description\":\"Der Gamay unseres Weinguts vereint Aromen von Erdbeeren und Himbeeren mit einer leichten Pfeffernote. Besuchen Sie unseren Keller, um diesen \u00fcberraschenden Wein zu entdecken.\",\"breadcrumb\":{\"@id\":\"https:\/\/www.feuillerage.ch\/de\/produit\/gamay\/#breadcrumb\"},\"inLanguage\":\"de\",\"potentialAction\":[{\"@type\":\"ReadAction\",\"target\":[\"https:\/\/www.feuillerage.ch\/de\/produit\/gamay\/\"]}]},{\"@type\":\"ImageObject\",\"inLanguage\":\"de\",\"@id\":\"https:\/\/www.feuillerage.ch\/de\/produit\/gamay\/#primaryimage\",\"url\":\"https:\/\/www.feuillerage.ch\/wp-content\/uploads\/2019\/08\/Gamay-scaled.jpg\",\"contentUrl\":\"https:\/\/www.feuillerage.ch\/wp-content\/uploads\/2019\/08\/Gamay-scaled.jpg\",\"width\":1707,\"height\":2560,\"caption\":\"Flasche Gamay\"},{\"@type\":\"BreadcrumbList\",\"@id\":\"https:\/\/www.feuillerage.ch\/de\/produit\/gamay\/#breadcrumb\",\"itemListElement\":[{\"@type\":\"ListItem\",\"position\":1,\"name\":\"Accueil\",\"item\":\"https:\/\/www.feuillerage.ch\/de\/\"},{\"@type\":\"ListItem\",\"position\":2,\"name\":\"Unsere Weine\",\"item\":\"https:\/\/www.feuillerage.ch\/de\/unsere-weine\/\"},{\"@type\":\"ListItem\",\"position\":3,\"name\":\"Gamay\"}]},{\"@type\":\"WebSite\",\"@id\":\"https:\/\/www.feuillerage.ch\/de\/#website\",\"url\":\"https:\/\/www.feuillerage.ch\/de\/\",\"name\":\"Feuillerage Weingut\",\"description\":\"Vignerons sur la C\u00f4te vaudoise\",\"publisher\":{\"@id\":\"https:\/\/www.feuillerage.ch\/de\/#organization\"},\"potentialAction\":[{\"@type\":\"SearchAction\",\"target\":{\"@type\":\"EntryPoint\",\"urlTemplate\":\"https:\/\/www.feuillerage.ch\/de\/?s={search_term_string}\"},\"query-input\":{\"@type\":\"PropertyValueSpecification\",\"valueRequired\":true,\"valueName\":\"search_term_string\"}}],\"inLanguage\":\"de\"},{\"@type\":\"Organization\",\"@id\":\"https:\/\/www.feuillerage.ch\/de\/#organization\",\"name\":\"Domaine du Feuillerage\",\"url\":\"https:\/\/www.feuillerage.ch\/de\/\",\"logo\":{\"@type\":\"ImageObject\",\"inLanguage\":\"de\",\"@id\":\"https:\/\/www.feuillerage.ch\/de\/#\/schema\/logo\/image\/\",\"url\":\"https:\/\/www.feuillerage.ch\/wp-content\/uploads\/2019\/01\/Logo-encore-petit.png\",\"contentUrl\":\"https:\/\/www.feuillerage.ch\/wp-content\/uploads\/2019\/01\/Logo-encore-petit.png\",\"width\":2880,\"height\":1824,\"caption\":\"Domaine du Feuillerage\"},\"image\":{\"@id\":\"https:\/\/www.feuillerage.ch\/de\/#\/schema\/logo\/image\/\"},\"sameAs\":[\"https:\/\/m.facebook.com\/feuillerage\/?ref=ts\"]}]}<\/script>\n<!-- \/ Yoast SEO plugin. -->","yoast_head_json":{"title":"Gamay - Rotweine - C\u00e9dric Gaillard - Feuillerage Weingut","description":"Der Gamay unseres Weinguts vereint Aromen von Erdbeeren und Himbeeren mit einer leichten Pfeffernote. Besuchen Sie unseren Keller, um diesen \u00fcberraschenden Wein zu entdecken.","robots":{"index":"index","follow":"follow","max-snippet":"max-snippet:-1","max-image-preview":"max-image-preview:large","max-video-preview":"max-video-preview:-1"},"canonical":"https:\/\/www.feuillerage.ch\/de\/produit\/gamay\/","og_locale":"de_DE","og_type":"article","og_title":"Gamay - Rotweine - C\u00e9dric Gaillard - Feuillerage Weingut","og_description":"Der Gamay unseres Weinguts vereint Aromen von Erdbeeren und Himbeeren mit einer leichten Pfeffernote. Besuchen Sie unseren Keller, um diesen \u00fcberraschenden Wein zu entdecken.","og_url":"https:\/\/www.feuillerage.ch\/de\/produit\/gamay\/","og_site_name":"Feuillerage Weingut","article_publisher":"https:\/\/m.facebook.com\/feuillerage\/?ref=ts","article_modified_time":"2021-01-20T12:31:04+00:00","og_image":[{"width":1707,"height":2560,"url":"https:\/\/www.feuillerage.ch\/wp-content\/uploads\/2019\/08\/Gamay-scaled.jpg","type":"image\/jpeg"}],"twitter_card":"summary_large_image","schema":{"@context":"https:\/\/schema.org","@graph":[{"@type":"WebPage","@id":"https:\/\/www.feuillerage.ch\/de\/produit\/gamay\/","url":"https:\/\/www.feuillerage.ch\/de\/produit\/gamay\/","name":"Gamay - Rotweine - C\u00e9dric Gaillard - Feuillerage Weingut","isPartOf":{"@id":"https:\/\/www.feuillerage.ch\/de\/#website"},"primaryImageOfPage":{"@id":"https:\/\/www.feuillerage.ch\/de\/produit\/gamay\/#primaryimage"},"image":{"@id":"https:\/\/www.feuillerage.ch\/de\/produit\/gamay\/#primaryimage"},"thumbnailUrl":"https:\/\/www.feuillerage.ch\/wp-content\/uploads\/2019\/08\/Gamay-scaled.jpg","datePublished":"2021-01-20T12:31:03+00:00","dateModified":"2021-01-20T12:31:04+00:00","description":"Der Gamay unseres Weinguts vereint Aromen von Erdbeeren und Himbeeren mit einer leichten Pfeffernote. Besuchen Sie unseren Keller, um diesen \u00fcberraschenden Wein zu entdecken.","breadcrumb":{"@id":"https:\/\/www.feuillerage.ch\/de\/produit\/gamay\/#breadcrumb"},"inLanguage":"de","potentialAction":[{"@type":"ReadAction","target":["https:\/\/www.feuillerage.ch\/de\/produit\/gamay\/"]}]},{"@type":"ImageObject","inLanguage":"de","@id":"https:\/\/www.feuillerage.ch\/de\/produit\/gamay\/#primaryimage","url":"https:\/\/www.feuillerage.ch\/wp-content\/uploads\/2019\/08\/Gamay-scaled.jpg","contentUrl":"https:\/\/www.feuillerage.ch\/wp-content\/uploads\/2019\/08\/Gamay-scaled.jpg","width":1707,"height":2560,"caption":"Flasche Gamay"},{"@type":"BreadcrumbList","@id":"https:\/\/www.feuillerage.ch\/de\/produit\/gamay\/#breadcrumb","itemListElement":[{"@type":"ListItem","position":1,"name":"Accueil","item":"https:\/\/www.feuillerage.ch\/de\/"},{"@type":"ListItem","position":2,"name":"Unsere Weine","item":"https:\/\/www.feuillerage.ch\/de\/unsere-weine\/"},{"@type":"ListItem","position":3,"name":"Gamay"}]},{"@type":"WebSite","@id":"https:\/\/www.feuillerage.ch\/de\/#website","url":"https:\/\/www.feuillerage.ch\/de\/","name":"Feuillerage Weingut","description":"Vignerons sur la C\u00f4te vaudoise","publisher":{"@id":"https:\/\/www.feuillerage.ch\/de\/#organization"},"potentialAction":[{"@type":"SearchAction","target":{"@type":"EntryPoint","urlTemplate":"https:\/\/www.feuillerage.ch\/de\/?s={search_term_string}"},"query-input":{"@type":"PropertyValueSpecification","valueRequired":true,"valueName":"search_term_string"}}],"inLanguage":"de"},{"@type":"Organization","@id":"https:\/\/www.feuillerage.ch\/de\/#organization","name":"Domaine du Feuillerage","url":"https:\/\/www.feuillerage.ch\/de\/","logo":{"@type":"ImageObject","inLanguage":"de","@id":"https:\/\/www.feuillerage.ch\/de\/#\/schema\/logo\/image\/","url":"https:\/\/www.feuillerage.ch\/wp-content\/uploads\/2019\/01\/Logo-encore-petit.png","contentUrl":"https:\/\/www.feuillerage.ch\/wp-content\/uploads\/2019\/01\/Logo-encore-petit.png","width":2880,"height":1824,"caption":"Domaine du Feuillerage"},"image":{"@id":"https:\/\/www.feuillerage.ch\/de\/#\/schema\/logo\/image\/"},"sameAs":["https:\/\/m.facebook.com\/feuillerage\/?ref=ts"]}]}},"_links":{"self":[{"href":"https:\/\/www.feuillerage.ch\/de\/wp-json\/wp\/v2\/product\/237489"}],"collection":[{"href":"https:\/\/www.feuillerage.ch\/de\/wp-json\/wp\/v2\/product"}],"about":[{"href":"https:\/\/www.feuillerage.ch\/de\/wp-json\/wp\/v2\/types\/product"}],"wp:featuredmedia":[{"embeddable":true,"href":"https:\/\/www.feuillerage.ch\/de\/wp-json\/wp\/v2\/media\/237090"}],"wp:attachment":[{"href":"https:\/\/www.feuillerage.ch\/de\/wp-json\/wp\/v2\/media?parent=237489"}],"wp:term":[{"taxonomy":"product_brand","embeddable":true,"href":"https:\/\/www.feuillerage.ch\/de\/wp-json\/wp\/v2\/product_brand?post=237489"},{"taxonomy":"product_cat","embeddable":true,"href":"https:\/\/www.feuillerage.ch\/de\/wp-json\/wp\/v2\/product_cat?post=237489"},{"taxonomy":"product_tag","embeddable":true,"href":"https:\/\/www.feuillerage.ch\/de\/wp-json\/wp\/v2\/product_tag?post=237489"}],"curies":[{"name":"wp","href":"https:\/\/api.w.org\/{rel}","templated":true}]}}