{"id":237539,"date":"2019-08-09T21:30:57","date_gmt":"2019-08-09T19:30:57","guid":{"rendered":"https:\/\/www.feuillerage.ch\/produit\/clos-de-la-dame\/"},"modified":"2021-01-22T18:36:46","modified_gmt":"2021-01-22T17:36:46","slug":"clos-de-la-dame","status":"publish","type":"product","link":"https:\/\/www.feuillerage.ch\/de\/produit\/clos-de-la-dame\/","title":{"rendered":"Clos de la Dame"},"content":{"rendered":"<p>Der Clos de la Dame ist ein ganz besonderes Terroir im Anbaugebiet F\u00e9chy. Sie bringt so gehaltvolle Weine hervor, dass man sie leicht mit einem Chablais oder sogar einem D\u00e9zaley verwechseln k\u00f6nnte. Dieser gastronomische Chasselas zeichnet sich durch seine Karamellnoten, seine Mineralit\u00e4t und seine Rundheit im Mund aus. Es ist ratsam, ihn mit einer Jahresflasche zu trinken, damit er sich voll entfalten kann.<\/p>\n","protected":false},"excerpt":{"rendered":"<p>Der Clos de la Dame ist ein ganz besonderes Terroir im Anbaugebiet F\u00e9chy. Sie bringt so gehaltvolle Weine hervor, dass man sie leicht mit einem Chablais oder sogar einem D\u00e9zaley verwechseln k\u00f6nnte. Dieser gastronomische Chasselas zeichnet sich durch seine Karamellnoten, seine Mineralit\u00e4t und seine Rundheit im Mund aus. Es ist ratsam, ihn mit einer Jahresflasche [&hellip;]<\/p>\n","protected":false},"featured_media":237060,"template":"","meta":{"_acf_changed":false,"_et_pb_use_builder":"on","_et_pb_old_content":"Der Clos de la Dame ist ein ganz besonderes Terroir im Anbaugebiet F\u00e9chy. Sie bringt so gehaltvolle Weine hervor, dass man sie leicht mit einem Chablais oder sogar einem D\u00e9zaley verwechseln k\u00f6nnte. Dieser gastronomische Chasselas zeichnet sich durch seine Karamellnoten, seine Mineralit\u00e4t und seine Rundheit im Mund aus. Es ist ratsam, ihn mit einer Jahresflasche zu trinken, damit er sich voll entfalten kann.","_et_gb_content_width":""},"product_brand":[],"product_cat":[257,112,116],"product_tag":[],"class_list":{"0":"post-237539","1":"product","2":"type-product","3":"status-publish","4":"has-post-thumbnail","6":"product_cat-produit-simple-de","7":"product_cat-die-kollektion-chatelanat","8":"product_cat-weissweine","10":"first","11":"instock","12":"shipping-taxable","13":"purchasable","14":"product-type-variable"},"acf":[],"yoast_head":"<!-- This site is optimized with the Yoast SEO plugin v25.6 - https:\/\/yoast.com\/wordpress\/plugins\/seo\/ -->\n<title>Clos de la Dame - Feuillerage Weingut<\/title>\n<meta name=\"robots\" content=\"index, follow, max-snippet:-1, max-image-preview:large, max-video-preview:-1\" \/>\n<link rel=\"canonical\" href=\"https:\/\/www.feuillerage.ch\/de\/produit\/clos-de-la-dame\/\" \/>\n<meta property=\"og:locale\" content=\"de_DE\" \/>\n<meta property=\"og:type\" content=\"article\" \/>\n<meta property=\"og:title\" content=\"Clos de la Dame - Feuillerage Weingut\" \/>\n<meta property=\"og:description\" content=\"Der Clos de la Dame ist ein ganz besonderes Terroir im Anbaugebiet F\u00e9chy. Sie bringt so gehaltvolle Weine hervor, dass man sie leicht mit einem Chablais oder sogar einem D\u00e9zaley verwechseln k\u00f6nnte. Dieser gastronomische Chasselas zeichnet sich durch seine Karamellnoten, seine Mineralit\u00e4t und seine Rundheit im Mund aus. Es ist ratsam, ihn mit einer Jahresflasche [&hellip;]\" \/>\n<meta property=\"og:url\" content=\"https:\/\/www.feuillerage.ch\/de\/produit\/clos-de-la-dame\/\" \/>\n<meta property=\"og:site_name\" content=\"Feuillerage Weingut\" \/>\n<meta property=\"article:publisher\" content=\"https:\/\/m.facebook.com\/feuillerage\/?ref=ts\" \/>\n<meta property=\"article:modified_time\" content=\"2021-01-22T17:36:46+00:00\" \/>\n<meta property=\"og:image\" content=\"https:\/\/www.feuillerage.ch\/wp-content\/uploads\/2019\/08\/Clos-de-la-Dame.jpg\" \/>\n\t<meta property=\"og:image:width\" content=\"720\" \/>\n\t<meta property=\"og:image:height\" content=\"1080\" \/>\n\t<meta property=\"og:image:type\" content=\"image\/jpeg\" \/>\n<meta name=\"twitter:card\" content=\"summary_large_image\" \/>\n<script type=\"application\/ld+json\" class=\"yoast-schema-graph\">{\"@context\":\"https:\/\/schema.org\",\"@graph\":[{\"@type\":\"WebPage\",\"@id\":\"https:\/\/www.feuillerage.ch\/de\/produit\/clos-de-la-dame\/\",\"url\":\"https:\/\/www.feuillerage.ch\/de\/produit\/clos-de-la-dame\/\",\"name\":\"Clos de la Dame - Feuillerage Weingut\",\"isPartOf\":{\"@id\":\"https:\/\/www.feuillerage.ch\/de\/#website\"},\"primaryImageOfPage\":{\"@id\":\"https:\/\/www.feuillerage.ch\/de\/produit\/clos-de-la-dame\/#primaryimage\"},\"image\":{\"@id\":\"https:\/\/www.feuillerage.ch\/de\/produit\/clos-de-la-dame\/#primaryimage\"},\"thumbnailUrl\":\"https:\/\/www.feuillerage.ch\/wp-content\/uploads\/2019\/08\/Clos-de-la-Dame.jpg\",\"datePublished\":\"2019-08-09T19:30:57+00:00\",\"dateModified\":\"2021-01-22T17:36:46+00:00\",\"breadcrumb\":{\"@id\":\"https:\/\/www.feuillerage.ch\/de\/produit\/clos-de-la-dame\/#breadcrumb\"},\"inLanguage\":\"de\",\"potentialAction\":[{\"@type\":\"ReadAction\",\"target\":[\"https:\/\/www.feuillerage.ch\/de\/produit\/clos-de-la-dame\/\"]}]},{\"@type\":\"ImageObject\",\"inLanguage\":\"de\",\"@id\":\"https:\/\/www.feuillerage.ch\/de\/produit\/clos-de-la-dame\/#primaryimage\",\"url\":\"https:\/\/www.feuillerage.ch\/wp-content\/uploads\/2019\/08\/Clos-de-la-Dame.jpg\",\"contentUrl\":\"https:\/\/www.feuillerage.ch\/wp-content\/uploads\/2019\/08\/Clos-de-la-Dame.jpg\",\"width\":720,\"height\":1080},{\"@type\":\"BreadcrumbList\",\"@id\":\"https:\/\/www.feuillerage.ch\/de\/produit\/clos-de-la-dame\/#breadcrumb\",\"itemListElement\":[{\"@type\":\"ListItem\",\"position\":1,\"name\":\"Accueil\",\"item\":\"https:\/\/www.feuillerage.ch\/de\/\"},{\"@type\":\"ListItem\",\"position\":2,\"name\":\"Unsere Weine\",\"item\":\"https:\/\/www.feuillerage.ch\/de\/unsere-weine\/\"},{\"@type\":\"ListItem\",\"position\":3,\"name\":\"Clos de la Dame\"}]},{\"@type\":\"WebSite\",\"@id\":\"https:\/\/www.feuillerage.ch\/de\/#website\",\"url\":\"https:\/\/www.feuillerage.ch\/de\/\",\"name\":\"Feuillerage Weingut\",\"description\":\"Vignerons sur la C\u00f4te vaudoise\",\"publisher\":{\"@id\":\"https:\/\/www.feuillerage.ch\/de\/#organization\"},\"potentialAction\":[{\"@type\":\"SearchAction\",\"target\":{\"@type\":\"EntryPoint\",\"urlTemplate\":\"https:\/\/www.feuillerage.ch\/de\/?s={search_term_string}\"},\"query-input\":{\"@type\":\"PropertyValueSpecification\",\"valueRequired\":true,\"valueName\":\"search_term_string\"}}],\"inLanguage\":\"de\"},{\"@type\":\"Organization\",\"@id\":\"https:\/\/www.feuillerage.ch\/de\/#organization\",\"name\":\"Domaine du Feuillerage\",\"url\":\"https:\/\/www.feuillerage.ch\/de\/\",\"logo\":{\"@type\":\"ImageObject\",\"inLanguage\":\"de\",\"@id\":\"https:\/\/www.feuillerage.ch\/de\/#\/schema\/logo\/image\/\",\"url\":\"https:\/\/www.feuillerage.ch\/wp-content\/uploads\/2019\/01\/Logo-encore-petit.png\",\"contentUrl\":\"https:\/\/www.feuillerage.ch\/wp-content\/uploads\/2019\/01\/Logo-encore-petit.png\",\"width\":2880,\"height\":1824,\"caption\":\"Domaine du Feuillerage\"},\"image\":{\"@id\":\"https:\/\/www.feuillerage.ch\/de\/#\/schema\/logo\/image\/\"},\"sameAs\":[\"https:\/\/m.facebook.com\/feuillerage\/?ref=ts\"]}]}<\/script>\n<!-- \/ Yoast SEO plugin. -->","yoast_head_json":{"title":"Clos de la Dame - Feuillerage Weingut","robots":{"index":"index","follow":"follow","max-snippet":"max-snippet:-1","max-image-preview":"max-image-preview:large","max-video-preview":"max-video-preview:-1"},"canonical":"https:\/\/www.feuillerage.ch\/de\/produit\/clos-de-la-dame\/","og_locale":"de_DE","og_type":"article","og_title":"Clos de la Dame - Feuillerage Weingut","og_description":"Der Clos de la Dame ist ein ganz besonderes Terroir im Anbaugebiet F\u00e9chy. Sie bringt so gehaltvolle Weine hervor, dass man sie leicht mit einem Chablais oder sogar einem D\u00e9zaley verwechseln k\u00f6nnte. Dieser gastronomische Chasselas zeichnet sich durch seine Karamellnoten, seine Mineralit\u00e4t und seine Rundheit im Mund aus. Es ist ratsam, ihn mit einer Jahresflasche [&hellip;]","og_url":"https:\/\/www.feuillerage.ch\/de\/produit\/clos-de-la-dame\/","og_site_name":"Feuillerage Weingut","article_publisher":"https:\/\/m.facebook.com\/feuillerage\/?ref=ts","article_modified_time":"2021-01-22T17:36:46+00:00","og_image":[{"width":720,"height":1080,"url":"https:\/\/www.feuillerage.ch\/wp-content\/uploads\/2019\/08\/Clos-de-la-Dame.jpg","type":"image\/jpeg"}],"twitter_card":"summary_large_image","schema":{"@context":"https:\/\/schema.org","@graph":[{"@type":"WebPage","@id":"https:\/\/www.feuillerage.ch\/de\/produit\/clos-de-la-dame\/","url":"https:\/\/www.feuillerage.ch\/de\/produit\/clos-de-la-dame\/","name":"Clos de la Dame - Feuillerage Weingut","isPartOf":{"@id":"https:\/\/www.feuillerage.ch\/de\/#website"},"primaryImageOfPage":{"@id":"https:\/\/www.feuillerage.ch\/de\/produit\/clos-de-la-dame\/#primaryimage"},"image":{"@id":"https:\/\/www.feuillerage.ch\/de\/produit\/clos-de-la-dame\/#primaryimage"},"thumbnailUrl":"https:\/\/www.feuillerage.ch\/wp-content\/uploads\/2019\/08\/Clos-de-la-Dame.jpg","datePublished":"2019-08-09T19:30:57+00:00","dateModified":"2021-01-22T17:36:46+00:00","breadcrumb":{"@id":"https:\/\/www.feuillerage.ch\/de\/produit\/clos-de-la-dame\/#breadcrumb"},"inLanguage":"de","potentialAction":[{"@type":"ReadAction","target":["https:\/\/www.feuillerage.ch\/de\/produit\/clos-de-la-dame\/"]}]},{"@type":"ImageObject","inLanguage":"de","@id":"https:\/\/www.feuillerage.ch\/de\/produit\/clos-de-la-dame\/#primaryimage","url":"https:\/\/www.feuillerage.ch\/wp-content\/uploads\/2019\/08\/Clos-de-la-Dame.jpg","contentUrl":"https:\/\/www.feuillerage.ch\/wp-content\/uploads\/2019\/08\/Clos-de-la-Dame.jpg","width":720,"height":1080},{"@type":"BreadcrumbList","@id":"https:\/\/www.feuillerage.ch\/de\/produit\/clos-de-la-dame\/#breadcrumb","itemListElement":[{"@type":"ListItem","position":1,"name":"Accueil","item":"https:\/\/www.feuillerage.ch\/de\/"},{"@type":"ListItem","position":2,"name":"Unsere Weine","item":"https:\/\/www.feuillerage.ch\/de\/unsere-weine\/"},{"@type":"ListItem","position":3,"name":"Clos de la Dame"}]},{"@type":"WebSite","@id":"https:\/\/www.feuillerage.ch\/de\/#website","url":"https:\/\/www.feuillerage.ch\/de\/","name":"Feuillerage Weingut","description":"Vignerons sur la C\u00f4te vaudoise","publisher":{"@id":"https:\/\/www.feuillerage.ch\/de\/#organization"},"potentialAction":[{"@type":"SearchAction","target":{"@type":"EntryPoint","urlTemplate":"https:\/\/www.feuillerage.ch\/de\/?s={search_term_string}"},"query-input":{"@type":"PropertyValueSpecification","valueRequired":true,"valueName":"search_term_string"}}],"inLanguage":"de"},{"@type":"Organization","@id":"https:\/\/www.feuillerage.ch\/de\/#organization","name":"Domaine du Feuillerage","url":"https:\/\/www.feuillerage.ch\/de\/","logo":{"@type":"ImageObject","inLanguage":"de","@id":"https:\/\/www.feuillerage.ch\/de\/#\/schema\/logo\/image\/","url":"https:\/\/www.feuillerage.ch\/wp-content\/uploads\/2019\/01\/Logo-encore-petit.png","contentUrl":"https:\/\/www.feuillerage.ch\/wp-content\/uploads\/2019\/01\/Logo-encore-petit.png","width":2880,"height":1824,"caption":"Domaine du Feuillerage"},"image":{"@id":"https:\/\/www.feuillerage.ch\/de\/#\/schema\/logo\/image\/"},"sameAs":["https:\/\/m.facebook.com\/feuillerage\/?ref=ts"]}]}},"_links":{"self":[{"href":"https:\/\/www.feuillerage.ch\/de\/wp-json\/wp\/v2\/product\/237539"}],"collection":[{"href":"https:\/\/www.feuillerage.ch\/de\/wp-json\/wp\/v2\/product"}],"about":[{"href":"https:\/\/www.feuillerage.ch\/de\/wp-json\/wp\/v2\/types\/product"}],"wp:featuredmedia":[{"embeddable":true,"href":"https:\/\/www.feuillerage.ch\/de\/wp-json\/wp\/v2\/media\/237060"}],"wp:attachment":[{"href":"https:\/\/www.feuillerage.ch\/de\/wp-json\/wp\/v2\/media?parent=237539"}],"wp:term":[{"taxonomy":"product_brand","embeddable":true,"href":"https:\/\/www.feuillerage.ch\/de\/wp-json\/wp\/v2\/product_brand?post=237539"},{"taxonomy":"product_cat","embeddable":true,"href":"https:\/\/www.feuillerage.ch\/de\/wp-json\/wp\/v2\/product_cat?post=237539"},{"taxonomy":"product_tag","embeddable":true,"href":"https:\/\/www.feuillerage.ch\/de\/wp-json\/wp\/v2\/product_tag?post=237539"}],"curies":[{"name":"wp","href":"https:\/\/api.w.org\/{rel}","templated":true}]}}