{"id":237765,"date":"2019-02-25T18:30:42","date_gmt":"2021-02-08T14:45:29","guid":{"rendered":"https:\/\/www.feuillerage.ch\/produit\/passion-spaetburgunder-barrique\/"},"modified":"2021-02-08T15:45:33","modified_gmt":"2021-02-08T14:45:33","slug":"passion-2","status":"publish","type":"product","link":"https:\/\/www.feuillerage.ch\/de\/produit\/passion-2\/","title":{"rendered":"Passion ( Sp\u00e4tburgunder Barrique)"},"content":{"rendered":"<p>Passion ist nicht nur ein Wein, sondern ein Konzept von Wein. Jedes Jahr behalten wir das gleiche Etikett, die gleiche Flasche, den gleichen Preis, aber der Inhalt \u00e4ndert sich. Wir setzen uns daf\u00fcr ein, unseren Beruf von Grund auf zu erforschen. Demzufolge gibt es keine Grenzen, wei\u00df, rot, ros\u00e9, prickelnd, fr\u00fch und warum nicht auch ein Port? Als leidenschaftlicher Z\u00fcchter haben wir nur etwa 40 Ernten in unserem Leben. Eine Ernte, bei der man etwas nicht probiert, ist also eine verschwenderische Ernte.<\/p>\n","protected":false},"excerpt":{"rendered":"<p>Passion ist nicht nur ein Wein, sondern ein Konzept von Wein. Jedes Jahr behalten wir das gleiche Etikett, die gleiche Flasche, den gleichen Preis, aber der Inhalt \u00e4ndert sich. Wir setzen uns daf\u00fcr ein, unseren Beruf von Grund auf zu erforschen. Demzufolge gibt es keine Grenzen, wei\u00df, rot, ros\u00e9, prickelnd, fr\u00fch und warum nicht auch [&hellip;]<\/p>\n","protected":false},"featured_media":237072,"template":"","meta":{"_acf_changed":false,"_et_pb_use_builder":"on","_et_pb_old_content":"","_et_gb_content_width":""},"product_brand":[],"product_cat":[117,116],"product_tag":[],"class_list":{"0":"post-237765","1":"product","2":"type-product","3":"status-publish","4":"has-post-thumbnail","6":"product_cat-die-art-selection","7":"product_cat-weissweine","8":"product_shipping_class-bt","10":"first","11":"instock","12":"shipping-taxable","13":"purchasable","14":"product-type-simple"},"acf":[],"yoast_head":"<!-- This site is optimized with the Yoast SEO plugin v25.6 - https:\/\/yoast.com\/wordpress\/plugins\/seo\/ -->\n<title>Passion ( Sp\u00e4tburgunder Barrique) - Feuillerage Weingut<\/title>\n<meta name=\"robots\" content=\"index, follow, max-snippet:-1, max-image-preview:large, max-video-preview:-1\" \/>\n<link rel=\"canonical\" href=\"https:\/\/www.feuillerage.ch\/de\/produit\/passion-2\/\" \/>\n<meta property=\"og:locale\" content=\"de_DE\" \/>\n<meta property=\"og:type\" content=\"article\" \/>\n<meta property=\"og:title\" content=\"Passion ( Sp\u00e4tburgunder Barrique) - Feuillerage Weingut\" \/>\n<meta property=\"og:description\" content=\"Passion ist nicht nur ein Wein, sondern ein Konzept von Wein. Jedes Jahr behalten wir das gleiche Etikett, die gleiche Flasche, den gleichen Preis, aber der Inhalt \u00e4ndert sich. Wir setzen uns daf\u00fcr ein, unseren Beruf von Grund auf zu erforschen. Demzufolge gibt es keine Grenzen, wei\u00df, rot, ros\u00e9, prickelnd, fr\u00fch und warum nicht auch [&hellip;]\" \/>\n<meta property=\"og:url\" content=\"https:\/\/www.feuillerage.ch\/de\/produit\/passion-2\/\" \/>\n<meta property=\"og:site_name\" content=\"Feuillerage Weingut\" \/>\n<meta property=\"article:publisher\" content=\"https:\/\/m.facebook.com\/feuillerage\/?ref=ts\" \/>\n<meta property=\"article:modified_time\" content=\"2021-02-08T14:45:33+00:00\" \/>\n<meta property=\"og:image\" content=\"https:\/\/www.feuillerage.ch\/wp-content\/uploads\/2019\/02\/passion2.jpg\" \/>\n\t<meta property=\"og:image:width\" content=\"720\" \/>\n\t<meta property=\"og:image:height\" content=\"1080\" \/>\n\t<meta property=\"og:image:type\" content=\"image\/jpeg\" \/>\n<meta name=\"twitter:card\" content=\"summary_large_image\" \/>\n<script type=\"application\/ld+json\" class=\"yoast-schema-graph\">{\"@context\":\"https:\/\/schema.org\",\"@graph\":[{\"@type\":\"WebPage\",\"@id\":\"https:\/\/www.feuillerage.ch\/de\/produit\/passion-2\/\",\"url\":\"https:\/\/www.feuillerage.ch\/de\/produit\/passion-2\/\",\"name\":\"Passion ( Sp\u00e4tburgunder Barrique) - Feuillerage Weingut\",\"isPartOf\":{\"@id\":\"https:\/\/www.feuillerage.ch\/de\/#website\"},\"primaryImageOfPage\":{\"@id\":\"https:\/\/www.feuillerage.ch\/de\/produit\/passion-2\/#primaryimage\"},\"image\":{\"@id\":\"https:\/\/www.feuillerage.ch\/de\/produit\/passion-2\/#primaryimage\"},\"thumbnailUrl\":\"https:\/\/www.feuillerage.ch\/wp-content\/uploads\/2019\/02\/passion2.jpg\",\"datePublished\":\"2021-02-08T14:45:29+00:00\",\"dateModified\":\"2021-02-08T14:45:33+00:00\",\"breadcrumb\":{\"@id\":\"https:\/\/www.feuillerage.ch\/de\/produit\/passion-2\/#breadcrumb\"},\"inLanguage\":\"de\",\"potentialAction\":[{\"@type\":\"ReadAction\",\"target\":[\"https:\/\/www.feuillerage.ch\/de\/produit\/passion-2\/\"]}]},{\"@type\":\"ImageObject\",\"inLanguage\":\"de\",\"@id\":\"https:\/\/www.feuillerage.ch\/de\/produit\/passion-2\/#primaryimage\",\"url\":\"https:\/\/www.feuillerage.ch\/wp-content\/uploads\/2019\/02\/passion2.jpg\",\"contentUrl\":\"https:\/\/www.feuillerage.ch\/wp-content\/uploads\/2019\/02\/passion2.jpg\",\"width\":720,\"height\":1080,\"caption\":\"bouteille de passion\"},{\"@type\":\"BreadcrumbList\",\"@id\":\"https:\/\/www.feuillerage.ch\/de\/produit\/passion-2\/#breadcrumb\",\"itemListElement\":[{\"@type\":\"ListItem\",\"position\":1,\"name\":\"Accueil\",\"item\":\"https:\/\/www.feuillerage.ch\/de\/\"},{\"@type\":\"ListItem\",\"position\":2,\"name\":\"Unsere Weine\",\"item\":\"https:\/\/www.feuillerage.ch\/de\/unsere-weine\/\"},{\"@type\":\"ListItem\",\"position\":3,\"name\":\"Passion ( Sp\u00e4tburgunder Barrique)\"}]},{\"@type\":\"WebSite\",\"@id\":\"https:\/\/www.feuillerage.ch\/de\/#website\",\"url\":\"https:\/\/www.feuillerage.ch\/de\/\",\"name\":\"Feuillerage Weingut\",\"description\":\"Vignerons sur la C\u00f4te vaudoise\",\"publisher\":{\"@id\":\"https:\/\/www.feuillerage.ch\/de\/#organization\"},\"potentialAction\":[{\"@type\":\"SearchAction\",\"target\":{\"@type\":\"EntryPoint\",\"urlTemplate\":\"https:\/\/www.feuillerage.ch\/de\/?s={search_term_string}\"},\"query-input\":{\"@type\":\"PropertyValueSpecification\",\"valueRequired\":true,\"valueName\":\"search_term_string\"}}],\"inLanguage\":\"de\"},{\"@type\":\"Organization\",\"@id\":\"https:\/\/www.feuillerage.ch\/de\/#organization\",\"name\":\"Domaine du Feuillerage\",\"url\":\"https:\/\/www.feuillerage.ch\/de\/\",\"logo\":{\"@type\":\"ImageObject\",\"inLanguage\":\"de\",\"@id\":\"https:\/\/www.feuillerage.ch\/de\/#\/schema\/logo\/image\/\",\"url\":\"https:\/\/www.feuillerage.ch\/wp-content\/uploads\/2019\/01\/Logo-encore-petit.png\",\"contentUrl\":\"https:\/\/www.feuillerage.ch\/wp-content\/uploads\/2019\/01\/Logo-encore-petit.png\",\"width\":2880,\"height\":1824,\"caption\":\"Domaine du Feuillerage\"},\"image\":{\"@id\":\"https:\/\/www.feuillerage.ch\/de\/#\/schema\/logo\/image\/\"},\"sameAs\":[\"https:\/\/m.facebook.com\/feuillerage\/?ref=ts\"]}]}<\/script>\n<!-- \/ Yoast SEO plugin. -->","yoast_head_json":{"title":"Passion ( Sp\u00e4tburgunder Barrique) - Feuillerage Weingut","robots":{"index":"index","follow":"follow","max-snippet":"max-snippet:-1","max-image-preview":"max-image-preview:large","max-video-preview":"max-video-preview:-1"},"canonical":"https:\/\/www.feuillerage.ch\/de\/produit\/passion-2\/","og_locale":"de_DE","og_type":"article","og_title":"Passion ( Sp\u00e4tburgunder Barrique) - Feuillerage Weingut","og_description":"Passion ist nicht nur ein Wein, sondern ein Konzept von Wein. Jedes Jahr behalten wir das gleiche Etikett, die gleiche Flasche, den gleichen Preis, aber der Inhalt \u00e4ndert sich. Wir setzen uns daf\u00fcr ein, unseren Beruf von Grund auf zu erforschen. Demzufolge gibt es keine Grenzen, wei\u00df, rot, ros\u00e9, prickelnd, fr\u00fch und warum nicht auch [&hellip;]","og_url":"https:\/\/www.feuillerage.ch\/de\/produit\/passion-2\/","og_site_name":"Feuillerage Weingut","article_publisher":"https:\/\/m.facebook.com\/feuillerage\/?ref=ts","article_modified_time":"2021-02-08T14:45:33+00:00","og_image":[{"width":720,"height":1080,"url":"https:\/\/www.feuillerage.ch\/wp-content\/uploads\/2019\/02\/passion2.jpg","type":"image\/jpeg"}],"twitter_card":"summary_large_image","schema":{"@context":"https:\/\/schema.org","@graph":[{"@type":"WebPage","@id":"https:\/\/www.feuillerage.ch\/de\/produit\/passion-2\/","url":"https:\/\/www.feuillerage.ch\/de\/produit\/passion-2\/","name":"Passion ( Sp\u00e4tburgunder Barrique) - Feuillerage Weingut","isPartOf":{"@id":"https:\/\/www.feuillerage.ch\/de\/#website"},"primaryImageOfPage":{"@id":"https:\/\/www.feuillerage.ch\/de\/produit\/passion-2\/#primaryimage"},"image":{"@id":"https:\/\/www.feuillerage.ch\/de\/produit\/passion-2\/#primaryimage"},"thumbnailUrl":"https:\/\/www.feuillerage.ch\/wp-content\/uploads\/2019\/02\/passion2.jpg","datePublished":"2021-02-08T14:45:29+00:00","dateModified":"2021-02-08T14:45:33+00:00","breadcrumb":{"@id":"https:\/\/www.feuillerage.ch\/de\/produit\/passion-2\/#breadcrumb"},"inLanguage":"de","potentialAction":[{"@type":"ReadAction","target":["https:\/\/www.feuillerage.ch\/de\/produit\/passion-2\/"]}]},{"@type":"ImageObject","inLanguage":"de","@id":"https:\/\/www.feuillerage.ch\/de\/produit\/passion-2\/#primaryimage","url":"https:\/\/www.feuillerage.ch\/wp-content\/uploads\/2019\/02\/passion2.jpg","contentUrl":"https:\/\/www.feuillerage.ch\/wp-content\/uploads\/2019\/02\/passion2.jpg","width":720,"height":1080,"caption":"bouteille de passion"},{"@type":"BreadcrumbList","@id":"https:\/\/www.feuillerage.ch\/de\/produit\/passion-2\/#breadcrumb","itemListElement":[{"@type":"ListItem","position":1,"name":"Accueil","item":"https:\/\/www.feuillerage.ch\/de\/"},{"@type":"ListItem","position":2,"name":"Unsere Weine","item":"https:\/\/www.feuillerage.ch\/de\/unsere-weine\/"},{"@type":"ListItem","position":3,"name":"Passion ( Sp\u00e4tburgunder Barrique)"}]},{"@type":"WebSite","@id":"https:\/\/www.feuillerage.ch\/de\/#website","url":"https:\/\/www.feuillerage.ch\/de\/","name":"Feuillerage Weingut","description":"Vignerons sur la C\u00f4te vaudoise","publisher":{"@id":"https:\/\/www.feuillerage.ch\/de\/#organization"},"potentialAction":[{"@type":"SearchAction","target":{"@type":"EntryPoint","urlTemplate":"https:\/\/www.feuillerage.ch\/de\/?s={search_term_string}"},"query-input":{"@type":"PropertyValueSpecification","valueRequired":true,"valueName":"search_term_string"}}],"inLanguage":"de"},{"@type":"Organization","@id":"https:\/\/www.feuillerage.ch\/de\/#organization","name":"Domaine du Feuillerage","url":"https:\/\/www.feuillerage.ch\/de\/","logo":{"@type":"ImageObject","inLanguage":"de","@id":"https:\/\/www.feuillerage.ch\/de\/#\/schema\/logo\/image\/","url":"https:\/\/www.feuillerage.ch\/wp-content\/uploads\/2019\/01\/Logo-encore-petit.png","contentUrl":"https:\/\/www.feuillerage.ch\/wp-content\/uploads\/2019\/01\/Logo-encore-petit.png","width":2880,"height":1824,"caption":"Domaine du Feuillerage"},"image":{"@id":"https:\/\/www.feuillerage.ch\/de\/#\/schema\/logo\/image\/"},"sameAs":["https:\/\/m.facebook.com\/feuillerage\/?ref=ts"]}]}},"_links":{"self":[{"href":"https:\/\/www.feuillerage.ch\/de\/wp-json\/wp\/v2\/product\/237765"}],"collection":[{"href":"https:\/\/www.feuillerage.ch\/de\/wp-json\/wp\/v2\/product"}],"about":[{"href":"https:\/\/www.feuillerage.ch\/de\/wp-json\/wp\/v2\/types\/product"}],"wp:featuredmedia":[{"embeddable":true,"href":"https:\/\/www.feuillerage.ch\/de\/wp-json\/wp\/v2\/media\/237072"}],"wp:attachment":[{"href":"https:\/\/www.feuillerage.ch\/de\/wp-json\/wp\/v2\/media?parent=237765"}],"wp:term":[{"taxonomy":"product_brand","embeddable":true,"href":"https:\/\/www.feuillerage.ch\/de\/wp-json\/wp\/v2\/product_brand?post=237765"},{"taxonomy":"product_cat","embeddable":true,"href":"https:\/\/www.feuillerage.ch\/de\/wp-json\/wp\/v2\/product_cat?post=237765"},{"taxonomy":"product_tag","embeddable":true,"href":"https:\/\/www.feuillerage.ch\/de\/wp-json\/wp\/v2\/product_tag?post=237765"}],"curies":[{"name":"wp","href":"https:\/\/api.w.org\/{rel}","templated":true}]}}