{"id":238186,"date":"2019-02-16T21:40:50","date_gmt":"2019-02-16T20:40:50","guid":{"rendered":"https:\/\/www.feuillerage.ch\/produit\/rote-selection\/"},"modified":"2021-05-19T15:32:26","modified_gmt":"2021-05-19T13:32:26","slug":"assemblage-de-vins-rouges","status":"publish","type":"product","link":"https:\/\/www.feuillerage.ch\/de\/produit\/assemblage-de-vins-rouges\/","title":{"rendered":"Rote \u00ab S\u00e9lection \u00bb"},"content":{"rendered":"<p>Diese Rotweinmischung besteht haupts\u00e4chlich aus Cabernet Franc und Gamaret und wird f\u00fcr 24 Monate in Eichenf\u00e4ssern ausgebaut. Seine aromatischen Noten und seine Rundheit im Mund bringen ihn den Weinen aus S\u00fcdeuropa n\u00e4her. Laurent von Confederate Wines hat den 2017er Jahrgang verkostet und erz\u00e4hlt Ihnen <a href=\"https:\/\/vinsconfederes.ch\/degustation-de-fevrier-2020-au-domaine-du-feuillerage\/\">hier davon.<\/a><\/p>\n","protected":false},"excerpt":{"rendered":"<p>Diese Rotweinmischung besteht haupts\u00e4chlich aus Cabernet Franc und Gamaret und wird f\u00fcr 24 Monate in Eichenf\u00e4ssern ausgebaut. Seine aromatischen Noten und seine Rundheit im Mund bringen ihn den Weinen aus S\u00fcdeuropa n\u00e4her. Laurent von Confederate Wines hat den 2017er Jahrgang verkostet und erz\u00e4hlt Ihnen hier davon.<\/p>\n","protected":false},"featured_media":237074,"template":"","meta":{"_acf_changed":false,"_et_pb_use_builder":"","_et_pb_old_content":"","_et_gb_content_width":""},"product_brand":[],"product_cat":[257,117,119],"product_tag":[],"class_list":{"0":"post-238186","1":"product","2":"type-product","3":"status-publish","4":"has-post-thumbnail","6":"product_cat-produit-simple-de","7":"product_cat-die-art-selection","8":"product_cat-rotweine","9":"product_shipping_class-bt","11":"first","12":"instock","13":"shipping-taxable","14":"purchasable","15":"product-type-simple"},"acf":[],"yoast_head":"<!-- This site is optimized with the Yoast SEO plugin v25.6 - https:\/\/yoast.com\/wordpress\/plugins\/seo\/ -->\n<title>Rote \u00ab S\u00e9lection \u00bb - Blending von Rotweinen - Feuillerage Weingut<\/title>\n<meta name=\"description\" content=\"Unsere Rotweinmischung besteht aus Cabernet Franc und Gamaret, die 24 Monate lang in F\u00e4ssern gereift sind. Zu entdecken in unserem Keller.\" \/>\n<meta name=\"robots\" content=\"index, follow, max-snippet:-1, max-image-preview:large, max-video-preview:-1\" \/>\n<link rel=\"canonical\" href=\"https:\/\/www.feuillerage.ch\/de\/produit\/assemblage-de-vins-rouges\/\" \/>\n<meta property=\"og:locale\" content=\"de_DE\" \/>\n<meta property=\"og:type\" content=\"article\" \/>\n<meta property=\"og:title\" content=\"Rote \u00ab S\u00e9lection \u00bb - Blending von Rotweinen - Feuillerage Weingut\" \/>\n<meta property=\"og:description\" content=\"Unsere Rotweinmischung besteht aus Cabernet Franc und Gamaret, die 24 Monate lang in F\u00e4ssern gereift sind. Zu entdecken in unserem Keller.\" \/>\n<meta property=\"og:url\" content=\"https:\/\/www.feuillerage.ch\/de\/produit\/assemblage-de-vins-rouges\/\" \/>\n<meta property=\"og:site_name\" content=\"Feuillerage Weingut\" \/>\n<meta property=\"article:publisher\" content=\"https:\/\/m.facebook.com\/feuillerage\/?ref=ts\" \/>\n<meta property=\"article:modified_time\" content=\"2021-05-19T13:32:26+00:00\" \/>\n<meta property=\"og:image\" content=\"https:\/\/www.feuillerage.ch\/wp-content\/uploads\/2019\/02\/Selection_Rouge3.jpg\" \/>\n\t<meta property=\"og:image:width\" content=\"720\" \/>\n\t<meta property=\"og:image:height\" content=\"1080\" \/>\n\t<meta property=\"og:image:type\" content=\"image\/jpeg\" \/>\n<meta name=\"twitter:card\" content=\"summary_large_image\" \/>\n<meta name=\"twitter:label1\" content=\"Gesch\u00e4tzte Lesezeit\" \/>\n\t<meta name=\"twitter:data1\" content=\"1\u00a0Minute\" \/>\n<script type=\"application\/ld+json\" class=\"yoast-schema-graph\">{\"@context\":\"https:\/\/schema.org\",\"@graph\":[{\"@type\":\"WebPage\",\"@id\":\"https:\/\/www.feuillerage.ch\/de\/produit\/assemblage-de-vins-rouges\/\",\"url\":\"https:\/\/www.feuillerage.ch\/de\/produit\/assemblage-de-vins-rouges\/\",\"name\":\"Rote \u00ab S\u00e9lection \u00bb - Blending von Rotweinen - Feuillerage Weingut\",\"isPartOf\":{\"@id\":\"https:\/\/www.feuillerage.ch\/de\/#website\"},\"primaryImageOfPage\":{\"@id\":\"https:\/\/www.feuillerage.ch\/de\/produit\/assemblage-de-vins-rouges\/#primaryimage\"},\"image\":{\"@id\":\"https:\/\/www.feuillerage.ch\/de\/produit\/assemblage-de-vins-rouges\/#primaryimage\"},\"thumbnailUrl\":\"https:\/\/www.feuillerage.ch\/wp-content\/uploads\/2019\/02\/Selection_Rouge3.jpg\",\"datePublished\":\"2019-02-16T20:40:50+00:00\",\"dateModified\":\"2021-05-19T13:32:26+00:00\",\"description\":\"Unsere Rotweinmischung besteht aus Cabernet Franc und Gamaret, die 24 Monate lang in F\u00e4ssern gereift sind. Zu entdecken in unserem Keller.\",\"breadcrumb\":{\"@id\":\"https:\/\/www.feuillerage.ch\/de\/produit\/assemblage-de-vins-rouges\/#breadcrumb\"},\"inLanguage\":\"de\",\"potentialAction\":[{\"@type\":\"ReadAction\",\"target\":[\"https:\/\/www.feuillerage.ch\/de\/produit\/assemblage-de-vins-rouges\/\"]}]},{\"@type\":\"ImageObject\",\"inLanguage\":\"de\",\"@id\":\"https:\/\/www.feuillerage.ch\/de\/produit\/assemblage-de-vins-rouges\/#primaryimage\",\"url\":\"https:\/\/www.feuillerage.ch\/wp-content\/uploads\/2019\/02\/Selection_Rouge3.jpg\",\"contentUrl\":\"https:\/\/www.feuillerage.ch\/wp-content\/uploads\/2019\/02\/Selection_Rouge3.jpg\",\"width\":720,\"height\":1080,\"caption\":\"Rote \u00ab S\u00e9lection \u00bb\"},{\"@type\":\"BreadcrumbList\",\"@id\":\"https:\/\/www.feuillerage.ch\/de\/produit\/assemblage-de-vins-rouges\/#breadcrumb\",\"itemListElement\":[{\"@type\":\"ListItem\",\"position\":1,\"name\":\"Accueil\",\"item\":\"https:\/\/www.feuillerage.ch\/de\/\"},{\"@type\":\"ListItem\",\"position\":2,\"name\":\"Unsere Weine\",\"item\":\"https:\/\/www.feuillerage.ch\/de\/unsere-weine\/\"},{\"@type\":\"ListItem\",\"position\":3,\"name\":\"Rote \u00ab S\u00e9lection \u00bb\"}]},{\"@type\":\"WebSite\",\"@id\":\"https:\/\/www.feuillerage.ch\/de\/#website\",\"url\":\"https:\/\/www.feuillerage.ch\/de\/\",\"name\":\"Feuillerage Weingut\",\"description\":\"Vignerons sur la C\u00f4te vaudoise\",\"publisher\":{\"@id\":\"https:\/\/www.feuillerage.ch\/de\/#organization\"},\"potentialAction\":[{\"@type\":\"SearchAction\",\"target\":{\"@type\":\"EntryPoint\",\"urlTemplate\":\"https:\/\/www.feuillerage.ch\/de\/?s={search_term_string}\"},\"query-input\":{\"@type\":\"PropertyValueSpecification\",\"valueRequired\":true,\"valueName\":\"search_term_string\"}}],\"inLanguage\":\"de\"},{\"@type\":\"Organization\",\"@id\":\"https:\/\/www.feuillerage.ch\/de\/#organization\",\"name\":\"Domaine du Feuillerage\",\"url\":\"https:\/\/www.feuillerage.ch\/de\/\",\"logo\":{\"@type\":\"ImageObject\",\"inLanguage\":\"de\",\"@id\":\"https:\/\/www.feuillerage.ch\/de\/#\/schema\/logo\/image\/\",\"url\":\"https:\/\/www.feuillerage.ch\/wp-content\/uploads\/2019\/01\/Logo-encore-petit.png\",\"contentUrl\":\"https:\/\/www.feuillerage.ch\/wp-content\/uploads\/2019\/01\/Logo-encore-petit.png\",\"width\":2880,\"height\":1824,\"caption\":\"Domaine du Feuillerage\"},\"image\":{\"@id\":\"https:\/\/www.feuillerage.ch\/de\/#\/schema\/logo\/image\/\"},\"sameAs\":[\"https:\/\/m.facebook.com\/feuillerage\/?ref=ts\"]}]}<\/script>\n<!-- \/ Yoast SEO plugin. -->","yoast_head_json":{"title":"Rote \u00ab S\u00e9lection \u00bb - Blending von Rotweinen - Feuillerage Weingut","description":"Unsere Rotweinmischung besteht aus Cabernet Franc und Gamaret, die 24 Monate lang in F\u00e4ssern gereift sind. Zu entdecken in unserem Keller.","robots":{"index":"index","follow":"follow","max-snippet":"max-snippet:-1","max-image-preview":"max-image-preview:large","max-video-preview":"max-video-preview:-1"},"canonical":"https:\/\/www.feuillerage.ch\/de\/produit\/assemblage-de-vins-rouges\/","og_locale":"de_DE","og_type":"article","og_title":"Rote \u00ab S\u00e9lection \u00bb - Blending von Rotweinen - Feuillerage Weingut","og_description":"Unsere Rotweinmischung besteht aus Cabernet Franc und Gamaret, die 24 Monate lang in F\u00e4ssern gereift sind. Zu entdecken in unserem Keller.","og_url":"https:\/\/www.feuillerage.ch\/de\/produit\/assemblage-de-vins-rouges\/","og_site_name":"Feuillerage Weingut","article_publisher":"https:\/\/m.facebook.com\/feuillerage\/?ref=ts","article_modified_time":"2021-05-19T13:32:26+00:00","og_image":[{"width":720,"height":1080,"url":"https:\/\/www.feuillerage.ch\/wp-content\/uploads\/2019\/02\/Selection_Rouge3.jpg","type":"image\/jpeg"}],"twitter_card":"summary_large_image","twitter_misc":{"Gesch\u00e4tzte Lesezeit":"1\u00a0Minute"},"schema":{"@context":"https:\/\/schema.org","@graph":[{"@type":"WebPage","@id":"https:\/\/www.feuillerage.ch\/de\/produit\/assemblage-de-vins-rouges\/","url":"https:\/\/www.feuillerage.ch\/de\/produit\/assemblage-de-vins-rouges\/","name":"Rote \u00ab S\u00e9lection \u00bb - Blending von Rotweinen - Feuillerage Weingut","isPartOf":{"@id":"https:\/\/www.feuillerage.ch\/de\/#website"},"primaryImageOfPage":{"@id":"https:\/\/www.feuillerage.ch\/de\/produit\/assemblage-de-vins-rouges\/#primaryimage"},"image":{"@id":"https:\/\/www.feuillerage.ch\/de\/produit\/assemblage-de-vins-rouges\/#primaryimage"},"thumbnailUrl":"https:\/\/www.feuillerage.ch\/wp-content\/uploads\/2019\/02\/Selection_Rouge3.jpg","datePublished":"2019-02-16T20:40:50+00:00","dateModified":"2021-05-19T13:32:26+00:00","description":"Unsere Rotweinmischung besteht aus Cabernet Franc und Gamaret, die 24 Monate lang in F\u00e4ssern gereift sind. Zu entdecken in unserem Keller.","breadcrumb":{"@id":"https:\/\/www.feuillerage.ch\/de\/produit\/assemblage-de-vins-rouges\/#breadcrumb"},"inLanguage":"de","potentialAction":[{"@type":"ReadAction","target":["https:\/\/www.feuillerage.ch\/de\/produit\/assemblage-de-vins-rouges\/"]}]},{"@type":"ImageObject","inLanguage":"de","@id":"https:\/\/www.feuillerage.ch\/de\/produit\/assemblage-de-vins-rouges\/#primaryimage","url":"https:\/\/www.feuillerage.ch\/wp-content\/uploads\/2019\/02\/Selection_Rouge3.jpg","contentUrl":"https:\/\/www.feuillerage.ch\/wp-content\/uploads\/2019\/02\/Selection_Rouge3.jpg","width":720,"height":1080,"caption":"Rote \u00ab S\u00e9lection \u00bb"},{"@type":"BreadcrumbList","@id":"https:\/\/www.feuillerage.ch\/de\/produit\/assemblage-de-vins-rouges\/#breadcrumb","itemListElement":[{"@type":"ListItem","position":1,"name":"Accueil","item":"https:\/\/www.feuillerage.ch\/de\/"},{"@type":"ListItem","position":2,"name":"Unsere Weine","item":"https:\/\/www.feuillerage.ch\/de\/unsere-weine\/"},{"@type":"ListItem","position":3,"name":"Rote \u00ab S\u00e9lection \u00bb"}]},{"@type":"WebSite","@id":"https:\/\/www.feuillerage.ch\/de\/#website","url":"https:\/\/www.feuillerage.ch\/de\/","name":"Feuillerage Weingut","description":"Vignerons sur la C\u00f4te vaudoise","publisher":{"@id":"https:\/\/www.feuillerage.ch\/de\/#organization"},"potentialAction":[{"@type":"SearchAction","target":{"@type":"EntryPoint","urlTemplate":"https:\/\/www.feuillerage.ch\/de\/?s={search_term_string}"},"query-input":{"@type":"PropertyValueSpecification","valueRequired":true,"valueName":"search_term_string"}}],"inLanguage":"de"},{"@type":"Organization","@id":"https:\/\/www.feuillerage.ch\/de\/#organization","name":"Domaine du Feuillerage","url":"https:\/\/www.feuillerage.ch\/de\/","logo":{"@type":"ImageObject","inLanguage":"de","@id":"https:\/\/www.feuillerage.ch\/de\/#\/schema\/logo\/image\/","url":"https:\/\/www.feuillerage.ch\/wp-content\/uploads\/2019\/01\/Logo-encore-petit.png","contentUrl":"https:\/\/www.feuillerage.ch\/wp-content\/uploads\/2019\/01\/Logo-encore-petit.png","width":2880,"height":1824,"caption":"Domaine du Feuillerage"},"image":{"@id":"https:\/\/www.feuillerage.ch\/de\/#\/schema\/logo\/image\/"},"sameAs":["https:\/\/m.facebook.com\/feuillerage\/?ref=ts"]}]}},"_links":{"self":[{"href":"https:\/\/www.feuillerage.ch\/de\/wp-json\/wp\/v2\/product\/238186"}],"collection":[{"href":"https:\/\/www.feuillerage.ch\/de\/wp-json\/wp\/v2\/product"}],"about":[{"href":"https:\/\/www.feuillerage.ch\/de\/wp-json\/wp\/v2\/types\/product"}],"wp:featuredmedia":[{"embeddable":true,"href":"https:\/\/www.feuillerage.ch\/de\/wp-json\/wp\/v2\/media\/237074"}],"wp:attachment":[{"href":"https:\/\/www.feuillerage.ch\/de\/wp-json\/wp\/v2\/media?parent=238186"}],"wp:term":[{"taxonomy":"product_brand","embeddable":true,"href":"https:\/\/www.feuillerage.ch\/de\/wp-json\/wp\/v2\/product_brand?post=238186"},{"taxonomy":"product_cat","embeddable":true,"href":"https:\/\/www.feuillerage.ch\/de\/wp-json\/wp\/v2\/product_cat?post=238186"},{"taxonomy":"product_tag","embeddable":true,"href":"https:\/\/www.feuillerage.ch\/de\/wp-json\/wp\/v2\/product_tag?post=238186"}],"curies":[{"name":"wp","href":"https:\/\/api.w.org\/{rel}","templated":true}]}}