{"id":238187,"date":"2019-02-16T21:40:00","date_gmt":"2019-02-16T20:40:00","guid":{"rendered":"https:\/\/www.feuillerage.ch\/produit\/rose-von-gamanoir\/"},"modified":"2021-03-23T11:21:51","modified_gmt":"2021-03-23T10:21:51","slug":"rose-de-gamanoir","status":"publish","type":"product","link":"https:\/\/www.feuillerage.ch\/de\/produit\/rose-de-gamanoir\/","title":{"rendered":"Ros\u00e9 von Gamanoir"},"content":{"rendered":"<p>Dieser Ros\u00e9 ist eine Mischung aus Gamaret und Garanoir. Ganz anders als die Schweizer Ros\u00e9s, erlaubt dieser Wein mit seiner intensiven Farbe und anhaltenden Rundheit, Ihre Sommergerichte mit einem strukturierten Wein zu begleiten, der k\u00fchl serviert werden kann.<\/p>\n","protected":false},"excerpt":{"rendered":"<p>Dieser Ros\u00e9 ist eine Mischung aus Gamaret und Garanoir. Ganz anders als die Schweizer Ros\u00e9s, erlaubt dieser Wein mit seiner intensiven Farbe und anhaltenden Rundheit, Ihre Sommergerichte mit einem strukturierten Wein zu begleiten, der k\u00fchl serviert werden kann.<\/p>\n","protected":false},"featured_media":237058,"template":"","meta":{"_acf_changed":false,"_et_pb_use_builder":"","_et_pb_old_content":"","_et_gb_content_width":""},"product_brand":[],"product_cat":[112,114],"product_tag":[],"class_list":{"0":"post-238187","1":"product","2":"type-product","3":"status-publish","4":"has-post-thumbnail","6":"product_cat-die-kollektion-chatelanat","7":"product_cat-rose-weine","9":"first","10":"instock","11":"shipping-taxable","12":"purchasable","13":"product-type-variable"},"acf":[],"yoast_head":"<!-- This site is optimized with the Yoast SEO plugin v25.6 - https:\/\/yoast.com\/wordpress\/plugins\/seo\/ -->\n<title>Ros\u00e9 von Gamanoir - Feuillerage Weingut<\/title>\n<meta name=\"robots\" content=\"index, follow, max-snippet:-1, max-image-preview:large, max-video-preview:-1\" \/>\n<link rel=\"canonical\" href=\"https:\/\/www.feuillerage.ch\/de\/produit\/rose-de-gamanoir\/\" \/>\n<meta property=\"og:locale\" content=\"de_DE\" \/>\n<meta property=\"og:type\" content=\"article\" \/>\n<meta property=\"og:title\" content=\"Ros\u00e9 von Gamanoir - Feuillerage Weingut\" \/>\n<meta property=\"og:description\" content=\"Dieser Ros\u00e9 ist eine Mischung aus Gamaret und Garanoir. Ganz anders als die Schweizer Ros\u00e9s, erlaubt dieser Wein mit seiner intensiven Farbe und anhaltenden Rundheit, Ihre Sommergerichte mit einem strukturierten Wein zu begleiten, der k\u00fchl serviert werden kann.\" \/>\n<meta property=\"og:url\" content=\"https:\/\/www.feuillerage.ch\/de\/produit\/rose-de-gamanoir\/\" \/>\n<meta property=\"og:site_name\" content=\"Feuillerage Weingut\" \/>\n<meta property=\"article:publisher\" content=\"https:\/\/m.facebook.com\/feuillerage\/?ref=ts\" \/>\n<meta property=\"article:modified_time\" content=\"2021-03-23T10:21:51+00:00\" \/>\n<meta property=\"og:image\" content=\"https:\/\/www.feuillerage.ch\/wp-content\/uploads\/2019\/02\/Gamanoir.jpg\" \/>\n\t<meta property=\"og:image:width\" content=\"720\" \/>\n\t<meta property=\"og:image:height\" content=\"1080\" \/>\n\t<meta property=\"og:image:type\" content=\"image\/jpeg\" \/>\n<meta name=\"twitter:card\" content=\"summary_large_image\" \/>\n<script type=\"application\/ld+json\" class=\"yoast-schema-graph\">{\"@context\":\"https:\/\/schema.org\",\"@graph\":[{\"@type\":\"WebPage\",\"@id\":\"https:\/\/www.feuillerage.ch\/de\/produit\/rose-de-gamanoir\/\",\"url\":\"https:\/\/www.feuillerage.ch\/de\/produit\/rose-de-gamanoir\/\",\"name\":\"Ros\u00e9 von Gamanoir - Feuillerage Weingut\",\"isPartOf\":{\"@id\":\"https:\/\/www.feuillerage.ch\/de\/#website\"},\"primaryImageOfPage\":{\"@id\":\"https:\/\/www.feuillerage.ch\/de\/produit\/rose-de-gamanoir\/#primaryimage\"},\"image\":{\"@id\":\"https:\/\/www.feuillerage.ch\/de\/produit\/rose-de-gamanoir\/#primaryimage\"},\"thumbnailUrl\":\"https:\/\/www.feuillerage.ch\/wp-content\/uploads\/2019\/02\/Gamanoir.jpg\",\"datePublished\":\"2019-02-16T20:40:00+00:00\",\"dateModified\":\"2021-03-23T10:21:51+00:00\",\"breadcrumb\":{\"@id\":\"https:\/\/www.feuillerage.ch\/de\/produit\/rose-de-gamanoir\/#breadcrumb\"},\"inLanguage\":\"de\",\"potentialAction\":[{\"@type\":\"ReadAction\",\"target\":[\"https:\/\/www.feuillerage.ch\/de\/produit\/rose-de-gamanoir\/\"]}]},{\"@type\":\"ImageObject\",\"inLanguage\":\"de\",\"@id\":\"https:\/\/www.feuillerage.ch\/de\/produit\/rose-de-gamanoir\/#primaryimage\",\"url\":\"https:\/\/www.feuillerage.ch\/wp-content\/uploads\/2019\/02\/Gamanoir.jpg\",\"contentUrl\":\"https:\/\/www.feuillerage.ch\/wp-content\/uploads\/2019\/02\/Gamanoir.jpg\",\"width\":720,\"height\":1080},{\"@type\":\"BreadcrumbList\",\"@id\":\"https:\/\/www.feuillerage.ch\/de\/produit\/rose-de-gamanoir\/#breadcrumb\",\"itemListElement\":[{\"@type\":\"ListItem\",\"position\":1,\"name\":\"Accueil\",\"item\":\"https:\/\/www.feuillerage.ch\/de\/\"},{\"@type\":\"ListItem\",\"position\":2,\"name\":\"Unsere Weine\",\"item\":\"https:\/\/www.feuillerage.ch\/de\/unsere-weine\/\"},{\"@type\":\"ListItem\",\"position\":3,\"name\":\"Ros\u00e9 von Gamanoir\"}]},{\"@type\":\"WebSite\",\"@id\":\"https:\/\/www.feuillerage.ch\/de\/#website\",\"url\":\"https:\/\/www.feuillerage.ch\/de\/\",\"name\":\"Feuillerage Weingut\",\"description\":\"Vignerons sur la C\u00f4te vaudoise\",\"publisher\":{\"@id\":\"https:\/\/www.feuillerage.ch\/de\/#organization\"},\"potentialAction\":[{\"@type\":\"SearchAction\",\"target\":{\"@type\":\"EntryPoint\",\"urlTemplate\":\"https:\/\/www.feuillerage.ch\/de\/?s={search_term_string}\"},\"query-input\":{\"@type\":\"PropertyValueSpecification\",\"valueRequired\":true,\"valueName\":\"search_term_string\"}}],\"inLanguage\":\"de\"},{\"@type\":\"Organization\",\"@id\":\"https:\/\/www.feuillerage.ch\/de\/#organization\",\"name\":\"Domaine du Feuillerage\",\"url\":\"https:\/\/www.feuillerage.ch\/de\/\",\"logo\":{\"@type\":\"ImageObject\",\"inLanguage\":\"de\",\"@id\":\"https:\/\/www.feuillerage.ch\/de\/#\/schema\/logo\/image\/\",\"url\":\"https:\/\/www.feuillerage.ch\/wp-content\/uploads\/2019\/01\/Logo-encore-petit.png\",\"contentUrl\":\"https:\/\/www.feuillerage.ch\/wp-content\/uploads\/2019\/01\/Logo-encore-petit.png\",\"width\":2880,\"height\":1824,\"caption\":\"Domaine du Feuillerage\"},\"image\":{\"@id\":\"https:\/\/www.feuillerage.ch\/de\/#\/schema\/logo\/image\/\"},\"sameAs\":[\"https:\/\/m.facebook.com\/feuillerage\/?ref=ts\"]}]}<\/script>\n<!-- \/ Yoast SEO plugin. -->","yoast_head_json":{"title":"Ros\u00e9 von Gamanoir - Feuillerage Weingut","robots":{"index":"index","follow":"follow","max-snippet":"max-snippet:-1","max-image-preview":"max-image-preview:large","max-video-preview":"max-video-preview:-1"},"canonical":"https:\/\/www.feuillerage.ch\/de\/produit\/rose-de-gamanoir\/","og_locale":"de_DE","og_type":"article","og_title":"Ros\u00e9 von Gamanoir - Feuillerage Weingut","og_description":"Dieser Ros\u00e9 ist eine Mischung aus Gamaret und Garanoir. Ganz anders als die Schweizer Ros\u00e9s, erlaubt dieser Wein mit seiner intensiven Farbe und anhaltenden Rundheit, Ihre Sommergerichte mit einem strukturierten Wein zu begleiten, der k\u00fchl serviert werden kann.","og_url":"https:\/\/www.feuillerage.ch\/de\/produit\/rose-de-gamanoir\/","og_site_name":"Feuillerage Weingut","article_publisher":"https:\/\/m.facebook.com\/feuillerage\/?ref=ts","article_modified_time":"2021-03-23T10:21:51+00:00","og_image":[{"width":720,"height":1080,"url":"https:\/\/www.feuillerage.ch\/wp-content\/uploads\/2019\/02\/Gamanoir.jpg","type":"image\/jpeg"}],"twitter_card":"summary_large_image","schema":{"@context":"https:\/\/schema.org","@graph":[{"@type":"WebPage","@id":"https:\/\/www.feuillerage.ch\/de\/produit\/rose-de-gamanoir\/","url":"https:\/\/www.feuillerage.ch\/de\/produit\/rose-de-gamanoir\/","name":"Ros\u00e9 von Gamanoir - Feuillerage Weingut","isPartOf":{"@id":"https:\/\/www.feuillerage.ch\/de\/#website"},"primaryImageOfPage":{"@id":"https:\/\/www.feuillerage.ch\/de\/produit\/rose-de-gamanoir\/#primaryimage"},"image":{"@id":"https:\/\/www.feuillerage.ch\/de\/produit\/rose-de-gamanoir\/#primaryimage"},"thumbnailUrl":"https:\/\/www.feuillerage.ch\/wp-content\/uploads\/2019\/02\/Gamanoir.jpg","datePublished":"2019-02-16T20:40:00+00:00","dateModified":"2021-03-23T10:21:51+00:00","breadcrumb":{"@id":"https:\/\/www.feuillerage.ch\/de\/produit\/rose-de-gamanoir\/#breadcrumb"},"inLanguage":"de","potentialAction":[{"@type":"ReadAction","target":["https:\/\/www.feuillerage.ch\/de\/produit\/rose-de-gamanoir\/"]}]},{"@type":"ImageObject","inLanguage":"de","@id":"https:\/\/www.feuillerage.ch\/de\/produit\/rose-de-gamanoir\/#primaryimage","url":"https:\/\/www.feuillerage.ch\/wp-content\/uploads\/2019\/02\/Gamanoir.jpg","contentUrl":"https:\/\/www.feuillerage.ch\/wp-content\/uploads\/2019\/02\/Gamanoir.jpg","width":720,"height":1080},{"@type":"BreadcrumbList","@id":"https:\/\/www.feuillerage.ch\/de\/produit\/rose-de-gamanoir\/#breadcrumb","itemListElement":[{"@type":"ListItem","position":1,"name":"Accueil","item":"https:\/\/www.feuillerage.ch\/de\/"},{"@type":"ListItem","position":2,"name":"Unsere Weine","item":"https:\/\/www.feuillerage.ch\/de\/unsere-weine\/"},{"@type":"ListItem","position":3,"name":"Ros\u00e9 von Gamanoir"}]},{"@type":"WebSite","@id":"https:\/\/www.feuillerage.ch\/de\/#website","url":"https:\/\/www.feuillerage.ch\/de\/","name":"Feuillerage Weingut","description":"Vignerons sur la C\u00f4te vaudoise","publisher":{"@id":"https:\/\/www.feuillerage.ch\/de\/#organization"},"potentialAction":[{"@type":"SearchAction","target":{"@type":"EntryPoint","urlTemplate":"https:\/\/www.feuillerage.ch\/de\/?s={search_term_string}"},"query-input":{"@type":"PropertyValueSpecification","valueRequired":true,"valueName":"search_term_string"}}],"inLanguage":"de"},{"@type":"Organization","@id":"https:\/\/www.feuillerage.ch\/de\/#organization","name":"Domaine du Feuillerage","url":"https:\/\/www.feuillerage.ch\/de\/","logo":{"@type":"ImageObject","inLanguage":"de","@id":"https:\/\/www.feuillerage.ch\/de\/#\/schema\/logo\/image\/","url":"https:\/\/www.feuillerage.ch\/wp-content\/uploads\/2019\/01\/Logo-encore-petit.png","contentUrl":"https:\/\/www.feuillerage.ch\/wp-content\/uploads\/2019\/01\/Logo-encore-petit.png","width":2880,"height":1824,"caption":"Domaine du Feuillerage"},"image":{"@id":"https:\/\/www.feuillerage.ch\/de\/#\/schema\/logo\/image\/"},"sameAs":["https:\/\/m.facebook.com\/feuillerage\/?ref=ts"]}]}},"_links":{"self":[{"href":"https:\/\/www.feuillerage.ch\/de\/wp-json\/wp\/v2\/product\/238187"}],"collection":[{"href":"https:\/\/www.feuillerage.ch\/de\/wp-json\/wp\/v2\/product"}],"about":[{"href":"https:\/\/www.feuillerage.ch\/de\/wp-json\/wp\/v2\/types\/product"}],"wp:featuredmedia":[{"embeddable":true,"href":"https:\/\/www.feuillerage.ch\/de\/wp-json\/wp\/v2\/media\/237058"}],"wp:attachment":[{"href":"https:\/\/www.feuillerage.ch\/de\/wp-json\/wp\/v2\/media?parent=238187"}],"wp:term":[{"taxonomy":"product_brand","embeddable":true,"href":"https:\/\/www.feuillerage.ch\/de\/wp-json\/wp\/v2\/product_brand?post=238187"},{"taxonomy":"product_cat","embeddable":true,"href":"https:\/\/www.feuillerage.ch\/de\/wp-json\/wp\/v2\/product_cat?post=238187"},{"taxonomy":"product_tag","embeddable":true,"href":"https:\/\/www.feuillerage.ch\/de\/wp-json\/wp\/v2\/product_tag?post=238187"}],"curies":[{"name":"wp","href":"https:\/\/api.w.org\/{rel}","templated":true}]}}