{"id":238900,"date":"2022-04-27T22:04:51","date_gmt":"2022-04-27T20:04:51","guid":{"rendered":"https:\/\/www.feuillerage.ch\/?post_type=product&#038;p=238900"},"modified":"2025-06-01T00:04:53","modified_gmt":"2025-05-31T22:04:53","slug":"boisson-quoi","status":"publish","type":"product","link":"https:\/\/www.feuillerage.ch\/de\/produit\/boisson-quoi\/","title":{"rendered":"Quoi"},"content":{"rendered":"<p>La Quoi est notre nouvelle boisson, fra\u00eeche et faiblement alcoolis\u00e9e, \u00e0 base de bi\u00e8re et de jus de raisin. Id\u00e9al pour tous les ap\u00e9ros de l&#8217;\u00e9t\u00e9.<\/p>\n<p>Ne contient que 3% d&#8217;alcool.<\/p>\n<p>Vendue \u00e0 l&#8217;unit\u00e9 ou par pack de 4 ou de 6.<\/p>\n","protected":false},"excerpt":{"rendered":"<p><img loading=\"lazy\" decoding=\"async\" class=\"alignnone size-full wp-image-238903\" src=\"https:\/\/www.feuillerage.ch\/wp-content\/uploads\/2022\/04\/DSCF6749_reduit.jpg\" alt=\"Quoi\" width=\"900\" height=\"600\" srcset=\"https:\/\/www.feuillerage.ch\/wp-content\/uploads\/2022\/04\/DSCF6749_reduit.jpg 900w, https:\/\/www.feuillerage.ch\/wp-content\/uploads\/2022\/04\/DSCF6749_reduit-480x320.jpg 480w\" sizes=\"(min-width: 0px) and (max-width: 480px) 480px, (min-width: 481px) 900px, 100vw\" \/><\/p>\n","protected":false},"featured_media":240580,"template":"","meta":{"_acf_changed":false,"_et_pb_use_builder":"","_et_pb_old_content":"","_et_gb_content_width":""},"product_brand":[],"product_cat":[215,254],"product_tag":[],"class_list":{"0":"post-238900","1":"product","2":"type-product","3":"status-publish","4":"has-post-thumbnail","6":"product_cat-la-quoi","7":"product_cat-produit-simple","8":"product_shipping_class-quoi","10":"first","11":"instock","12":"shipping-taxable","13":"purchasable","14":"product-type-simple"},"acf":[],"yoast_head":"<!-- This site is optimized with the Yoast SEO plugin v25.6 - https:\/\/yoast.com\/wordpress\/plugins\/seo\/ -->\n<title>Quoi - Feuillerage Weingut<\/title>\n<meta name=\"description\" content=\"La quoi, le m\u00e9lange de la bi\u00e8re de docteur gab&#039;s et le raisin du Feuillerage: une boisson fra\u00eeche et locale. Ne contient que 3% d&#039;alcool.\" \/>\n<meta name=\"robots\" content=\"index, follow, max-snippet:-1, max-image-preview:large, max-video-preview:-1\" \/>\n<link rel=\"canonical\" href=\"https:\/\/www.feuillerage.ch\/produit\/boisson-quoi\/\" \/>\n<meta property=\"og:locale\" content=\"de_DE\" \/>\n<meta property=\"og:type\" content=\"article\" \/>\n<meta property=\"og:title\" content=\"Quoi - Feuillerage Weingut\" \/>\n<meta property=\"og:description\" content=\"La quoi, le m\u00e9lange de la bi\u00e8re de docteur gab&#039;s et le raisin du Feuillerage: une boisson fra\u00eeche et locale. Ne contient que 3% d&#039;alcool.\" \/>\n<meta property=\"og:url\" content=\"https:\/\/www.feuillerage.ch\/produit\/boisson-quoi\/\" \/>\n<meta property=\"og:site_name\" content=\"Feuillerage Weingut\" \/>\n<meta property=\"article:publisher\" content=\"https:\/\/m.facebook.com\/feuillerage\/?ref=ts\" \/>\n<meta property=\"article:modified_time\" content=\"2025-05-31T22:04:53+00:00\" \/>\n<meta property=\"og:image\" content=\"https:\/\/www.feuillerage.ch\/wp-content\/uploads\/2023\/06\/image_site-jpg.webp\" \/>\n\t<meta property=\"og:image:width\" content=\"672\" \/>\n\t<meta property=\"og:image:height\" content=\"672\" \/>\n\t<meta property=\"og:image:type\" content=\"image\/jpeg\" \/>\n<meta name=\"twitter:card\" content=\"summary_large_image\" \/>\n<meta name=\"twitter:label1\" content=\"Gesch\u00e4tzte Lesezeit\" \/>\n\t<meta name=\"twitter:data1\" content=\"1\u00a0Minute\" \/>\n<script type=\"application\/ld+json\" class=\"yoast-schema-graph\">{\"@context\":\"https:\/\/schema.org\",\"@graph\":[{\"@type\":\"WebPage\",\"@id\":\"https:\/\/www.feuillerage.ch\/produit\/boisson-quoi\/\",\"url\":\"https:\/\/www.feuillerage.ch\/produit\/boisson-quoi\/\",\"name\":\"Quoi - Feuillerage Weingut\",\"isPartOf\":{\"@id\":\"https:\/\/www.feuillerage.ch\/de\/#website\"},\"primaryImageOfPage\":{\"@id\":\"https:\/\/www.feuillerage.ch\/produit\/boisson-quoi\/#primaryimage\"},\"image\":{\"@id\":\"https:\/\/www.feuillerage.ch\/produit\/boisson-quoi\/#primaryimage\"},\"thumbnailUrl\":\"https:\/\/www.feuillerage.ch\/wp-content\/uploads\/2023\/06\/image_site-jpg.webp\",\"datePublished\":\"2022-04-27T20:04:51+00:00\",\"dateModified\":\"2025-05-31T22:04:53+00:00\",\"description\":\"La quoi, le m\u00e9lange de la bi\u00e8re de docteur gab's et le raisin du Feuillerage: une boisson fra\u00eeche et locale. Ne contient que 3% d'alcool.\",\"breadcrumb\":{\"@id\":\"https:\/\/www.feuillerage.ch\/produit\/boisson-quoi\/#breadcrumb\"},\"inLanguage\":\"de\",\"potentialAction\":[{\"@type\":\"ReadAction\",\"target\":[\"https:\/\/www.feuillerage.ch\/produit\/boisson-quoi\/\"]}]},{\"@type\":\"ImageObject\",\"inLanguage\":\"de\",\"@id\":\"https:\/\/www.feuillerage.ch\/produit\/boisson-quoi\/#primaryimage\",\"url\":\"https:\/\/www.feuillerage.ch\/wp-content\/uploads\/2023\/06\/image_site-jpg.webp\",\"contentUrl\":\"https:\/\/www.feuillerage.ch\/wp-content\/uploads\/2023\/06\/image_site-jpg.webp\",\"width\":672,\"height\":672,\"caption\":\"Acheter de la Quoi\"},{\"@type\":\"BreadcrumbList\",\"@id\":\"https:\/\/www.feuillerage.ch\/produit\/boisson-quoi\/#breadcrumb\",\"itemListElement\":[{\"@type\":\"ListItem\",\"position\":1,\"name\":\"Accueil\",\"item\":\"https:\/\/www.feuillerage.ch\/de\/\"},{\"@type\":\"ListItem\",\"position\":2,\"name\":\"Unsere Weine\",\"item\":\"https:\/\/www.feuillerage.ch\/de\/unsere-weine\/\"},{\"@type\":\"ListItem\",\"position\":3,\"name\":\"Quoi\"}]},{\"@type\":\"WebSite\",\"@id\":\"https:\/\/www.feuillerage.ch\/de\/#website\",\"url\":\"https:\/\/www.feuillerage.ch\/de\/\",\"name\":\"Feuillerage Weingut\",\"description\":\"Vignerons sur la C\u00f4te vaudoise\",\"publisher\":{\"@id\":\"https:\/\/www.feuillerage.ch\/de\/#organization\"},\"potentialAction\":[{\"@type\":\"SearchAction\",\"target\":{\"@type\":\"EntryPoint\",\"urlTemplate\":\"https:\/\/www.feuillerage.ch\/de\/?s={search_term_string}\"},\"query-input\":{\"@type\":\"PropertyValueSpecification\",\"valueRequired\":true,\"valueName\":\"search_term_string\"}}],\"inLanguage\":\"de\"},{\"@type\":\"Organization\",\"@id\":\"https:\/\/www.feuillerage.ch\/de\/#organization\",\"name\":\"Domaine du Feuillerage\",\"url\":\"https:\/\/www.feuillerage.ch\/de\/\",\"logo\":{\"@type\":\"ImageObject\",\"inLanguage\":\"de\",\"@id\":\"https:\/\/www.feuillerage.ch\/de\/#\/schema\/logo\/image\/\",\"url\":\"https:\/\/www.feuillerage.ch\/wp-content\/uploads\/2019\/01\/Logo-encore-petit.png\",\"contentUrl\":\"https:\/\/www.feuillerage.ch\/wp-content\/uploads\/2019\/01\/Logo-encore-petit.png\",\"width\":2880,\"height\":1824,\"caption\":\"Domaine du Feuillerage\"},\"image\":{\"@id\":\"https:\/\/www.feuillerage.ch\/de\/#\/schema\/logo\/image\/\"},\"sameAs\":[\"https:\/\/m.facebook.com\/feuillerage\/?ref=ts\"]}]}<\/script>\n<!-- \/ Yoast SEO plugin. -->","yoast_head_json":{"title":"Quoi - Feuillerage Weingut","description":"La quoi, le m\u00e9lange de la bi\u00e8re de docteur gab's et le raisin du Feuillerage: une boisson fra\u00eeche et locale. Ne contient que 3% d'alcool.","robots":{"index":"index","follow":"follow","max-snippet":"max-snippet:-1","max-image-preview":"max-image-preview:large","max-video-preview":"max-video-preview:-1"},"canonical":"https:\/\/www.feuillerage.ch\/produit\/boisson-quoi\/","og_locale":"de_DE","og_type":"article","og_title":"Quoi - Feuillerage Weingut","og_description":"La quoi, le m\u00e9lange de la bi\u00e8re de docteur gab's et le raisin du Feuillerage: une boisson fra\u00eeche et locale. Ne contient que 3% d'alcool.","og_url":"https:\/\/www.feuillerage.ch\/produit\/boisson-quoi\/","og_site_name":"Feuillerage Weingut","article_publisher":"https:\/\/m.facebook.com\/feuillerage\/?ref=ts","article_modified_time":"2025-05-31T22:04:53+00:00","og_image":[{"width":672,"height":672,"url":"https:\/\/www.feuillerage.ch\/wp-content\/uploads\/2023\/06\/image_site-jpg.webp","type":"image\/jpeg"}],"twitter_card":"summary_large_image","twitter_misc":{"Gesch\u00e4tzte Lesezeit":"1\u00a0Minute"},"schema":{"@context":"https:\/\/schema.org","@graph":[{"@type":"WebPage","@id":"https:\/\/www.feuillerage.ch\/produit\/boisson-quoi\/","url":"https:\/\/www.feuillerage.ch\/produit\/boisson-quoi\/","name":"Quoi - Feuillerage Weingut","isPartOf":{"@id":"https:\/\/www.feuillerage.ch\/de\/#website"},"primaryImageOfPage":{"@id":"https:\/\/www.feuillerage.ch\/produit\/boisson-quoi\/#primaryimage"},"image":{"@id":"https:\/\/www.feuillerage.ch\/produit\/boisson-quoi\/#primaryimage"},"thumbnailUrl":"https:\/\/www.feuillerage.ch\/wp-content\/uploads\/2023\/06\/image_site-jpg.webp","datePublished":"2022-04-27T20:04:51+00:00","dateModified":"2025-05-31T22:04:53+00:00","description":"La quoi, le m\u00e9lange de la bi\u00e8re de docteur gab's et le raisin du Feuillerage: une boisson fra\u00eeche et locale. Ne contient que 3% d'alcool.","breadcrumb":{"@id":"https:\/\/www.feuillerage.ch\/produit\/boisson-quoi\/#breadcrumb"},"inLanguage":"de","potentialAction":[{"@type":"ReadAction","target":["https:\/\/www.feuillerage.ch\/produit\/boisson-quoi\/"]}]},{"@type":"ImageObject","inLanguage":"de","@id":"https:\/\/www.feuillerage.ch\/produit\/boisson-quoi\/#primaryimage","url":"https:\/\/www.feuillerage.ch\/wp-content\/uploads\/2023\/06\/image_site-jpg.webp","contentUrl":"https:\/\/www.feuillerage.ch\/wp-content\/uploads\/2023\/06\/image_site-jpg.webp","width":672,"height":672,"caption":"Acheter de la Quoi"},{"@type":"BreadcrumbList","@id":"https:\/\/www.feuillerage.ch\/produit\/boisson-quoi\/#breadcrumb","itemListElement":[{"@type":"ListItem","position":1,"name":"Accueil","item":"https:\/\/www.feuillerage.ch\/de\/"},{"@type":"ListItem","position":2,"name":"Unsere Weine","item":"https:\/\/www.feuillerage.ch\/de\/unsere-weine\/"},{"@type":"ListItem","position":3,"name":"Quoi"}]},{"@type":"WebSite","@id":"https:\/\/www.feuillerage.ch\/de\/#website","url":"https:\/\/www.feuillerage.ch\/de\/","name":"Feuillerage Weingut","description":"Vignerons sur la C\u00f4te vaudoise","publisher":{"@id":"https:\/\/www.feuillerage.ch\/de\/#organization"},"potentialAction":[{"@type":"SearchAction","target":{"@type":"EntryPoint","urlTemplate":"https:\/\/www.feuillerage.ch\/de\/?s={search_term_string}"},"query-input":{"@type":"PropertyValueSpecification","valueRequired":true,"valueName":"search_term_string"}}],"inLanguage":"de"},{"@type":"Organization","@id":"https:\/\/www.feuillerage.ch\/de\/#organization","name":"Domaine du Feuillerage","url":"https:\/\/www.feuillerage.ch\/de\/","logo":{"@type":"ImageObject","inLanguage":"de","@id":"https:\/\/www.feuillerage.ch\/de\/#\/schema\/logo\/image\/","url":"https:\/\/www.feuillerage.ch\/wp-content\/uploads\/2019\/01\/Logo-encore-petit.png","contentUrl":"https:\/\/www.feuillerage.ch\/wp-content\/uploads\/2019\/01\/Logo-encore-petit.png","width":2880,"height":1824,"caption":"Domaine du Feuillerage"},"image":{"@id":"https:\/\/www.feuillerage.ch\/de\/#\/schema\/logo\/image\/"},"sameAs":["https:\/\/m.facebook.com\/feuillerage\/?ref=ts"]}]}},"_links":{"self":[{"href":"https:\/\/www.feuillerage.ch\/de\/wp-json\/wp\/v2\/product\/238900"}],"collection":[{"href":"https:\/\/www.feuillerage.ch\/de\/wp-json\/wp\/v2\/product"}],"about":[{"href":"https:\/\/www.feuillerage.ch\/de\/wp-json\/wp\/v2\/types\/product"}],"wp:featuredmedia":[{"embeddable":true,"href":"https:\/\/www.feuillerage.ch\/de\/wp-json\/wp\/v2\/media\/240580"}],"wp:attachment":[{"href":"https:\/\/www.feuillerage.ch\/de\/wp-json\/wp\/v2\/media?parent=238900"}],"wp:term":[{"taxonomy":"product_brand","embeddable":true,"href":"https:\/\/www.feuillerage.ch\/de\/wp-json\/wp\/v2\/product_brand?post=238900"},{"taxonomy":"product_cat","embeddable":true,"href":"https:\/\/www.feuillerage.ch\/de\/wp-json\/wp\/v2\/product_cat?post=238900"},{"taxonomy":"product_tag","embeddable":true,"href":"https:\/\/www.feuillerage.ch\/de\/wp-json\/wp\/v2\/product_tag?post=238900"}],"curies":[{"name":"wp","href":"https:\/\/api.w.org\/{rel}","templated":true}]}}