{"id":241894,"date":"2025-03-27T15:33:04","date_gmt":"2025-03-27T14:33:04","guid":{"rendered":"https:\/\/www.feuillerage.ch\/produit\/la-dame-petillante\/"},"modified":"2025-03-27T17:45:52","modified_gmt":"2025-03-27T16:45:52","slug":"la-dame-petillante","status":"publish","type":"product","link":"https:\/\/www.feuillerage.ch\/de\/produit\/la-dame-petillante\/","title":{"rendered":"La Dame P\u00e9tillante"},"content":{"rendered":"<p>La Dame P\u00e9tillante wird Ihren Sommer verfeinern. Dieser prickelnde Ros\u00e9 aus Gamaret Garanoir ist weich und frisch und wird ein perfekter Begleiter f\u00fcr Ihre Sommerabende sein.<\/p>\n","protected":false},"excerpt":{"rendered":"<p>La Dame P\u00e9tillante wird Ihren Sommer verfeinern. Dieser prickelnde Ros\u00e9 aus Gamaret Garanoir ist weich und frisch und wird ein perfekter Begleiter f\u00fcr Ihre Sommerabende sein.<\/p>\n","protected":false},"featured_media":241960,"template":"","meta":{"_acf_changed":false,"_et_pb_use_builder":"","_et_pb_old_content":"","_et_gb_content_width":""},"product_brand":[],"product_cat":[257,112,113,114],"product_tag":[],"class_list":{"0":"post-241894","1":"product","2":"type-product","3":"status-publish","4":"has-post-thumbnail","6":"product_cat-produit-simple-de","7":"product_cat-die-kollektion-chatelanat","8":"product_cat-die-lieblinge","9":"product_cat-rose-weine","10":"product_shipping_class-bt","12":"first","13":"instock","14":"shipping-taxable","15":"purchasable","16":"product-type-simple"},"acf":[],"yoast_head":"<!-- This site is optimized with the Yoast SEO plugin v25.6 - https:\/\/yoast.com\/wordpress\/plugins\/seo\/ -->\n<title>La Dame P\u00e9tillante - Feuillerage Weingut<\/title>\n<meta name=\"description\" content=\"Ros\u00e9 de Gamaret Garanoir, prickelnd\" \/>\n<meta name=\"robots\" content=\"index, follow, max-snippet:-1, max-image-preview:large, max-video-preview:-1\" \/>\n<link rel=\"canonical\" href=\"https:\/\/www.feuillerage.ch\/de\/produit\/la-dame-petillante\/\" \/>\n<meta property=\"og:locale\" content=\"de_DE\" \/>\n<meta property=\"og:type\" content=\"article\" \/>\n<meta property=\"og:title\" content=\"La Dame P\u00e9tillante - Feuillerage Weingut\" \/>\n<meta property=\"og:description\" content=\"Ros\u00e9 de Gamaret Garanoir, prickelnd\" \/>\n<meta property=\"og:url\" content=\"https:\/\/www.feuillerage.ch\/de\/produit\/la-dame-petillante\/\" \/>\n<meta property=\"og:site_name\" content=\"Feuillerage Weingut\" \/>\n<meta property=\"article:publisher\" content=\"https:\/\/m.facebook.com\/feuillerage\/?ref=ts\" \/>\n<meta property=\"article:modified_time\" content=\"2025-03-27T16:45:52+00:00\" \/>\n<meta property=\"og:image\" content=\"https:\/\/www.feuillerage.ch\/wp-content\/uploads\/2025\/03\/ladame-petillante_2-jpg.avif\" \/>\n\t<meta property=\"og:image:width\" content=\"720\" \/>\n\t<meta property=\"og:image:height\" content=\"1080\" \/>\n\t<meta property=\"og:image:type\" content=\"image\/jpeg\" \/>\n<meta name=\"twitter:card\" content=\"summary_large_image\" \/>\n<script type=\"application\/ld+json\" class=\"yoast-schema-graph\">{\"@context\":\"https:\/\/schema.org\",\"@graph\":[{\"@type\":\"WebPage\",\"@id\":\"https:\/\/www.feuillerage.ch\/de\/produit\/la-dame-petillante\/\",\"url\":\"https:\/\/www.feuillerage.ch\/de\/produit\/la-dame-petillante\/\",\"name\":\"La Dame P\u00e9tillante - Feuillerage Weingut\",\"isPartOf\":{\"@id\":\"https:\/\/www.feuillerage.ch\/de\/#website\"},\"primaryImageOfPage\":{\"@id\":\"https:\/\/www.feuillerage.ch\/de\/produit\/la-dame-petillante\/#primaryimage\"},\"image\":{\"@id\":\"https:\/\/www.feuillerage.ch\/de\/produit\/la-dame-petillante\/#primaryimage\"},\"thumbnailUrl\":\"https:\/\/www.feuillerage.ch\/wp-content\/uploads\/2025\/03\/La_Dame_Petillante_v2-jpg.avif\",\"datePublished\":\"2025-03-27T14:33:04+00:00\",\"dateModified\":\"2025-03-27T16:45:52+00:00\",\"description\":\"Ros\u00e9 de Gamaret Garanoir, prickelnd\",\"breadcrumb\":{\"@id\":\"https:\/\/www.feuillerage.ch\/de\/produit\/la-dame-petillante\/#breadcrumb\"},\"inLanguage\":\"de\",\"potentialAction\":[{\"@type\":\"ReadAction\",\"target\":[\"https:\/\/www.feuillerage.ch\/de\/produit\/la-dame-petillante\/\"]}]},{\"@type\":\"ImageObject\",\"inLanguage\":\"de\",\"@id\":\"https:\/\/www.feuillerage.ch\/de\/produit\/la-dame-petillante\/#primaryimage\",\"url\":\"https:\/\/www.feuillerage.ch\/wp-content\/uploads\/2025\/03\/La_Dame_Petillante_v2-jpg.avif\",\"contentUrl\":\"https:\/\/www.feuillerage.ch\/wp-content\/uploads\/2025\/03\/La_Dame_Petillante_v2-jpg.avif\",\"width\":673,\"height\":1080,\"caption\":\"Bouteille Dame Petillante\"},{\"@type\":\"BreadcrumbList\",\"@id\":\"https:\/\/www.feuillerage.ch\/de\/produit\/la-dame-petillante\/#breadcrumb\",\"itemListElement\":[{\"@type\":\"ListItem\",\"position\":1,\"name\":\"Accueil\",\"item\":\"https:\/\/www.feuillerage.ch\/de\/\"},{\"@type\":\"ListItem\",\"position\":2,\"name\":\"Unsere Weine\",\"item\":\"https:\/\/www.feuillerage.ch\/de\/unsere-weine\/\"},{\"@type\":\"ListItem\",\"position\":3,\"name\":\"La Dame P\u00e9tillante\"}]},{\"@type\":\"WebSite\",\"@id\":\"https:\/\/www.feuillerage.ch\/de\/#website\",\"url\":\"https:\/\/www.feuillerage.ch\/de\/\",\"name\":\"Feuillerage Weingut\",\"description\":\"Vignerons sur la C\u00f4te vaudoise\",\"publisher\":{\"@id\":\"https:\/\/www.feuillerage.ch\/de\/#organization\"},\"potentialAction\":[{\"@type\":\"SearchAction\",\"target\":{\"@type\":\"EntryPoint\",\"urlTemplate\":\"https:\/\/www.feuillerage.ch\/de\/?s={search_term_string}\"},\"query-input\":{\"@type\":\"PropertyValueSpecification\",\"valueRequired\":true,\"valueName\":\"search_term_string\"}}],\"inLanguage\":\"de\"},{\"@type\":\"Organization\",\"@id\":\"https:\/\/www.feuillerage.ch\/de\/#organization\",\"name\":\"Domaine du Feuillerage\",\"url\":\"https:\/\/www.feuillerage.ch\/de\/\",\"logo\":{\"@type\":\"ImageObject\",\"inLanguage\":\"de\",\"@id\":\"https:\/\/www.feuillerage.ch\/de\/#\/schema\/logo\/image\/\",\"url\":\"https:\/\/www.feuillerage.ch\/wp-content\/uploads\/2019\/01\/Logo-encore-petit.png\",\"contentUrl\":\"https:\/\/www.feuillerage.ch\/wp-content\/uploads\/2019\/01\/Logo-encore-petit.png\",\"width\":2880,\"height\":1824,\"caption\":\"Domaine du Feuillerage\"},\"image\":{\"@id\":\"https:\/\/www.feuillerage.ch\/de\/#\/schema\/logo\/image\/\"},\"sameAs\":[\"https:\/\/m.facebook.com\/feuillerage\/?ref=ts\"]}]}<\/script>\n<!-- \/ Yoast SEO plugin. -->","yoast_head_json":{"title":"La Dame P\u00e9tillante - Feuillerage Weingut","description":"Ros\u00e9 de Gamaret Garanoir, prickelnd","robots":{"index":"index","follow":"follow","max-snippet":"max-snippet:-1","max-image-preview":"max-image-preview:large","max-video-preview":"max-video-preview:-1"},"canonical":"https:\/\/www.feuillerage.ch\/de\/produit\/la-dame-petillante\/","og_locale":"de_DE","og_type":"article","og_title":"La Dame P\u00e9tillante - Feuillerage Weingut","og_description":"Ros\u00e9 de Gamaret Garanoir, prickelnd","og_url":"https:\/\/www.feuillerage.ch\/de\/produit\/la-dame-petillante\/","og_site_name":"Feuillerage Weingut","article_publisher":"https:\/\/m.facebook.com\/feuillerage\/?ref=ts","article_modified_time":"2025-03-27T16:45:52+00:00","og_image":[{"width":720,"height":1080,"url":"https:\/\/www.feuillerage.ch\/wp-content\/uploads\/2025\/03\/ladame-petillante_2-jpg.avif","type":"image\/jpeg"}],"twitter_card":"summary_large_image","schema":{"@context":"https:\/\/schema.org","@graph":[{"@type":"WebPage","@id":"https:\/\/www.feuillerage.ch\/de\/produit\/la-dame-petillante\/","url":"https:\/\/www.feuillerage.ch\/de\/produit\/la-dame-petillante\/","name":"La Dame P\u00e9tillante - Feuillerage Weingut","isPartOf":{"@id":"https:\/\/www.feuillerage.ch\/de\/#website"},"primaryImageOfPage":{"@id":"https:\/\/www.feuillerage.ch\/de\/produit\/la-dame-petillante\/#primaryimage"},"image":{"@id":"https:\/\/www.feuillerage.ch\/de\/produit\/la-dame-petillante\/#primaryimage"},"thumbnailUrl":"https:\/\/www.feuillerage.ch\/wp-content\/uploads\/2025\/03\/La_Dame_Petillante_v2-jpg.avif","datePublished":"2025-03-27T14:33:04+00:00","dateModified":"2025-03-27T16:45:52+00:00","description":"Ros\u00e9 de Gamaret Garanoir, prickelnd","breadcrumb":{"@id":"https:\/\/www.feuillerage.ch\/de\/produit\/la-dame-petillante\/#breadcrumb"},"inLanguage":"de","potentialAction":[{"@type":"ReadAction","target":["https:\/\/www.feuillerage.ch\/de\/produit\/la-dame-petillante\/"]}]},{"@type":"ImageObject","inLanguage":"de","@id":"https:\/\/www.feuillerage.ch\/de\/produit\/la-dame-petillante\/#primaryimage","url":"https:\/\/www.feuillerage.ch\/wp-content\/uploads\/2025\/03\/La_Dame_Petillante_v2-jpg.avif","contentUrl":"https:\/\/www.feuillerage.ch\/wp-content\/uploads\/2025\/03\/La_Dame_Petillante_v2-jpg.avif","width":673,"height":1080,"caption":"Bouteille Dame Petillante"},{"@type":"BreadcrumbList","@id":"https:\/\/www.feuillerage.ch\/de\/produit\/la-dame-petillante\/#breadcrumb","itemListElement":[{"@type":"ListItem","position":1,"name":"Accueil","item":"https:\/\/www.feuillerage.ch\/de\/"},{"@type":"ListItem","position":2,"name":"Unsere Weine","item":"https:\/\/www.feuillerage.ch\/de\/unsere-weine\/"},{"@type":"ListItem","position":3,"name":"La Dame P\u00e9tillante"}]},{"@type":"WebSite","@id":"https:\/\/www.feuillerage.ch\/de\/#website","url":"https:\/\/www.feuillerage.ch\/de\/","name":"Feuillerage Weingut","description":"Vignerons sur la C\u00f4te vaudoise","publisher":{"@id":"https:\/\/www.feuillerage.ch\/de\/#organization"},"potentialAction":[{"@type":"SearchAction","target":{"@type":"EntryPoint","urlTemplate":"https:\/\/www.feuillerage.ch\/de\/?s={search_term_string}"},"query-input":{"@type":"PropertyValueSpecification","valueRequired":true,"valueName":"search_term_string"}}],"inLanguage":"de"},{"@type":"Organization","@id":"https:\/\/www.feuillerage.ch\/de\/#organization","name":"Domaine du Feuillerage","url":"https:\/\/www.feuillerage.ch\/de\/","logo":{"@type":"ImageObject","inLanguage":"de","@id":"https:\/\/www.feuillerage.ch\/de\/#\/schema\/logo\/image\/","url":"https:\/\/www.feuillerage.ch\/wp-content\/uploads\/2019\/01\/Logo-encore-petit.png","contentUrl":"https:\/\/www.feuillerage.ch\/wp-content\/uploads\/2019\/01\/Logo-encore-petit.png","width":2880,"height":1824,"caption":"Domaine du Feuillerage"},"image":{"@id":"https:\/\/www.feuillerage.ch\/de\/#\/schema\/logo\/image\/"},"sameAs":["https:\/\/m.facebook.com\/feuillerage\/?ref=ts"]}]}},"_links":{"self":[{"href":"https:\/\/www.feuillerage.ch\/de\/wp-json\/wp\/v2\/product\/241894"}],"collection":[{"href":"https:\/\/www.feuillerage.ch\/de\/wp-json\/wp\/v2\/product"}],"about":[{"href":"https:\/\/www.feuillerage.ch\/de\/wp-json\/wp\/v2\/types\/product"}],"wp:featuredmedia":[{"embeddable":true,"href":"https:\/\/www.feuillerage.ch\/de\/wp-json\/wp\/v2\/media\/241960"}],"wp:attachment":[{"href":"https:\/\/www.feuillerage.ch\/de\/wp-json\/wp\/v2\/media?parent=241894"}],"wp:term":[{"taxonomy":"product_brand","embeddable":true,"href":"https:\/\/www.feuillerage.ch\/de\/wp-json\/wp\/v2\/product_brand?post=241894"},{"taxonomy":"product_cat","embeddable":true,"href":"https:\/\/www.feuillerage.ch\/de\/wp-json\/wp\/v2\/product_cat?post=241894"},{"taxonomy":"product_tag","embeddable":true,"href":"https:\/\/www.feuillerage.ch\/de\/wp-json\/wp\/v2\/product_tag?post=241894"}],"curies":[{"name":"wp","href":"https:\/\/api.w.org\/{rel}","templated":true}]}}