{"id":242544,"date":"2026-01-19T09:55:57","date_gmt":"2026-01-19T08:55:57","guid":{"rendered":"https:\/\/www.feuillerage.ch\/?post_type=product&#038;p=242544"},"modified":"2026-04-09T16:00:47","modified_gmt":"2026-04-09T14:00:47","slug":"doral-copy","status":"publish","type":"product","link":"https:\/\/www.feuillerage.ch\/de\/produit\/doral-copy\/","title":{"rendered":"Selection Orange"},"content":{"rendered":"<p>Die S\u00e9lection Orange ist ein neuer Wein, der im Herbst 2025 in unsere Karte aufgenommen wird.<br data-start=\"189\" data-end=\"192\">Der Orange-Wein wird aus wei\u00dfen Trauben hergestellt, die nach den Prinzipien eines Rotweins vinifiziert werden, mit einer l\u00e4ngeren Mazeration der Schalen.<br data-start=\"332\" data-end=\"335\">F\u00fcr diese Cuv\u00e9e haben wir den Pinot Gris gew\u00e4hlt, eine Rebsorte, die diesem charaktervollen Wein Struktur, aromatische Finesse und eine sch\u00f6ne Komplexit\u00e4t verleiht.<\/p>\n","protected":false},"excerpt":{"rendered":"<p>Die S\u00e9lection Orange ist ein neuer Wein, der im Herbst 2025 in unsere Karte aufgenommen wird.Der Orange-Wein wird aus wei\u00dfen Trauben hergestellt, die nach den Prinzipien eines Rotweins vinifiziert werden, mit einer l\u00e4ngeren Mazeration der Schalen.F\u00fcr diese Cuv\u00e9e haben wir den Pinot Gris gew\u00e4hlt, eine Rebsorte, die diesem charaktervollen Wein Struktur, aromatische Finesse und eine [&hellip;]<\/p>\n","protected":false},"featured_media":237076,"template":"","meta":{"_acf_changed":false,"_et_pb_use_builder":"","_et_pb_old_content":"","_et_gb_content_width":""},"product_brand":[],"product_cat":[257,117,116],"product_tag":[],"class_list":{"0":"post-242544","1":"product","2":"type-product","3":"status-publish","4":"has-post-thumbnail","6":"product_cat-produit-simple-de","7":"product_cat-die-art-selection","8":"product_cat-weissweine","9":"product_shipping_class-bt","11":"first","12":"instock","13":"shipping-taxable","14":"purchasable","15":"product-type-simple"},"acf":[],"yoast_head":"<!-- This site is optimized with the Yoast SEO plugin v25.6 - https:\/\/yoast.com\/wordpress\/plugins\/seo\/ -->\n<title>Selection Orange - Feuillerage Weingut<\/title>\n<meta name=\"description\" content=\"Aus Pinot Gris hergestellter Orangenwein.\" \/>\n<meta name=\"robots\" content=\"index, follow, max-snippet:-1, max-image-preview:large, max-video-preview:-1\" \/>\n<link rel=\"canonical\" href=\"https:\/\/www.feuillerage.ch\/de\/produit\/doral-copy\/\" \/>\n<meta property=\"og:locale\" content=\"de_DE\" \/>\n<meta property=\"og:type\" content=\"article\" \/>\n<meta property=\"og:title\" content=\"Selection Orange - Feuillerage Weingut\" \/>\n<meta property=\"og:description\" content=\"Aus Pinot Gris hergestellter Orangenwein.\" \/>\n<meta property=\"og:url\" content=\"https:\/\/www.feuillerage.ch\/de\/produit\/doral-copy\/\" \/>\n<meta property=\"og:site_name\" content=\"Feuillerage Weingut\" \/>\n<meta property=\"article:publisher\" content=\"https:\/\/m.facebook.com\/feuillerage\/?ref=ts\" \/>\n<meta property=\"article:modified_time\" content=\"2026-04-09T14:00:47+00:00\" \/>\n<meta property=\"og:image\" content=\"https:\/\/www.feuillerage.ch\/wp-content\/uploads\/2019\/02\/Selection_Doral.jpg\" \/>\n\t<meta property=\"og:image:width\" content=\"720\" \/>\n\t<meta property=\"og:image:height\" content=\"1080\" \/>\n\t<meta property=\"og:image:type\" content=\"image\/jpeg\" \/>\n<meta name=\"twitter:card\" content=\"summary_large_image\" \/>\n<script type=\"application\/ld+json\" class=\"yoast-schema-graph\">{\"@context\":\"https:\/\/schema.org\",\"@graph\":[{\"@type\":\"WebPage\",\"@id\":\"https:\/\/www.feuillerage.ch\/de\/produit\/doral-copy\/\",\"url\":\"https:\/\/www.feuillerage.ch\/de\/produit\/doral-copy\/\",\"name\":\"Selection Orange - Feuillerage Weingut\",\"isPartOf\":{\"@id\":\"https:\/\/www.feuillerage.ch\/de\/#website\"},\"primaryImageOfPage\":{\"@id\":\"https:\/\/www.feuillerage.ch\/de\/produit\/doral-copy\/#primaryimage\"},\"image\":{\"@id\":\"https:\/\/www.feuillerage.ch\/de\/produit\/doral-copy\/#primaryimage\"},\"thumbnailUrl\":\"https:\/\/www.feuillerage.ch\/wp-content\/uploads\/2019\/02\/Selection_Doral.jpg\",\"datePublished\":\"2026-01-19T08:55:57+00:00\",\"dateModified\":\"2026-04-09T14:00:47+00:00\",\"description\":\"Aus Pinot Gris hergestellter Orangenwein.\",\"breadcrumb\":{\"@id\":\"https:\/\/www.feuillerage.ch\/de\/produit\/doral-copy\/#breadcrumb\"},\"inLanguage\":\"de\",\"potentialAction\":[{\"@type\":\"ReadAction\",\"target\":[\"https:\/\/www.feuillerage.ch\/de\/produit\/doral-copy\/\"]}]},{\"@type\":\"ImageObject\",\"inLanguage\":\"de\",\"@id\":\"https:\/\/www.feuillerage.ch\/de\/produit\/doral-copy\/#primaryimage\",\"url\":\"https:\/\/www.feuillerage.ch\/wp-content\/uploads\/2019\/02\/Selection_Doral.jpg\",\"contentUrl\":\"https:\/\/www.feuillerage.ch\/wp-content\/uploads\/2019\/02\/Selection_Doral.jpg\",\"width\":720,\"height\":1080,\"caption\":\"Doral du Feuillerage\"},{\"@type\":\"BreadcrumbList\",\"@id\":\"https:\/\/www.feuillerage.ch\/de\/produit\/doral-copy\/#breadcrumb\",\"itemListElement\":[{\"@type\":\"ListItem\",\"position\":1,\"name\":\"Accueil\",\"item\":\"https:\/\/www.feuillerage.ch\/de\/\"},{\"@type\":\"ListItem\",\"position\":2,\"name\":\"Unsere Weine\",\"item\":\"https:\/\/www.feuillerage.ch\/de\/unsere-weine\/\"},{\"@type\":\"ListItem\",\"position\":3,\"name\":\"Selection Orange\"}]},{\"@type\":\"WebSite\",\"@id\":\"https:\/\/www.feuillerage.ch\/de\/#website\",\"url\":\"https:\/\/www.feuillerage.ch\/de\/\",\"name\":\"Feuillerage Weingut\",\"description\":\"Vignerons sur la C\u00f4te vaudoise\",\"publisher\":{\"@id\":\"https:\/\/www.feuillerage.ch\/de\/#organization\"},\"potentialAction\":[{\"@type\":\"SearchAction\",\"target\":{\"@type\":\"EntryPoint\",\"urlTemplate\":\"https:\/\/www.feuillerage.ch\/de\/?s={search_term_string}\"},\"query-input\":{\"@type\":\"PropertyValueSpecification\",\"valueRequired\":true,\"valueName\":\"search_term_string\"}}],\"inLanguage\":\"de\"},{\"@type\":\"Organization\",\"@id\":\"https:\/\/www.feuillerage.ch\/de\/#organization\",\"name\":\"Domaine du Feuillerage\",\"url\":\"https:\/\/www.feuillerage.ch\/de\/\",\"logo\":{\"@type\":\"ImageObject\",\"inLanguage\":\"de\",\"@id\":\"https:\/\/www.feuillerage.ch\/de\/#\/schema\/logo\/image\/\",\"url\":\"https:\/\/www.feuillerage.ch\/wp-content\/uploads\/2019\/01\/Logo-encore-petit.png\",\"contentUrl\":\"https:\/\/www.feuillerage.ch\/wp-content\/uploads\/2019\/01\/Logo-encore-petit.png\",\"width\":2880,\"height\":1824,\"caption\":\"Domaine du Feuillerage\"},\"image\":{\"@id\":\"https:\/\/www.feuillerage.ch\/de\/#\/schema\/logo\/image\/\"},\"sameAs\":[\"https:\/\/m.facebook.com\/feuillerage\/?ref=ts\"]}]}<\/script>\n<!-- \/ Yoast SEO plugin. -->","yoast_head_json":{"title":"Selection Orange - Feuillerage Weingut","description":"Aus Pinot Gris hergestellter Orangenwein.","robots":{"index":"index","follow":"follow","max-snippet":"max-snippet:-1","max-image-preview":"max-image-preview:large","max-video-preview":"max-video-preview:-1"},"canonical":"https:\/\/www.feuillerage.ch\/de\/produit\/doral-copy\/","og_locale":"de_DE","og_type":"article","og_title":"Selection Orange - Feuillerage Weingut","og_description":"Aus Pinot Gris hergestellter Orangenwein.","og_url":"https:\/\/www.feuillerage.ch\/de\/produit\/doral-copy\/","og_site_name":"Feuillerage Weingut","article_publisher":"https:\/\/m.facebook.com\/feuillerage\/?ref=ts","article_modified_time":"2026-04-09T14:00:47+00:00","og_image":[{"width":720,"height":1080,"url":"https:\/\/www.feuillerage.ch\/wp-content\/uploads\/2019\/02\/Selection_Doral.jpg","type":"image\/jpeg"}],"twitter_card":"summary_large_image","schema":{"@context":"https:\/\/schema.org","@graph":[{"@type":"WebPage","@id":"https:\/\/www.feuillerage.ch\/de\/produit\/doral-copy\/","url":"https:\/\/www.feuillerage.ch\/de\/produit\/doral-copy\/","name":"Selection Orange - Feuillerage Weingut","isPartOf":{"@id":"https:\/\/www.feuillerage.ch\/de\/#website"},"primaryImageOfPage":{"@id":"https:\/\/www.feuillerage.ch\/de\/produit\/doral-copy\/#primaryimage"},"image":{"@id":"https:\/\/www.feuillerage.ch\/de\/produit\/doral-copy\/#primaryimage"},"thumbnailUrl":"https:\/\/www.feuillerage.ch\/wp-content\/uploads\/2019\/02\/Selection_Doral.jpg","datePublished":"2026-01-19T08:55:57+00:00","dateModified":"2026-04-09T14:00:47+00:00","description":"Aus Pinot Gris hergestellter Orangenwein.","breadcrumb":{"@id":"https:\/\/www.feuillerage.ch\/de\/produit\/doral-copy\/#breadcrumb"},"inLanguage":"de","potentialAction":[{"@type":"ReadAction","target":["https:\/\/www.feuillerage.ch\/de\/produit\/doral-copy\/"]}]},{"@type":"ImageObject","inLanguage":"de","@id":"https:\/\/www.feuillerage.ch\/de\/produit\/doral-copy\/#primaryimage","url":"https:\/\/www.feuillerage.ch\/wp-content\/uploads\/2019\/02\/Selection_Doral.jpg","contentUrl":"https:\/\/www.feuillerage.ch\/wp-content\/uploads\/2019\/02\/Selection_Doral.jpg","width":720,"height":1080,"caption":"Doral du Feuillerage"},{"@type":"BreadcrumbList","@id":"https:\/\/www.feuillerage.ch\/de\/produit\/doral-copy\/#breadcrumb","itemListElement":[{"@type":"ListItem","position":1,"name":"Accueil","item":"https:\/\/www.feuillerage.ch\/de\/"},{"@type":"ListItem","position":2,"name":"Unsere Weine","item":"https:\/\/www.feuillerage.ch\/de\/unsere-weine\/"},{"@type":"ListItem","position":3,"name":"Selection Orange"}]},{"@type":"WebSite","@id":"https:\/\/www.feuillerage.ch\/de\/#website","url":"https:\/\/www.feuillerage.ch\/de\/","name":"Feuillerage Weingut","description":"Vignerons sur la C\u00f4te vaudoise","publisher":{"@id":"https:\/\/www.feuillerage.ch\/de\/#organization"},"potentialAction":[{"@type":"SearchAction","target":{"@type":"EntryPoint","urlTemplate":"https:\/\/www.feuillerage.ch\/de\/?s={search_term_string}"},"query-input":{"@type":"PropertyValueSpecification","valueRequired":true,"valueName":"search_term_string"}}],"inLanguage":"de"},{"@type":"Organization","@id":"https:\/\/www.feuillerage.ch\/de\/#organization","name":"Domaine du Feuillerage","url":"https:\/\/www.feuillerage.ch\/de\/","logo":{"@type":"ImageObject","inLanguage":"de","@id":"https:\/\/www.feuillerage.ch\/de\/#\/schema\/logo\/image\/","url":"https:\/\/www.feuillerage.ch\/wp-content\/uploads\/2019\/01\/Logo-encore-petit.png","contentUrl":"https:\/\/www.feuillerage.ch\/wp-content\/uploads\/2019\/01\/Logo-encore-petit.png","width":2880,"height":1824,"caption":"Domaine du Feuillerage"},"image":{"@id":"https:\/\/www.feuillerage.ch\/de\/#\/schema\/logo\/image\/"},"sameAs":["https:\/\/m.facebook.com\/feuillerage\/?ref=ts"]}]}},"_links":{"self":[{"href":"https:\/\/www.feuillerage.ch\/de\/wp-json\/wp\/v2\/product\/242544"}],"collection":[{"href":"https:\/\/www.feuillerage.ch\/de\/wp-json\/wp\/v2\/product"}],"about":[{"href":"https:\/\/www.feuillerage.ch\/de\/wp-json\/wp\/v2\/types\/product"}],"wp:featuredmedia":[{"embeddable":true,"href":"https:\/\/www.feuillerage.ch\/de\/wp-json\/wp\/v2\/media\/237076"}],"wp:attachment":[{"href":"https:\/\/www.feuillerage.ch\/de\/wp-json\/wp\/v2\/media?parent=242544"}],"wp:term":[{"taxonomy":"product_brand","embeddable":true,"href":"https:\/\/www.feuillerage.ch\/de\/wp-json\/wp\/v2\/product_brand?post=242544"},{"taxonomy":"product_cat","embeddable":true,"href":"https:\/\/www.feuillerage.ch\/de\/wp-json\/wp\/v2\/product_cat?post=242544"},{"taxonomy":"product_tag","embeddable":true,"href":"https:\/\/www.feuillerage.ch\/de\/wp-json\/wp\/v2\/product_tag?post=242544"}],"curies":[{"name":"wp","href":"https:\/\/api.w.org\/{rel}","templated":true}]}}